{"id":26066,"date":"2025-03-14T01:15:43","date_gmt":"2025-03-13T23:15:43","guid":{"rendered":"https:\/\/livrare-balti.md\/?post_type=product&#038;p=26066"},"modified":"2026-01-25T00:43:46","modified_gmt":"2026-01-24T21:43:46","slug":"sandwich-club","status":"publish","type":"product","link":"https:\/\/livrare-balti.md\/ro\/product\/burger_404\/burger\/sandwich-club\/","title":{"rendered":"DOUBLE HAMBURGER &#038; FRIES"},"content":{"rendered":"<p>&nbsp;<\/p>\n<p>(pork-vita,ro\u0219ie proasp\u0103t\u0103, castravete murat,\u00a0 ro\u0219ie, ceap\u0103 ro\u0219ie,frunz\u0103 de salat\u0103,, chifl\u0103,sosuri + CARTOFI PAI)<br \/>\n469g<\/p>\n","protected":false},"excerpt":{"rendered":"<ul>\n<li><\/li>\n<\/ul>\n","protected":false},"featured_media":29754,"template":"","meta":[],"product_brand":[],"product_cat":[1153,1149],"product_tag":[],"class_list":{"0":"post-26066","1":"product","2":"type-product","3":"status-publish","4":"has-post-thumbnail","6":"product_cat-burger","7":"product_cat-burger_404","8":"product_shipping_class-burger404-dostavka","9":"wpcafe_location-burger_404","11":"first","12":"instock","13":"shipping-taxable","14":"purchasable","15":"product-type-simple"},"aioseo_notices":[],"_links":{"self":[{"href":"https:\/\/livrare-balti.md\/ro\/wp-json\/wp\/v2\/product\/26066","targetHints":{"allow":["GET"]}}],"collection":[{"href":"https:\/\/livrare-balti.md\/ro\/wp-json\/wp\/v2\/product"}],"about":[{"href":"https:\/\/livrare-balti.md\/ro\/wp-json\/wp\/v2\/types\/product"}],"version-history":[{"count":4,"href":"https:\/\/livrare-balti.md\/ro\/wp-json\/wp\/v2\/product\/26066\/revisions"}],"predecessor-version":[{"id":29762,"href":"https:\/\/livrare-balti.md\/ro\/wp-json\/wp\/v2\/product\/26066\/revisions\/29762"}],"wp:featuredmedia":[{"embeddable":true,"href":"https:\/\/livrare-balti.md\/ro\/wp-json\/wp\/v2\/media\/29754"}],"wp:attachment":[{"href":"https:\/\/livrare-balti.md\/ro\/wp-json\/wp\/v2\/media?parent=26066"}],"wp:term":[{"taxonomy":"product_brand","embeddable":true,"href":"https:\/\/livrare-balti.md\/ro\/wp-json\/wp\/v2\/product_brand?post=26066"},{"taxonomy":"product_cat","embeddable":true,"href":"https:\/\/livrare-balti.md\/ro\/wp-json\/wp\/v2\/product_cat?post=26066"},{"taxonomy":"product_tag","embeddable":true,"href":"https:\/\/livrare-balti.md\/ro\/wp-json\/wp\/v2\/product_tag?post=26066"}],"curies":[{"name":"wp","href":"https:\/\/api.w.org\/{rel}","templated":true}]}}