{"id":26062,"date":"2025-03-14T01:13:03","date_gmt":"2025-03-13T23:13:03","guid":{"rendered":"https:\/\/livrare-balti.md\/?post_type=product&#038;p=26062"},"modified":"2025-11-12T01:20:52","modified_gmt":"2025-11-11T22:20:52","slug":"salat-grecheskij-3","status":"publish","type":"product","link":"https:\/\/livrare-balti.md\/ro\/product\/burger_404\/salat-tastypoint\/salat-grecheskij-3\/","title":{"rendered":"SALAT\u0102 GRECEASCA"},"content":{"rendered":"<blockquote><p>\n(ro\u0219ii, castrave\u021bi,ardei dulce, m\u0103sline, oregano, br\u00e2nz\u0103 feta,ulei de m\u0103sline)<br \/>\n300g<\/p><\/blockquote>\n","protected":false},"excerpt":{"rendered":"<p>(ro\u0219ii, castrave\u021bi,ardei dulce, m\u0103sline, oregano, br\u00e2nz\u0103 feta,ulei de m\u0103sline) 300g<\/p>\n","protected":false},"featured_media":27918,"template":"","meta":[],"product_brand":[],"product_cat":[1149,1152],"product_tag":[],"class_list":{"0":"post-26062","1":"product","2":"type-product","3":"status-publish","4":"has-post-thumbnail","6":"product_cat-burger_404","7":"product_cat-salat-tastypoint","8":"product_shipping_class-burger404-dostavka","9":"wpcafe_location-burger_404","11":"first","12":"instock","13":"shipping-taxable","14":"purchasable","15":"product-type-simple"},"aioseo_notices":[],"_links":{"self":[{"href":"https:\/\/livrare-balti.md\/ro\/wp-json\/wp\/v2\/product\/26062","targetHints":{"allow":["GET"]}}],"collection":[{"href":"https:\/\/livrare-balti.md\/ro\/wp-json\/wp\/v2\/product"}],"about":[{"href":"https:\/\/livrare-balti.md\/ro\/wp-json\/wp\/v2\/types\/product"}],"version-history":[{"count":3,"href":"https:\/\/livrare-balti.md\/ro\/wp-json\/wp\/v2\/product\/26062\/revisions"}],"predecessor-version":[{"id":27925,"href":"https:\/\/livrare-balti.md\/ro\/wp-json\/wp\/v2\/product\/26062\/revisions\/27925"}],"wp:featuredmedia":[{"embeddable":true,"href":"https:\/\/livrare-balti.md\/ro\/wp-json\/wp\/v2\/media\/27918"}],"wp:attachment":[{"href":"https:\/\/livrare-balti.md\/ro\/wp-json\/wp\/v2\/media?parent=26062"}],"wp:term":[{"taxonomy":"product_brand","embeddable":true,"href":"https:\/\/livrare-balti.md\/ro\/wp-json\/wp\/v2\/product_brand?post=26062"},{"taxonomy":"product_cat","embeddable":true,"href":"https:\/\/livrare-balti.md\/ro\/wp-json\/wp\/v2\/product_cat?post=26062"},{"taxonomy":"product_tag","embeddable":true,"href":"https:\/\/livrare-balti.md\/ro\/wp-json\/wp\/v2\/product_tag?post=26062"}],"curies":[{"name":"wp","href":"https:\/\/api.w.org\/{rel}","templated":true}]}}