{"id":26060,"date":"2025-03-14T01:11:56","date_gmt":"2025-03-13T23:11:56","guid":{"rendered":"https:\/\/livrare-balti.md\/?post_type=product&#038;p=26060"},"modified":"2025-11-12T01:21:01","modified_gmt":"2025-11-11T22:21:01","slug":"salat-czezar-s-kuriczej-2","status":"publish","type":"product","link":"https:\/\/livrare-balti.md\/ro\/product\/burger_404\/salat-tastypoint\/salat-czezar-s-kuriczej-2\/","title":{"rendered":"SALAT\u0102 CAESAR CU PUI"},"content":{"rendered":"<p>(salat\u0103 iceberg,mix salat\u0103,carne de pui, ou\u0103, pesme\u021bi, ro\u0219ii cherry, parmezan,sos Caesar<br \/>\n300g<\/p>\n","protected":false},"excerpt":{"rendered":"<p>(salat\u0103 iceberg,mix salat\u0103,carne de pui, ou\u0103, pesme\u021bi, ro\u0219ii cherry, parmezan,sos Caesar 300g<\/p>\n","protected":false},"featured_media":27926,"template":"","meta":[],"product_brand":[],"product_cat":[1149,1152],"product_tag":[],"class_list":{"0":"post-26060","1":"product","2":"type-product","3":"status-publish","4":"has-post-thumbnail","6":"product_cat-burger_404","7":"product_cat-salat-tastypoint","8":"product_shipping_class-burger404-dostavka","9":"wpcafe_location-burger_404","11":"first","12":"instock","13":"shipping-taxable","14":"purchasable","15":"product-type-simple"},"aioseo_notices":[],"_links":{"self":[{"href":"https:\/\/livrare-balti.md\/ro\/wp-json\/wp\/v2\/product\/26060","targetHints":{"allow":["GET"]}}],"collection":[{"href":"https:\/\/livrare-balti.md\/ro\/wp-json\/wp\/v2\/product"}],"about":[{"href":"https:\/\/livrare-balti.md\/ro\/wp-json\/wp\/v2\/types\/product"}],"version-history":[{"count":3,"href":"https:\/\/livrare-balti.md\/ro\/wp-json\/wp\/v2\/product\/26060\/revisions"}],"predecessor-version":[{"id":27929,"href":"https:\/\/livrare-balti.md\/ro\/wp-json\/wp\/v2\/product\/26060\/revisions\/27929"}],"wp:featuredmedia":[{"embeddable":true,"href":"https:\/\/livrare-balti.md\/ro\/wp-json\/wp\/v2\/media\/27926"}],"wp:attachment":[{"href":"https:\/\/livrare-balti.md\/ro\/wp-json\/wp\/v2\/media?parent=26060"}],"wp:term":[{"taxonomy":"product_brand","embeddable":true,"href":"https:\/\/livrare-balti.md\/ro\/wp-json\/wp\/v2\/product_brand?post=26060"},{"taxonomy":"product_cat","embeddable":true,"href":"https:\/\/livrare-balti.md\/ro\/wp-json\/wp\/v2\/product_cat?post=26060"},{"taxonomy":"product_tag","embeddable":true,"href":"https:\/\/livrare-balti.md\/ro\/wp-json\/wp\/v2\/product_tag?post=26060"}],"curies":[{"name":"wp","href":"https:\/\/api.w.org\/{rel}","templated":true}]}}