{"id":2596,"date":"2020-11-28T03:01:11","date_gmt":"2020-11-28T00:01:11","guid":{"rendered":"https:\/\/livrare-balti.md\/product\/mamalyga\/"},"modified":"2024-11-12T19:13:26","modified_gmt":"2024-11-12T17:13:26","slug":"mamalyga","status":"publish","type":"product","link":"https:\/\/livrare-balti.md\/ro\/product\/traktir-ro\/garnituri-traktir-ro\/mamalyga\/","title":{"rendered":"M\u0103m\u0103lig\u0103"},"content":{"rendered":"","protected":false},"excerpt":{"rendered":"<p>300 gr+.<\/p>\n","protected":false},"featured_media":18404,"template":"","meta":[],"product_brand":[],"product_cat":[191,188],"product_tag":[472],"class_list":{"0":"post-2596","1":"product","2":"type-product","3":"status-publish","4":"has-post-thumbnail","6":"product_cat-garnituri-traktir-ro","7":"product_cat-traktir-ro","8":"product_tag-garnire-toate","9":"product_shipping_class-traktir-dostavka-ro","10":"wpcafe_location-traktir","12":"first","13":"instock","14":"shipping-taxable","15":"purchasable","16":"product-type-simple"},"aioseo_notices":[],"_links":{"self":[{"href":"https:\/\/livrare-balti.md\/ro\/wp-json\/wp\/v2\/product\/2596","targetHints":{"allow":["GET"]}}],"collection":[{"href":"https:\/\/livrare-balti.md\/ro\/wp-json\/wp\/v2\/product"}],"about":[{"href":"https:\/\/livrare-balti.md\/ro\/wp-json\/wp\/v2\/types\/product"}],"version-history":[{"count":0,"href":"https:\/\/livrare-balti.md\/ro\/wp-json\/wp\/v2\/product\/2596\/revisions"}],"wp:featuredmedia":[{"embeddable":true,"href":"https:\/\/livrare-balti.md\/ro\/wp-json\/wp\/v2\/media\/18404"}],"wp:attachment":[{"href":"https:\/\/livrare-balti.md\/ro\/wp-json\/wp\/v2\/media?parent=2596"}],"wp:term":[{"taxonomy":"product_brand","embeddable":true,"href":"https:\/\/livrare-balti.md\/ro\/wp-json\/wp\/v2\/product_brand?post=2596"},{"taxonomy":"product_cat","embeddable":true,"href":"https:\/\/livrare-balti.md\/ro\/wp-json\/wp\/v2\/product_cat?post=2596"},{"taxonomy":"product_tag","embeddable":true,"href":"https:\/\/livrare-balti.md\/ro\/wp-json\/wp\/v2\/product_tag?post=2596"}],"curies":[{"name":"wp","href":"https:\/\/api.w.org\/{rel}","templated":true}]}}