{"id":25893,"date":"2025-03-13T08:05:01","date_gmt":"2025-03-13T06:05:01","guid":{"rendered":"https:\/\/livrare-balti.md\/?post_type=product&#038;p=25893"},"modified":"2026-01-25T00:45:37","modified_gmt":"2026-01-24T21:45:37","slug":"bere-110-ale","status":"publish","type":"product","link":"https:\/\/livrare-balti.md\/ro\/product\/burger_404\/burger\/bere-110-ale\/","title":{"rendered":"KIDS BURGER COMBO"},"content":{"rendered":"<blockquote>\n<p style=\"text-align: left;\">pork-vita, ro\u0219ie proasp\u0103t\u0103, castravete murat, ro\u0219ie, frunz\u0103 de salat\u0103,chifl\u0103,sosuri, cartofi pai,<br \/>\n+ SUC<br \/>\n300g<\/p>\n<\/blockquote>\n","protected":false},"excerpt":{"rendered":"<p>pork-vita, ro\u0219ie proasp\u0103t\u0103, castravete murat, ro\u0219ie, frunz\u0103 de salat\u0103,chifl\u0103,sosuri, cartofi pai, + SUC 300g<\/p>\n","protected":false},"featured_media":29750,"template":"","meta":[],"product_brand":[],"product_cat":[1153,1149],"product_tag":[],"class_list":{"0":"post-25893","1":"product","2":"type-product","3":"status-publish","4":"has-post-thumbnail","6":"product_cat-burger","7":"product_cat-burger_404","8":"product_shipping_class-burger404-dostavka","9":"wpcafe_location-burger_404","11":"first","12":"instock","13":"shipping-taxable","14":"purchasable","15":"product-type-simple"},"aioseo_notices":[],"_links":{"self":[{"href":"https:\/\/livrare-balti.md\/ro\/wp-json\/wp\/v2\/product\/25893","targetHints":{"allow":["GET"]}}],"collection":[{"href":"https:\/\/livrare-balti.md\/ro\/wp-json\/wp\/v2\/product"}],"about":[{"href":"https:\/\/livrare-balti.md\/ro\/wp-json\/wp\/v2\/types\/product"}],"version-history":[{"count":6,"href":"https:\/\/livrare-balti.md\/ro\/wp-json\/wp\/v2\/product\/25893\/revisions"}],"predecessor-version":[{"id":27990,"href":"https:\/\/livrare-balti.md\/ro\/wp-json\/wp\/v2\/product\/25893\/revisions\/27990"}],"wp:featuredmedia":[{"embeddable":true,"href":"https:\/\/livrare-balti.md\/ro\/wp-json\/wp\/v2\/media\/29750"}],"wp:attachment":[{"href":"https:\/\/livrare-balti.md\/ro\/wp-json\/wp\/v2\/media?parent=25893"}],"wp:term":[{"taxonomy":"product_brand","embeddable":true,"href":"https:\/\/livrare-balti.md\/ro\/wp-json\/wp\/v2\/product_brand?post=25893"},{"taxonomy":"product_cat","embeddable":true,"href":"https:\/\/livrare-balti.md\/ro\/wp-json\/wp\/v2\/product_cat?post=25893"},{"taxonomy":"product_tag","embeddable":true,"href":"https:\/\/livrare-balti.md\/ro\/wp-json\/wp\/v2\/product_tag?post=25893"}],"curies":[{"name":"wp","href":"https:\/\/api.w.org\/{rel}","templated":true}]}}