{"id":25547,"date":"2025-03-01T01:57:13","date_gmt":"2025-02-28T23:57:13","guid":{"rendered":"https:\/\/livrare-balti.md\/?post_type=product&#038;p=25547"},"modified":"2025-03-01T01:57:13","modified_gmt":"2025-02-28T23:57:13","slug":"file-mignon-cu-polenta","status":"publish","type":"product","link":"https:\/\/livrare-balti.md\/ro\/product\/oliva-ro\/carne-si-peste-oliva-ro\/file-mignon-cu-polenta\/","title":{"rendered":"File mignon cu polenta"},"content":{"rendered":"<div class=\"desc\">Mu\u0219chiulet de vit\u0103,ulei,unt,ulei de m\u0103sline,condimente,usturoi,Divin,ciuperci proaspete,p\u0103st\u0103i,fri\u0219c\u0103,polenta,ca\u0219caval Grana Padano<\/div>\n<div class=\"desc\">200\/50\/170 gr<\/div>\n","protected":false},"excerpt":{"rendered":"<p>Mu\u0219chiulet de vit\u0103,ulei,unt,ulei de m\u0103sline,condimente,usturoi,Divin,ciuperci proaspete,p\u0103st\u0103i,fri\u0219c\u0103,polenta,ca\u0219caval Grana Padano 200\/50\/170 gr<\/p>\n","protected":false},"featured_media":25545,"template":"","meta":[],"product_brand":[],"product_cat":[136,48],"product_tag":[797],"class_list":{"0":"post-25547","1":"product","2":"type-product","3":"status-publish","4":"has-post-thumbnail","6":"product_cat-carne-si-peste-oliva-ro","7":"product_cat-oliva","8":"product_tag-vtorye-blyuda-vse-ro","9":"product_shipping_class-oliva-dostavka-ro","10":"wpcafe_location-oliva","12":"first","13":"instock","14":"shipping-taxable","15":"purchasable","16":"product-type-simple"},"aioseo_notices":[],"_links":{"self":[{"href":"https:\/\/livrare-balti.md\/ro\/wp-json\/wp\/v2\/product\/25547","targetHints":{"allow":["GET"]}}],"collection":[{"href":"https:\/\/livrare-balti.md\/ro\/wp-json\/wp\/v2\/product"}],"about":[{"href":"https:\/\/livrare-balti.md\/ro\/wp-json\/wp\/v2\/types\/product"}],"version-history":[{"count":1,"href":"https:\/\/livrare-balti.md\/ro\/wp-json\/wp\/v2\/product\/25547\/revisions"}],"predecessor-version":[{"id":25548,"href":"https:\/\/livrare-balti.md\/ro\/wp-json\/wp\/v2\/product\/25547\/revisions\/25548"}],"wp:featuredmedia":[{"embeddable":true,"href":"https:\/\/livrare-balti.md\/ro\/wp-json\/wp\/v2\/media\/25545"}],"wp:attachment":[{"href":"https:\/\/livrare-balti.md\/ro\/wp-json\/wp\/v2\/media?parent=25547"}],"wp:term":[{"taxonomy":"product_brand","embeddable":true,"href":"https:\/\/livrare-balti.md\/ro\/wp-json\/wp\/v2\/product_brand?post=25547"},{"taxonomy":"product_cat","embeddable":true,"href":"https:\/\/livrare-balti.md\/ro\/wp-json\/wp\/v2\/product_cat?post=25547"},{"taxonomy":"product_tag","embeddable":true,"href":"https:\/\/livrare-balti.md\/ro\/wp-json\/wp\/v2\/product_tag?post=25547"}],"curies":[{"name":"wp","href":"https:\/\/api.w.org\/{rel}","templated":true}]}}