{"id":2458,"date":"2020-11-25T15:26:10","date_gmt":"2020-11-25T12:26:10","guid":{"rendered":"https:\/\/livrare-balti.md\/product\/osobyj-rybnyj-sup-s-syomgoj-i-moreproduktamis\/"},"modified":"2021-10-29T23:34:08","modified_gmt":"2021-10-29T20:34:08","slug":"osobyj-rybnyj-sup-s-syomgoj-i-moreproduktamis","status":"publish","type":"product","link":"https:\/\/livrare-balti.md\/ro\/product\/oliva-ro\/osobyj-rybnyj-sup-s-syomgoj-i-moreproduktamis\/","title":{"rendered":"Sup\u0103 deosebit\u0103 cu fructe de mare \u015fi somon"},"content":{"rendered":"","protected":false},"excerpt":{"rendered":"","protected":false},"featured_media":12562,"template":"","meta":[],"product_brand":[],"product_cat":[121],"product_tag":[286],"class_list":{"0":"post-2458","1":"product","2":"type-product","3":"status-publish","4":"has-post-thumbnail","6":"product_cat-oliva-ro","7":"product_tag-felul-i-toate","8":"wpcafe_location-oliva-ro","10":"first","11":"instock","12":"shipping-taxable","13":"purchasable","14":"product-type-simple"},"aioseo_notices":[],"_links":{"self":[{"href":"https:\/\/livrare-balti.md\/ro\/wp-json\/wp\/v2\/product\/2458","targetHints":{"allow":["GET"]}}],"collection":[{"href":"https:\/\/livrare-balti.md\/ro\/wp-json\/wp\/v2\/product"}],"about":[{"href":"https:\/\/livrare-balti.md\/ro\/wp-json\/wp\/v2\/types\/product"}],"version-history":[{"count":0,"href":"https:\/\/livrare-balti.md\/ro\/wp-json\/wp\/v2\/product\/2458\/revisions"}],"wp:featuredmedia":[{"embeddable":true,"href":"https:\/\/livrare-balti.md\/ro\/wp-json\/wp\/v2\/media\/12562"}],"wp:attachment":[{"href":"https:\/\/livrare-balti.md\/ro\/wp-json\/wp\/v2\/media?parent=2458"}],"wp:term":[{"taxonomy":"product_brand","embeddable":true,"href":"https:\/\/livrare-balti.md\/ro\/wp-json\/wp\/v2\/product_brand?post=2458"},{"taxonomy":"product_cat","embeddable":true,"href":"https:\/\/livrare-balti.md\/ro\/wp-json\/wp\/v2\/product_cat?post=2458"},{"taxonomy":"product_tag","embeddable":true,"href":"https:\/\/livrare-balti.md\/ro\/wp-json\/wp\/v2\/product_tag?post=2458"}],"curies":[{"name":"wp","href":"https:\/\/api.w.org\/{rel}","templated":true}]}}