{"id":2454,"date":"2020-11-25T16:10:38","date_gmt":"2020-11-25T13:10:38","guid":{"rendered":"https:\/\/livrare-balti.md\/product\/sup-s-kuriczej-i-domashnej-lapshoj\/"},"modified":"2022-07-25T00:24:27","modified_gmt":"2022-07-24T21:24:27","slug":"sup-s-kuriczej-i-domashnej-lapshoj","status":"publish","type":"product","link":"https:\/\/livrare-balti.md\/ro\/product\/oliva-ro\/sup-s-kuriczej-i-domashnej-lapshoj\/","title":{"rendered":"Sup\u0103 delicat\u0103 de pui cu bor\u015f de t\u0103r\u00e2\u0163e \u015fi t\u0103i\u0163ei de cas\u0103"},"content":{"rendered":"","protected":false},"excerpt":{"rendered":"<p>390\/30\/30 g<\/p>\n","protected":false},"featured_media":2455,"template":"","meta":[],"product_brand":[],"product_cat":[121],"product_tag":[286],"class_list":{"0":"post-2454","1":"product","2":"type-product","3":"status-publish","4":"has-post-thumbnail","6":"product_cat-oliva-ro","7":"product_tag-felul-i-toate","8":"product_shipping_class-oliva-dostavka-ro","9":"wpcafe_location-oliva-ro","11":"first","12":"instock","13":"shipping-taxable","14":"purchasable","15":"product-type-simple"},"aioseo_notices":[],"_links":{"self":[{"href":"https:\/\/livrare-balti.md\/ro\/wp-json\/wp\/v2\/product\/2454","targetHints":{"allow":["GET"]}}],"collection":[{"href":"https:\/\/livrare-balti.md\/ro\/wp-json\/wp\/v2\/product"}],"about":[{"href":"https:\/\/livrare-balti.md\/ro\/wp-json\/wp\/v2\/types\/product"}],"version-history":[{"count":0,"href":"https:\/\/livrare-balti.md\/ro\/wp-json\/wp\/v2\/product\/2454\/revisions"}],"wp:featuredmedia":[{"embeddable":true,"href":"https:\/\/livrare-balti.md\/ro\/wp-json\/wp\/v2\/media\/2455"}],"wp:attachment":[{"href":"https:\/\/livrare-balti.md\/ro\/wp-json\/wp\/v2\/media?parent=2454"}],"wp:term":[{"taxonomy":"product_brand","embeddable":true,"href":"https:\/\/livrare-balti.md\/ro\/wp-json\/wp\/v2\/product_brand?post=2454"},{"taxonomy":"product_cat","embeddable":true,"href":"https:\/\/livrare-balti.md\/ro\/wp-json\/wp\/v2\/product_cat?post=2454"},{"taxonomy":"product_tag","embeddable":true,"href":"https:\/\/livrare-balti.md\/ro\/wp-json\/wp\/v2\/product_tag?post=2454"}],"curies":[{"name":"wp","href":"https:\/\/api.w.org\/{rel}","templated":true}]}}