{"id":2449,"date":"2020-11-25T16:26:40","date_gmt":"2020-11-25T13:26:40","guid":{"rendered":"https:\/\/livrare-balti.md\/product\/svekolnyj-sup-s-telyatinoj-i-fasolyu\/"},"modified":"2023-06-11T23:33:10","modified_gmt":"2023-06-11T21:33:10","slug":"svekolnyj-sup-s-telyatinoj-i-fasolyu","status":"publish","type":"product","link":"https:\/\/livrare-balti.md\/ro\/product\/oliva-ro\/supe-oliva-ro\/svekolnyj-sup-s-telyatinoj-i-fasolyu\/","title":{"rendered":"Sup\u0103 cu carne de vit\u0103, sfecl\u0103 ro\u015fie \u015fi fasole"},"content":{"rendered":"","protected":false},"excerpt":{"rendered":"<p>360\/30\/30g<\/p>\n","protected":false},"featured_media":2450,"template":"","meta":[],"product_brand":[],"product_cat":[121,143],"product_tag":[286],"class_list":{"0":"post-2449","1":"product","2":"type-product","3":"status-publish","4":"has-post-thumbnail","6":"product_cat-oliva-ro","7":"product_cat-supe-oliva-ro","8":"product_tag-felul-i-toate","9":"product_shipping_class-oliva-dostavka-ro","10":"wpcafe_location-oliva-ro","12":"first","13":"instock","14":"shipping-taxable","15":"purchasable","16":"product-type-simple"},"aioseo_notices":[],"_links":{"self":[{"href":"https:\/\/livrare-balti.md\/ro\/wp-json\/wp\/v2\/product\/2449","targetHints":{"allow":["GET"]}}],"collection":[{"href":"https:\/\/livrare-balti.md\/ro\/wp-json\/wp\/v2\/product"}],"about":[{"href":"https:\/\/livrare-balti.md\/ro\/wp-json\/wp\/v2\/types\/product"}],"version-history":[{"count":0,"href":"https:\/\/livrare-balti.md\/ro\/wp-json\/wp\/v2\/product\/2449\/revisions"}],"wp:featuredmedia":[{"embeddable":true,"href":"https:\/\/livrare-balti.md\/ro\/wp-json\/wp\/v2\/media\/2450"}],"wp:attachment":[{"href":"https:\/\/livrare-balti.md\/ro\/wp-json\/wp\/v2\/media?parent=2449"}],"wp:term":[{"taxonomy":"product_brand","embeddable":true,"href":"https:\/\/livrare-balti.md\/ro\/wp-json\/wp\/v2\/product_brand?post=2449"},{"taxonomy":"product_cat","embeddable":true,"href":"https:\/\/livrare-balti.md\/ro\/wp-json\/wp\/v2\/product_cat?post=2449"},{"taxonomy":"product_tag","embeddable":true,"href":"https:\/\/livrare-balti.md\/ro\/wp-json\/wp\/v2\/product_tag?post=2449"}],"curies":[{"name":"wp","href":"https:\/\/api.w.org\/{rel}","templated":true}]}}