{"id":2370,"date":"2020-11-26T11:00:52","date_gmt":"2020-11-26T08:00:52","guid":{"rendered":"https:\/\/livrare-balti.md\/product\/nezhnyj-pashtet-iz-kurinoj-pecheni-s-karamelizirovannym-lukom-i-chabbatoj\/"},"modified":"2023-06-11T23:35:53","modified_gmt":"2023-06-11T21:35:53","slug":"nezhnyj-pashtet-iz-kurinoj-pecheni-s-karamelizirovannym-lukom-i-chabbatoj","status":"publish","type":"product","link":"https:\/\/livrare-balti.md\/ro\/product\/oliva-ro\/antipasti-ro\/nezhnyj-pashtet-iz-kurinoj-pecheni-s-karamelizirovannym-lukom-i-chabbatoj\/","title":{"rendered":"Pate din ficat de pui cu ceap\u0103 cara &#8211; melizat\u0103, mix de salat\u0103 \u0219i ciabatta"},"content":{"rendered":"","protected":false},"excerpt":{"rendered":"","protected":false},"featured_media":2371,"template":"","meta":[],"product_brand":[],"product_cat":[135,308,121],"product_tag":[282,797,798],"class_list":{"0":"post-2370","1":"product","2":"type-product","3":"status-publish","4":"has-post-thumbnail","6":"product_cat-antipasti-ro","7":"product_cat-antipasti-oliva-ro","8":"product_cat-oliva-ro","9":"product_tag-felul-ii-toate","10":"product_tag-vtorye-blyuda-vse-ro","11":"product_tag-vtorye-blyuda-vse-ro-2","12":"product_shipping_class-oliva-dostavka-ro","13":"wpcafe_location-oliva-ro","15":"first","16":"instock","17":"shipping-taxable","18":"purchasable","19":"product-type-simple"},"aioseo_notices":[],"_links":{"self":[{"href":"https:\/\/livrare-balti.md\/ro\/wp-json\/wp\/v2\/product\/2370","targetHints":{"allow":["GET"]}}],"collection":[{"href":"https:\/\/livrare-balti.md\/ro\/wp-json\/wp\/v2\/product"}],"about":[{"href":"https:\/\/livrare-balti.md\/ro\/wp-json\/wp\/v2\/types\/product"}],"version-history":[{"count":0,"href":"https:\/\/livrare-balti.md\/ro\/wp-json\/wp\/v2\/product\/2370\/revisions"}],"wp:featuredmedia":[{"embeddable":true,"href":"https:\/\/livrare-balti.md\/ro\/wp-json\/wp\/v2\/media\/2371"}],"wp:attachment":[{"href":"https:\/\/livrare-balti.md\/ro\/wp-json\/wp\/v2\/media?parent=2370"}],"wp:term":[{"taxonomy":"product_brand","embeddable":true,"href":"https:\/\/livrare-balti.md\/ro\/wp-json\/wp\/v2\/product_brand?post=2370"},{"taxonomy":"product_cat","embeddable":true,"href":"https:\/\/livrare-balti.md\/ro\/wp-json\/wp\/v2\/product_cat?post=2370"},{"taxonomy":"product_tag","embeddable":true,"href":"https:\/\/livrare-balti.md\/ro\/wp-json\/wp\/v2\/product_tag?post=2370"}],"curies":[{"name":"wp","href":"https:\/\/api.w.org\/{rel}","templated":true}]}}