{"id":2346,"date":"2020-11-26T11:46:49","date_gmt":"2020-11-26T08:46:49","guid":{"rendered":"https:\/\/livrare-balti.md\/product\/svinaya-sheya-sous-vide-s-ovoshhami-grill-pechenym-kartofelem-i-persikovym-sousom-s-chili-2\/"},"modified":"2025-03-01T02:13:45","modified_gmt":"2025-03-01T00:13:45","slug":"svinaya-sheya-sous-vide-s-ovoshhami-grill-pechenym-kartofelem-i-persikovym-sousom-s-chili-2","status":"publish","type":"product","link":"https:\/\/livrare-balti.md\/ro\/product\/oliva-ro\/carne-si-peste-oliva-ro\/svinaya-sheya-sous-vide-s-ovoshhami-grill-pechenym-kartofelem-i-persikovym-sousom-s-chili-2\/","title":{"rendered":"Frig\u0103rui din fructe de mare"},"content":{"rendered":"<div class=\"desc\">Creve\u021bi,calamar,ardei,unt,ananas,ca\u0219caval,fregola,sos de p\u0103trunjel,l\u0103m\u00eee,verdea\u021b\u0103<\/div>\n<div class=\"desc\">100\/95\/20 gr<\/div>\n","protected":false},"excerpt":{"rendered":"<p>Creve\u021bi,calamar,ardei,unt,ananas,ca\u0219caval,fregola,sos de p\u0103trunjel,l\u0103m\u00eee,verdea\u021b\u0103 100\/95\/20 gr<\/p>\n","protected":false},"featured_media":25533,"template":"","meta":[],"product_brand":[],"product_cat":[136,48],"product_tag":[282,797,269],"class_list":{"0":"post-2346","1":"product","2":"type-product","3":"status-publish","4":"has-post-thumbnail","6":"product_cat-carne-si-peste-oliva-ro","7":"product_cat-oliva","8":"product_tag-felul-ii-toate","9":"product_tag-vtorye-blyuda-vse-ro","10":"product_tag-vtorye-blyuda-vse","11":"wpcafe_location-oliva","13":"first","14":"instock","15":"shipping-taxable","16":"purchasable","17":"product-type-simple"},"aioseo_notices":[],"_links":{"self":[{"href":"https:\/\/livrare-balti.md\/ro\/wp-json\/wp\/v2\/product\/2346","targetHints":{"allow":["GET"]}}],"collection":[{"href":"https:\/\/livrare-balti.md\/ro\/wp-json\/wp\/v2\/product"}],"about":[{"href":"https:\/\/livrare-balti.md\/ro\/wp-json\/wp\/v2\/types\/product"}],"version-history":[{"count":1,"href":"https:\/\/livrare-balti.md\/ro\/wp-json\/wp\/v2\/product\/2346\/revisions"}],"predecessor-version":[{"id":25562,"href":"https:\/\/livrare-balti.md\/ro\/wp-json\/wp\/v2\/product\/2346\/revisions\/25562"}],"wp:featuredmedia":[{"embeddable":true,"href":"https:\/\/livrare-balti.md\/ro\/wp-json\/wp\/v2\/media\/25533"}],"wp:attachment":[{"href":"https:\/\/livrare-balti.md\/ro\/wp-json\/wp\/v2\/media?parent=2346"}],"wp:term":[{"taxonomy":"product_brand","embeddable":true,"href":"https:\/\/livrare-balti.md\/ro\/wp-json\/wp\/v2\/product_brand?post=2346"},{"taxonomy":"product_cat","embeddable":true,"href":"https:\/\/livrare-balti.md\/ro\/wp-json\/wp\/v2\/product_cat?post=2346"},{"taxonomy":"product_tag","embeddable":true,"href":"https:\/\/livrare-balti.md\/ro\/wp-json\/wp\/v2\/product_tag?post=2346"}],"curies":[{"name":"wp","href":"https:\/\/api.w.org\/{rel}","templated":true}]}}