{"id":23425,"date":"2024-10-17T01:22:01","date_gmt":"2024-10-16T23:22:01","guid":{"rendered":"https:\/\/livrare-balti.md\/?post_type=product&#038;p=23425"},"modified":"2024-10-17T01:22:01","modified_gmt":"2024-10-16T23:22:01","slug":"piept-de-rata-afumat-dupa-reteta-casei","status":"publish","type":"product","link":"https:\/\/livrare-balti.md\/ro\/product\/goldhouse\/gratar\/piept-de-rata-afumat-dupa-reteta-casei\/","title":{"rendered":"Piept de ra\u0163\u0103 afumat dup\u0103 re\u0163eta casei"},"content":{"rendered":"<p>cu piure de cartofi,brossoli la abur, sos de vin rosu<\/p>\n<p>450 gr<\/p>\n","protected":false},"excerpt":{"rendered":"<p>cu piure de cartofi,brossoli la abur, sos de vin rosu 450 gr<\/p>\n","protected":false},"featured_media":23426,"template":"","meta":[],"product_brand":[],"product_cat":[1097,1104],"product_tag":[],"class_list":{"0":"post-23425","1":"product","2":"type-product","3":"status-publish","4":"has-post-thumbnail","6":"product_cat-goldhouse","7":"product_cat-gratar","8":"product_shipping_class-goldhouse-dostavka","9":"wpcafe_location-goldhouse","11":"first","12":"instock","13":"shipping-taxable","14":"purchasable","15":"product-type-simple"},"aioseo_notices":[],"_links":{"self":[{"href":"https:\/\/livrare-balti.md\/ro\/wp-json\/wp\/v2\/product\/23425","targetHints":{"allow":["GET"]}}],"collection":[{"href":"https:\/\/livrare-balti.md\/ro\/wp-json\/wp\/v2\/product"}],"about":[{"href":"https:\/\/livrare-balti.md\/ro\/wp-json\/wp\/v2\/types\/product"}],"version-history":[{"count":0,"href":"https:\/\/livrare-balti.md\/ro\/wp-json\/wp\/v2\/product\/23425\/revisions"}],"wp:featuredmedia":[{"embeddable":true,"href":"https:\/\/livrare-balti.md\/ro\/wp-json\/wp\/v2\/media\/23426"}],"wp:attachment":[{"href":"https:\/\/livrare-balti.md\/ro\/wp-json\/wp\/v2\/media?parent=23425"}],"wp:term":[{"taxonomy":"product_brand","embeddable":true,"href":"https:\/\/livrare-balti.md\/ro\/wp-json\/wp\/v2\/product_brand?post=23425"},{"taxonomy":"product_cat","embeddable":true,"href":"https:\/\/livrare-balti.md\/ro\/wp-json\/wp\/v2\/product_cat?post=23425"},{"taxonomy":"product_tag","embeddable":true,"href":"https:\/\/livrare-balti.md\/ro\/wp-json\/wp\/v2\/product_tag?post=23425"}],"curies":[{"name":"wp","href":"https:\/\/api.w.org\/{rel}","templated":true}]}}