{"id":23331,"date":"2024-10-17T00:28:06","date_gmt":"2024-10-16T22:28:06","guid":{"rendered":"https:\/\/livrare-balti.md\/?post_type=product&#038;p=23331"},"modified":"2024-10-17T00:28:06","modified_gmt":"2024-10-16T22:28:06","slug":"salata-de-rosii-cu-branza-cremoasa-ceapa-rosie-si-patrunjel","status":"publish","type":"product","link":"https:\/\/livrare-balti.md\/ro\/product\/goldhouse\/salate\/salata-de-rosii-cu-branza-cremoasa-ceapa-rosie-si-patrunjel\/","title":{"rendered":"Salat\u0103 de Ro\u0219ii cu Br\u00e2nz\u0103 Cremoas\u0103, Ceapa Ro\u0219ie \u0219i P\u0103trunjel"},"content":{"rendered":"","protected":false},"excerpt":{"rendered":"","protected":false},"featured_media":23332,"template":"","meta":[],"product_brand":[],"product_cat":[1097,1100],"product_tag":[],"class_list":{"0":"post-23331","1":"product","2":"type-product","3":"status-publish","4":"has-post-thumbnail","6":"product_cat-goldhouse","7":"product_cat-salate","8":"product_shipping_class-goldhouse-dostavka","9":"wpcafe_location-goldhouse","11":"first","12":"instock","13":"shipping-taxable","14":"purchasable","15":"product-type-simple"},"aioseo_notices":[],"_links":{"self":[{"href":"https:\/\/livrare-balti.md\/ro\/wp-json\/wp\/v2\/product\/23331","targetHints":{"allow":["GET"]}}],"collection":[{"href":"https:\/\/livrare-balti.md\/ro\/wp-json\/wp\/v2\/product"}],"about":[{"href":"https:\/\/livrare-balti.md\/ro\/wp-json\/wp\/v2\/types\/product"}],"version-history":[{"count":0,"href":"https:\/\/livrare-balti.md\/ro\/wp-json\/wp\/v2\/product\/23331\/revisions"}],"wp:featuredmedia":[{"embeddable":true,"href":"https:\/\/livrare-balti.md\/ro\/wp-json\/wp\/v2\/media\/23332"}],"wp:attachment":[{"href":"https:\/\/livrare-balti.md\/ro\/wp-json\/wp\/v2\/media?parent=23331"}],"wp:term":[{"taxonomy":"product_brand","embeddable":true,"href":"https:\/\/livrare-balti.md\/ro\/wp-json\/wp\/v2\/product_brand?post=23331"},{"taxonomy":"product_cat","embeddable":true,"href":"https:\/\/livrare-balti.md\/ro\/wp-json\/wp\/v2\/product_cat?post=23331"},{"taxonomy":"product_tag","embeddable":true,"href":"https:\/\/livrare-balti.md\/ro\/wp-json\/wp\/v2\/product_tag?post=23331"}],"curies":[{"name":"wp","href":"https:\/\/api.w.org\/{rel}","templated":true}]}}