{"id":18352,"date":"2023-05-08T22:03:04","date_gmt":"2023-05-08T20:03:04","guid":{"rendered":"https:\/\/livrare-balti.md\/?post_type=product&#038;p=18352"},"modified":"2024-11-12T18:54:04","modified_gmt":"2024-11-12T16:54:04","slug":"costita-in-bucati","status":"publish","type":"product","link":"https:\/\/livrare-balti.md\/ro\/product\/traktir-ro\/felul-ii-traktir-ro\/costita-in-bucati\/","title":{"rendered":"Costi\u021b\u0103 \u00een buc\u0103\u021bi"},"content":{"rendered":"","protected":false},"excerpt":{"rendered":"","protected":false},"featured_media":18351,"template":"","meta":[],"product_brand":[],"product_cat":[190,188],"product_tag":[798,797],"class_list":{"0":"post-18352","1":"product","2":"type-product","3":"status-publish","4":"has-post-thumbnail","6":"product_cat-felul-ii-traktir-ro","7":"product_cat-traktir-ro","8":"product_tag-vtorye-blyuda-vse-ro-2","9":"product_tag-vtorye-blyuda-vse-ro","10":"product_shipping_class-traktir-dostavka-ro","11":"wpcafe_location-traktir-ro","13":"first","14":"instock","15":"shipping-taxable","16":"purchasable","17":"product-type-simple"},"aioseo_notices":[],"_links":{"self":[{"href":"https:\/\/livrare-balti.md\/ro\/wp-json\/wp\/v2\/product\/18352","targetHints":{"allow":["GET"]}}],"collection":[{"href":"https:\/\/livrare-balti.md\/ro\/wp-json\/wp\/v2\/product"}],"about":[{"href":"https:\/\/livrare-balti.md\/ro\/wp-json\/wp\/v2\/types\/product"}],"version-history":[{"count":0,"href":"https:\/\/livrare-balti.md\/ro\/wp-json\/wp\/v2\/product\/18352\/revisions"}],"wp:featuredmedia":[{"embeddable":true,"href":"https:\/\/livrare-balti.md\/ro\/wp-json\/wp\/v2\/media\/18351"}],"wp:attachment":[{"href":"https:\/\/livrare-balti.md\/ro\/wp-json\/wp\/v2\/media?parent=18352"}],"wp:term":[{"taxonomy":"product_brand","embeddable":true,"href":"https:\/\/livrare-balti.md\/ro\/wp-json\/wp\/v2\/product_brand?post=18352"},{"taxonomy":"product_cat","embeddable":true,"href":"https:\/\/livrare-balti.md\/ro\/wp-json\/wp\/v2\/product_cat?post=18352"},{"taxonomy":"product_tag","embeddable":true,"href":"https:\/\/livrare-balti.md\/ro\/wp-json\/wp\/v2\/product_tag?post=18352"}],"curies":[{"name":"wp","href":"https:\/\/api.w.org\/{rel}","templated":true}]}}