{"id":16490,"date":"2022-11-23T23:47:20","date_gmt":"2022-11-23T20:47:20","guid":{"rendered":"https:\/\/livrare-balti.md\/?post_type=product&#038;p=16490"},"modified":"2025-06-25T00:49:53","modified_gmt":"2025-06-24T21:49:53","slug":"torta-ciocolata-caramela","status":"publish","type":"product","link":"https:\/\/livrare-balti.md\/ro\/product\/compot-ro\/desert\/torta-ciocolata-caramela\/","title":{"rendered":"Tort\u0103 Ciocolat\u0103-Caramel\u0103"},"content":{"rendered":"<p>Blat de vanilie, blat de ciocolat\u0103, caramel\u0103, ganache de ciocolat\u0103, mousse chantilyi.<\/p>\n<p>Pre\u021bul este pentru &#8211; 100g<\/p>\n","protected":false},"excerpt":{"rendered":"<p>Blat de vanilie, blat de ciocolat\u0103, caramel\u0103, ganache de ciocolat\u0103, mousse chantilyi. Pre\u021bul este pentru &#8211; 100g<\/p>\n","protected":false},"featured_media":17163,"template":"","meta":[],"product_brand":[],"product_cat":[433,466],"product_tag":[275],"class_list":{"0":"post-16490","1":"product","2":"type-product","3":"status-publish","4":"has-post-thumbnail","6":"product_cat-compot","7":"product_cat-desert","8":"product_tag-deserty-vse","9":"product_shipping_class-compot-dostavka-ro","10":"wpcafe_location-compot-ro","12":"first","13":"instock","14":"shipping-taxable","15":"purchasable","16":"product-type-simple"},"aioseo_notices":[],"_links":{"self":[{"href":"https:\/\/livrare-balti.md\/ro\/wp-json\/wp\/v2\/product\/16490","targetHints":{"allow":["GET"]}}],"collection":[{"href":"https:\/\/livrare-balti.md\/ro\/wp-json\/wp\/v2\/product"}],"about":[{"href":"https:\/\/livrare-balti.md\/ro\/wp-json\/wp\/v2\/types\/product"}],"version-history":[{"count":1,"href":"https:\/\/livrare-balti.md\/ro\/wp-json\/wp\/v2\/product\/16490\/revisions"}],"predecessor-version":[{"id":26881,"href":"https:\/\/livrare-balti.md\/ro\/wp-json\/wp\/v2\/product\/16490\/revisions\/26881"}],"wp:featuredmedia":[{"embeddable":true,"href":"https:\/\/livrare-balti.md\/ro\/wp-json\/wp\/v2\/media\/17163"}],"wp:attachment":[{"href":"https:\/\/livrare-balti.md\/ro\/wp-json\/wp\/v2\/media?parent=16490"}],"wp:term":[{"taxonomy":"product_brand","embeddable":true,"href":"https:\/\/livrare-balti.md\/ro\/wp-json\/wp\/v2\/product_brand?post=16490"},{"taxonomy":"product_cat","embeddable":true,"href":"https:\/\/livrare-balti.md\/ro\/wp-json\/wp\/v2\/product_cat?post=16490"},{"taxonomy":"product_tag","embeddable":true,"href":"https:\/\/livrare-balti.md\/ro\/wp-json\/wp\/v2\/product_tag?post=16490"}],"curies":[{"name":"wp","href":"https:\/\/api.w.org\/{rel}","templated":true}]}}