{"id":14679,"date":"2022-04-05T10:40:20","date_gmt":"2022-04-05T07:40:20","guid":{"rendered":"https:\/\/livrare-balti.md\/?post_type=product&#038;p=14679"},"modified":"2023-11-28T01:55:50","modified_gmt":"2023-11-27T23:55:50","slug":"placinta-cu-brinza-fara-drojdie","status":"publish","type":"product","link":"https:\/\/livrare-balti.md\/ro\/product\/beshop-craft-beer-market-ro\/placinte\/placinta-cu-brinza-fara-drojdie\/","title":{"rendered":"PL\u0102CINT\u0102 TRADI\u021aIONAL\u0102 CU BR\u00c2NZ\u0102"},"content":{"rendered":"","protected":false},"excerpt":{"rendered":"","protected":false},"featured_media":14670,"template":"","meta":[],"product_brand":[],"product_cat":[628,1003],"product_tag":[],"class_list":{"0":"post-14679","1":"product","2":"type-product","3":"status-publish","4":"has-post-thumbnail","6":"product_cat-beshop-craft-beer-market-ro","7":"product_cat-placinte","8":"product_shipping_class-beshop-dostavka-ro","9":"wpcafe_location-beshop-craft-beer-market","11":"first","12":"instock","13":"shipping-taxable","14":"purchasable","15":"product-type-simple"},"aioseo_notices":[],"_links":{"self":[{"href":"https:\/\/livrare-balti.md\/ro\/wp-json\/wp\/v2\/product\/14679","targetHints":{"allow":["GET"]}}],"collection":[{"href":"https:\/\/livrare-balti.md\/ro\/wp-json\/wp\/v2\/product"}],"about":[{"href":"https:\/\/livrare-balti.md\/ro\/wp-json\/wp\/v2\/types\/product"}],"version-history":[{"count":0,"href":"https:\/\/livrare-balti.md\/ro\/wp-json\/wp\/v2\/product\/14679\/revisions"}],"wp:featuredmedia":[{"embeddable":true,"href":"https:\/\/livrare-balti.md\/ro\/wp-json\/wp\/v2\/media\/14670"}],"wp:attachment":[{"href":"https:\/\/livrare-balti.md\/ro\/wp-json\/wp\/v2\/media?parent=14679"}],"wp:term":[{"taxonomy":"product_brand","embeddable":true,"href":"https:\/\/livrare-balti.md\/ro\/wp-json\/wp\/v2\/product_brand?post=14679"},{"taxonomy":"product_cat","embeddable":true,"href":"https:\/\/livrare-balti.md\/ro\/wp-json\/wp\/v2\/product_cat?post=14679"},{"taxonomy":"product_tag","embeddable":true,"href":"https:\/\/livrare-balti.md\/ro\/wp-json\/wp\/v2\/product_tag?post=14679"}],"curies":[{"name":"wp","href":"https:\/\/api.w.org\/{rel}","templated":true}]}}