{"id":14372,"date":"2022-02-27T21:47:12","date_gmt":"2022-02-27T18:47:12","guid":{"rendered":"https:\/\/livrare-balti.md\/?post_type=product&#038;p=14372"},"modified":"2025-03-01T02:02:07","modified_gmt":"2025-03-01T00:02:07","slug":"involtini-de-file-de-curcan-cu-cascaval-si-pasta-de-trufe-si-cus-cus-marocan","status":"publish","type":"product","link":"https:\/\/livrare-balti.md\/ro\/product\/oliva-ro\/carne-si-peste-oliva-ro\/involtini-de-file-de-curcan-cu-cascaval-si-pasta-de-trufe-si-cus-cus-marocan\/","title":{"rendered":"Somon \u00een sos alb cu gnochi"},"content":{"rendered":"<div class=\"fancybox-stage\">\n<div class=\"fancybox-slide fancybox-slide-product-details fancybox-slide--html fancybox-slide--current fancybox-slide--complete\">\n<div id=\"product-81393\" class=\"post-81393 product type-product status-publish has-post-thumbnail product_cat-menu product_cat-carnepeste-livrare first instock shipping-taxable purchasable product-type-simple fancybox-content\">\n<div class=\"summary entry-summary\">\n<div class=\"product-description\">\n<div class=\"desc\">File de somon,fri\u0219c\u0103,creve\u021bi,spanac,ro\u0219ii proaspete,ca\u0219caval Grana Padano,gnochi,vin alb,usturoi,unt,condimente,ulei de m\u0103sline,suc de l\u0103m\u00eeie<\/div>\n<div class=\"desc\">130\/300 gr<\/div>\n<\/div>\n<div class=\"product_meta\"><\/div>\n<div class=\"tag\"><\/div>\n<\/div>\n<p>&nbsp;<\/p>\n<\/div>\n<\/div>\n<\/div>\n<div class=\"fancybox-caption fancybox-caption--separate\">\n<div class=\"fancybox-caption__body\"><\/div>\n<\/div>\n","protected":false},"excerpt":{"rendered":"<p>File de somon,fri\u0219c\u0103,creve\u021bi,spanac,ro\u0219ii proaspete,ca\u0219caval Grana Padano,gnochi,vin alb,usturoi,unt,condimente,ulei de m\u0103sline,suc de l\u0103m\u00eeie 130\/300 gr &nbsp;<\/p>\n","protected":false},"featured_media":25550,"template":"","meta":[],"product_brand":[],"product_cat":[136,121],"product_tag":[282,797,798],"class_list":{"0":"post-14372","1":"product","2":"type-product","3":"status-publish","4":"has-post-thumbnail","6":"product_cat-carne-si-peste-oliva-ro","7":"product_cat-oliva-ro","8":"product_tag-felul-ii-toate","9":"product_tag-vtorye-blyuda-vse-ro","10":"product_tag-vtorye-blyuda-vse-ro-2","11":"product_shipping_class-oliva-dostavka-ro","12":"wpcafe_location-oliva-ro","14":"first","15":"instock","16":"shipping-taxable","17":"purchasable","18":"product-type-simple"},"aioseo_notices":[],"_links":{"self":[{"href":"https:\/\/livrare-balti.md\/ro\/wp-json\/wp\/v2\/product\/14372","targetHints":{"allow":["GET"]}}],"collection":[{"href":"https:\/\/livrare-balti.md\/ro\/wp-json\/wp\/v2\/product"}],"about":[{"href":"https:\/\/livrare-balti.md\/ro\/wp-json\/wp\/v2\/types\/product"}],"version-history":[{"count":2,"href":"https:\/\/livrare-balti.md\/ro\/wp-json\/wp\/v2\/product\/14372\/revisions"}],"predecessor-version":[{"id":25552,"href":"https:\/\/livrare-balti.md\/ro\/wp-json\/wp\/v2\/product\/14372\/revisions\/25552"}],"wp:featuredmedia":[{"embeddable":true,"href":"https:\/\/livrare-balti.md\/ro\/wp-json\/wp\/v2\/media\/25550"}],"wp:attachment":[{"href":"https:\/\/livrare-balti.md\/ro\/wp-json\/wp\/v2\/media?parent=14372"}],"wp:term":[{"taxonomy":"product_brand","embeddable":true,"href":"https:\/\/livrare-balti.md\/ro\/wp-json\/wp\/v2\/product_brand?post=14372"},{"taxonomy":"product_cat","embeddable":true,"href":"https:\/\/livrare-balti.md\/ro\/wp-json\/wp\/v2\/product_cat?post=14372"},{"taxonomy":"product_tag","embeddable":true,"href":"https:\/\/livrare-balti.md\/ro\/wp-json\/wp\/v2\/product_tag?post=14372"}],"curies":[{"name":"wp","href":"https:\/\/api.w.org\/{rel}","templated":true}]}}