{"id":14340,"date":"2022-02-27T19:17:53","date_gmt":"2022-02-27T16:17:53","guid":{"rendered":"https:\/\/livrare-balti.md\/?post_type=product&#038;p=14340"},"modified":"2023-11-22T01:54:12","modified_gmt":"2023-11-21T23:54:12","slug":"juicy-steak-cu-rosii-cherry-si-mix-de-salata-perfect-pentru-2-persoane","status":"publish","type":"product","link":"https:\/\/livrare-balti.md\/ro\/product\/oliva-ro\/carne-si-peste-oliva-ro\/juicy-steak-cu-rosii-cherry-si-mix-de-salata-perfect-pentru-2-persoane\/","title":{"rendered":"DORAD\u0102 CU SOS DE L\u0102M\u00c2IE"},"content":{"rendered":"<div class=\"product_weight \u0435\u0443\u044b\u0435\"><span class=\"title\">M\u0102RIMEA PRODUSULUI :\u00a0<\/span>260\/40<\/div>\n<div class=\"product-description\">\n<p>DORAD\u0102 CU SOS DE L\u0102M\u00c2IE \u0218I<br \/>\nCARTOFI COP\u021aI CU CONDIMENTE<\/p>\n<\/div>\n","protected":false},"excerpt":{"rendered":"<p>M\u0102RIMEA PRODUSULUI :\u00a0260\/40 DORAD\u0102 CU SOS DE L\u0102M\u00c2IE \u0218I CARTOFI COP\u021aI CU CONDIMENTE<\/p>\n","protected":false},"featured_media":19991,"template":"","meta":[],"product_brand":[],"product_cat":[136,121],"product_tag":[282,797,798],"class_list":{"0":"post-14340","1":"product","2":"type-product","3":"status-publish","4":"has-post-thumbnail","6":"product_cat-carne-si-peste-oliva-ro","7":"product_cat-oliva-ro","8":"product_tag-felul-ii-toate","9":"product_tag-vtorye-blyuda-vse-ro","10":"product_tag-vtorye-blyuda-vse-ro-2","11":"product_shipping_class-oliva-dostavka-ro","12":"wpcafe_location-oliva-ro","14":"first","15":"instock","16":"shipping-taxable","17":"purchasable","18":"product-type-simple"},"aioseo_notices":[],"_links":{"self":[{"href":"https:\/\/livrare-balti.md\/ro\/wp-json\/wp\/v2\/product\/14340","targetHints":{"allow":["GET"]}}],"collection":[{"href":"https:\/\/livrare-balti.md\/ro\/wp-json\/wp\/v2\/product"}],"about":[{"href":"https:\/\/livrare-balti.md\/ro\/wp-json\/wp\/v2\/types\/product"}],"version-history":[{"count":0,"href":"https:\/\/livrare-balti.md\/ro\/wp-json\/wp\/v2\/product\/14340\/revisions"}],"wp:featuredmedia":[{"embeddable":true,"href":"https:\/\/livrare-balti.md\/ro\/wp-json\/wp\/v2\/media\/19991"}],"wp:attachment":[{"href":"https:\/\/livrare-balti.md\/ro\/wp-json\/wp\/v2\/media?parent=14340"}],"wp:term":[{"taxonomy":"product_brand","embeddable":true,"href":"https:\/\/livrare-balti.md\/ro\/wp-json\/wp\/v2\/product_brand?post=14340"},{"taxonomy":"product_cat","embeddable":true,"href":"https:\/\/livrare-balti.md\/ro\/wp-json\/wp\/v2\/product_cat?post=14340"},{"taxonomy":"product_tag","embeddable":true,"href":"https:\/\/livrare-balti.md\/ro\/wp-json\/wp\/v2\/product_tag?post=14340"}],"curies":[{"name":"wp","href":"https:\/\/api.w.org\/{rel}","templated":true}]}}