{"id":10906,"date":"2021-09-09T23:11:04","date_gmt":"2021-09-09T20:11:04","guid":{"rendered":"https:\/\/livrare-balti.md\/?post_type=product&#038;p=10906"},"modified":"2021-09-09T23:11:05","modified_gmt":"2021-09-09T20:11:05","slug":"cirnaciori-de-casa-bratwurst-din-carne-de-gaina","status":"publish","type":"product","link":"https:\/\/livrare-balti.md\/ro\/product\/beermaster-ro\/cirnaciori-de-casa-bratwurst-din-carne-de-gaina\/","title":{"rendered":"C\u00eern\u0103ciori de cas\u0103 &#8222;Bratwurst&#8221; din carne de g\u0103in\u0103"},"content":{"rendered":"<p>+ 1L Golden lager!!! Gratis!<\/p>\n","protected":false},"excerpt":{"rendered":"<p>+ 1L Golden lager!!! Gratis!<\/p>\n","protected":false},"featured_media":10904,"template":"","meta":[],"product_brand":[],"product_cat":[597],"product_tag":[566,283],"class_list":{"0":"post-10906","1":"product","2":"type-product","3":"status-publish","4":"has-post-thumbnail","6":"product_cat-beermaster-ro","7":"product_tag-gustari-la-bere-ro","8":"product_tag-mancaruri-la-gratar-toate","9":"product_shipping_class-beermaster-dostavka-ro","10":"wpcafe_location-beermaster-ro","12":"first","13":"instock","14":"shipping-taxable","15":"purchasable","16":"product-type-simple"},"aioseo_notices":[],"_links":{"self":[{"href":"https:\/\/livrare-balti.md\/ro\/wp-json\/wp\/v2\/product\/10906","targetHints":{"allow":["GET"]}}],"collection":[{"href":"https:\/\/livrare-balti.md\/ro\/wp-json\/wp\/v2\/product"}],"about":[{"href":"https:\/\/livrare-balti.md\/ro\/wp-json\/wp\/v2\/types\/product"}],"version-history":[{"count":0,"href":"https:\/\/livrare-balti.md\/ro\/wp-json\/wp\/v2\/product\/10906\/revisions"}],"wp:featuredmedia":[{"embeddable":true,"href":"https:\/\/livrare-balti.md\/ro\/wp-json\/wp\/v2\/media\/10904"}],"wp:attachment":[{"href":"https:\/\/livrare-balti.md\/ro\/wp-json\/wp\/v2\/media?parent=10906"}],"wp:term":[{"taxonomy":"product_brand","embeddable":true,"href":"https:\/\/livrare-balti.md\/ro\/wp-json\/wp\/v2\/product_brand?post=10906"},{"taxonomy":"product_cat","embeddable":true,"href":"https:\/\/livrare-balti.md\/ro\/wp-json\/wp\/v2\/product_cat?post=10906"},{"taxonomy":"product_tag","embeddable":true,"href":"https:\/\/livrare-balti.md\/ro\/wp-json\/wp\/v2\/product_tag?post=10906"}],"curies":[{"name":"wp","href":"https:\/\/api.w.org\/{rel}","templated":true}]}}