{"id":10895,"date":"2021-09-09T23:02:19","date_gmt":"2021-09-09T21:02:19","guid":{"rendered":"https:\/\/livrare-balti.md\/?post_type=product&#038;p=10895"},"modified":"2023-07-26T23:54:28","modified_gmt":"2023-07-26T21:54:28","slug":"cirnaciori-de-casa-bratwurst-din-carne-de-porc-1l-golden-lager-gratis","status":"publish","type":"product","link":"https:\/\/livrare-balti.md\/ro\/product\/beermaster-ro\/cirnaciori-de-casa-bratwurst-din-carne-de-porc-1l-golden-lager-gratis\/","title":{"rendered":"C\u00eern\u0103ciori de cas\u0103 &#8222;Bratwurst&#8221; din carne de porc"},"content":{"rendered":"","protected":false},"excerpt":{"rendered":"","protected":false},"featured_media":10893,"template":"","meta":[],"product_brand":[],"product_cat":[597],"product_tag":[566],"class_list":{"0":"post-10895","1":"product","2":"type-product","3":"status-publish","4":"has-post-thumbnail","6":"product_cat-beermaster-ro","7":"product_tag-gustari-la-bere-ro","8":"product_shipping_class-beermaster-dostavka-ro","9":"wpcafe_location-beermaster-ro","11":"first","12":"instock","13":"shipping-taxable","14":"purchasable","15":"product-type-simple"},"aioseo_notices":[],"_links":{"self":[{"href":"https:\/\/livrare-balti.md\/ro\/wp-json\/wp\/v2\/product\/10895","targetHints":{"allow":["GET"]}}],"collection":[{"href":"https:\/\/livrare-balti.md\/ro\/wp-json\/wp\/v2\/product"}],"about":[{"href":"https:\/\/livrare-balti.md\/ro\/wp-json\/wp\/v2\/types\/product"}],"version-history":[{"count":0,"href":"https:\/\/livrare-balti.md\/ro\/wp-json\/wp\/v2\/product\/10895\/revisions"}],"wp:featuredmedia":[{"embeddable":true,"href":"https:\/\/livrare-balti.md\/ro\/wp-json\/wp\/v2\/media\/10893"}],"wp:attachment":[{"href":"https:\/\/livrare-balti.md\/ro\/wp-json\/wp\/v2\/media?parent=10895"}],"wp:term":[{"taxonomy":"product_brand","embeddable":true,"href":"https:\/\/livrare-balti.md\/ro\/wp-json\/wp\/v2\/product_brand?post=10895"},{"taxonomy":"product_cat","embeddable":true,"href":"https:\/\/livrare-balti.md\/ro\/wp-json\/wp\/v2\/product_cat?post=10895"},{"taxonomy":"product_tag","embeddable":true,"href":"https:\/\/livrare-balti.md\/ro\/wp-json\/wp\/v2\/product_tag?post=10895"}],"curies":[{"name":"wp","href":"https:\/\/api.w.org\/{rel}","templated":true}]}}