{"id":10674,"date":"2021-09-02T12:38:20","date_gmt":"2021-09-02T09:38:20","guid":{"rendered":"https:\/\/livrare-balti.md\/?post_type=product&#038;p=10674"},"modified":"2025-03-01T03:11:31","modified_gmt":"2025-03-01T01:11:31","slug":"shakshuka-israeliana-cu-ardei-dulce-copt-si-rosii","status":"publish","type":"product","link":"https:\/\/livrare-balti.md\/ro\/product\/oliva\/shakshuka-israeliana-cu-ardei-dulce-copt-si-rosii\/","title":{"rendered":"Platou cu creve\u021bi\/somon,avocado \u0219i mix de salate"},"content":{"rendered":"<div class=\"desc\">Ou\u0103, avocado, creve\u021bi, salat\u0103 mix, p\u00e2ine Ciabatta integral\u0103, ca\u0219caval Buco, sos de mu\u0219tar, lam\u00e2ie, semin\u021be de dovleac, semin\u021be de migdale, semin\u021be de susan, unt, ulei de m\u0103sline, sumac<\/div>\n<div class=\"desc\">300\/20 gr<\/div>\n","protected":false},"excerpt":{"rendered":"<p>Ou\u0103, avocado, creve\u021bi, salat\u0103 mix, p\u00e2ine Ciabatta integral\u0103, ca\u0219caval Buco, sos de mu\u0219tar, lam\u00e2ie, semin\u021be de dovleac, semin\u021be de migdale, semin\u021be de susan, unt, ulei de m\u0103sline, sumac 300\/20 gr<\/p>\n","protected":false},"featured_media":25637,"template":"","meta":[],"product_brand":[],"product_cat":[48],"product_tag":[],"class_list":{"0":"post-10674","1":"product","2":"type-product","3":"status-publish","4":"has-post-thumbnail","6":"product_cat-oliva","7":"wpcafe_location-oliva","9":"first","10":"instock","11":"shipping-taxable","12":"purchasable","13":"product-type-simple"},"aioseo_notices":[],"_links":{"self":[{"href":"https:\/\/livrare-balti.md\/ro\/wp-json\/wp\/v2\/product\/10674","targetHints":{"allow":["GET"]}}],"collection":[{"href":"https:\/\/livrare-balti.md\/ro\/wp-json\/wp\/v2\/product"}],"about":[{"href":"https:\/\/livrare-balti.md\/ro\/wp-json\/wp\/v2\/types\/product"}],"version-history":[{"count":1,"href":"https:\/\/livrare-balti.md\/ro\/wp-json\/wp\/v2\/product\/10674\/revisions"}],"predecessor-version":[{"id":25640,"href":"https:\/\/livrare-balti.md\/ro\/wp-json\/wp\/v2\/product\/10674\/revisions\/25640"}],"wp:featuredmedia":[{"embeddable":true,"href":"https:\/\/livrare-balti.md\/ro\/wp-json\/wp\/v2\/media\/25637"}],"wp:attachment":[{"href":"https:\/\/livrare-balti.md\/ro\/wp-json\/wp\/v2\/media?parent=10674"}],"wp:term":[{"taxonomy":"product_brand","embeddable":true,"href":"https:\/\/livrare-balti.md\/ro\/wp-json\/wp\/v2\/product_brand?post=10674"},{"taxonomy":"product_cat","embeddable":true,"href":"https:\/\/livrare-balti.md\/ro\/wp-json\/wp\/v2\/product_cat?post=10674"},{"taxonomy":"product_tag","embeddable":true,"href":"https:\/\/livrare-balti.md\/ro\/wp-json\/wp\/v2\/product_tag?post=10674"}],"curies":[{"name":"wp","href":"https:\/\/api.w.org\/{rel}","templated":true}]}}