{"id":6682,"date":"2019-10-20T04:21:32","date_gmt":"2019-10-20T01:21:32","guid":{"rendered":"https:\/\/livrare-balti.md\/?page_id=6682"},"modified":"2024-04-20T10:34:30","modified_gmt":"2024-04-20T08:34:30","slug":"meniu-special","status":"publish","type":"page","link":"https:\/\/livrare-balti.md\/ro\/meniu-special\/","title":{"rendered":"Meniu special"},"content":{"rendered":"\t\t<div data-elementor-type=\"wp-page\" data-elementor-id=\"6682\" class=\"elementor elementor-6682\">\n\t\t\t\t\t\t<section class=\"elementor-section elementor-top-section elementor-element elementor-element-880f2ef elementor-section-boxed elementor-section-height-default elementor-section-height-default\" data-id=\"880f2ef\" data-element_type=\"section\" data-settings=\"{&quot;background_background&quot;:&quot;classic&quot;}\">\n\t\t\t\t\t\t<div class=\"elementor-container elementor-column-gap-default\">\n\t\t\t\t\t<div class=\"elementor-column elementor-col-100 elementor-top-column elementor-element elementor-element-920c94d\" data-id=\"920c94d\" data-element_type=\"column\">\n\t\t\t<div class=\"elementor-widget-wrap elementor-element-populated\">\n\t\t\t\t\t\t<div class=\"elementor-element elementor-element-7d533ac elementor-widget elementor-widget-wp-widget-woocommerce_product_categories\" data-id=\"7d533ac\" data-element_type=\"widget\" data-settings=\"{&quot;ekit_we_effect_on&quot;:&quot;none&quot;}\" data-widget_type=\"wp-widget-woocommerce_product_categories.default\">\n\t\t\t\t<div class=\"elementor-widget-container\">\n\t\t\t\t\t<h5>\u0414\u043e\u0441\u0442\u0430\u0432\u043b\u044f\u0435\u043c \u0432 \u0411\u0435\u043b\u044c\u0446\u0430\u0445<\/h5><ul class=\"product-categories\"><li class=\"cat-item cat-item-119\"><a href=\"https:\/\/livrare-balti.md\/ro\/partner\/aerodesign-ro\/\">Aerodesign<\/a> <span class=\"count\">(31)<\/span><\/li>\n<li class=\"cat-item cat-item-568\"><a href=\"https:\/\/livrare-balti.md\/ro\/partner\/bahus-ro\/\">Bahus<\/a> <span class=\"count\">(10)<\/span><\/li>\n<li class=\"cat-item cat-item-597\"><a href=\"https:\/\/livrare-balti.md\/ro\/partner\/beermaster-ro\/\">Beermaster<\/a> <span class=\"count\">(7)<\/span><\/li>\n<li class=\"cat-item cat-item-628 cat-parent\"><a href=\"https:\/\/livrare-balti.md\/ro\/partner\/beshop-craft-beer-market-ro\/\">Beshop<\/a> <span class=\"count\">(15)<\/span><ul class='children'>\n<li class=\"cat-item cat-item-891\"><a href=\"https:\/\/livrare-balti.md\/ro\/partner\/beshop-craft-beer-market-ro\/gustari-la-bere\/\">Gustari la bere<\/a> <span class=\"count\">(7)<\/span><\/li>\n<li class=\"cat-item cat-item-1003\"><a href=\"https:\/\/livrare-balti.md\/ro\/partner\/beshop-craft-beer-market-ro\/placinte\/\">placinte<\/a> <span class=\"count\">(8)<\/span><\/li>\n<\/ul>\n<\/li>\n<li class=\"cat-item cat-item-1192\"><a href=\"https:\/\/livrare-balti.md\/ro\/partner\/bucate-pentru-pomenire\/\">Bucate pentru pomenire<\/a> <span class=\"count\">(6)<\/span><\/li>\n<li class=\"cat-item cat-item-426\"><a href=\"https:\/\/livrare-balti.md\/ro\/partner\/cadouri\/\">cadouri<\/a> <span class=\"count\">(15)<\/span><\/li>\n<li class=\"cat-item cat-item-434 cat-parent\"><a href=\"https:\/\/livrare-balti.md\/ro\/partner\/compot-ro\/\">Compot<\/a> <span class=\"count\">(56)<\/span><ul class='children'>\n<li class=\"cat-item cat-item-466\"><a href=\"https:\/\/livrare-balti.md\/ro\/partner\/compot-ro\/desert\/\">desert<\/a> <span class=\"count\">(22)<\/span><\/li>\n<li class=\"cat-item cat-item-440\"><a href=\"https:\/\/livrare-balti.md\/ro\/partner\/compot-ro\/fast-food\/\">Fast-food<\/a> <span class=\"count\">(18)<\/span><\/li>\n<li class=\"cat-item cat-item-1188\"><a href=\"https:\/\/livrare-balti.md\/ro\/partner\/compot-ro\/sushi-compot-ro\/\">Sushi<\/a> <span class=\"count\">(1)<\/span><\/li>\n<\/ul>\n<\/li>\n<li class=\"cat-item cat-item-921\"><a href=\"https:\/\/livrare-balti.md\/ro\/partner\/duncan-ro\/\">Duncan<\/a> <span class=\"count\">(0)<\/span><\/li>\n<li class=\"cat-item cat-item-994 cat-parent\"><a href=\"https:\/\/livrare-balti.md\/ro\/partner\/fanastic_pizza_sushi-ro\/\">Fantastic_Pizza_Sushi-ro<\/a> <span class=\"count\">(14)<\/span><ul class='children'>\n<li class=\"cat-item cat-item-1000\"><a href=\"https:\/\/livrare-balti.md\/ro\/partner\/fanastic_pizza_sushi-ro\/fast_food-fanastic_pizza_sushi-ro\/\">fast_food<\/a> <span class=\"count\">(1)<\/span><\/li>\n<li class=\"cat-item cat-item-1001\"><a href=\"https:\/\/livrare-balti.md\/ro\/partner\/fanastic_pizza_sushi-ro\/pizza-fanastic_pizza_sushi-ro\/\">pizza<\/a> <span class=\"count\">(1)<\/span><\/li>\n<li class=\"cat-item cat-item-1002\"><a href=\"https:\/\/livrare-balti.md\/ro\/partner\/fanastic_pizza_sushi-ro\/sushi-fanastic_pizza_sushi-ro\/\">sushi<\/a> <span class=\"count\">(8)<\/span><\/li>\n<\/ul>\n<\/li>\n<li class=\"cat-item cat-item-368\"><a href=\"https:\/\/livrare-balti.md\/ro\/partner\/fitmin\/\">Fitmin<\/a> <span class=\"count\">(6)<\/span><\/li>\n<li class=\"cat-item cat-item-462\"><a href=\"https:\/\/livrare-balti.md\/ro\/partner\/flori\/\">Flori<\/a> <span class=\"count\">(38)<\/span><\/li>\n<li class=\"cat-item cat-item-601\"><a href=\"https:\/\/livrare-balti.md\/ro\/partner\/great-kebab-ro\/\">Great Kebab<\/a> <span class=\"count\">(16)<\/span><\/li>\n<li class=\"cat-item cat-item-425\"><a href=\"https:\/\/livrare-balti.md\/ro\/partner\/iubeste-md-2\/\">iubeste.md<\/a> <span class=\"count\">(35)<\/span><\/li>\n<li class=\"cat-item cat-item-122 cat-parent\"><a href=\"https:\/\/livrare-balti.md\/ro\/partner\/loft-ro\/\">Loft<\/a> <span class=\"count\">(43)<\/span><ul class='children'>\n<li class=\"cat-item cat-item-130\"><a href=\"https:\/\/livrare-balti.md\/ro\/partner\/loft-ro\/gustari-calde\/\">Gust\u0103ri calde loft<\/a> <span class=\"count\">(3)<\/span><\/li>\n<li class=\"cat-item cat-item-303\"><a href=\"https:\/\/livrare-balti.md\/ro\/partner\/loft-ro\/gustari-calde-loft-ro\/\">Gustari-calde-loft<\/a> <span class=\"count\">(2)<\/span><\/li>\n<li class=\"cat-item cat-item-128\"><a href=\"https:\/\/livrare-balti.md\/ro\/partner\/loft-ro\/salata-loft-ro\/\">Salat\u0103 loft<\/a> <span class=\"count\">(3)<\/span><\/li>\n<\/ul>\n<\/li>\n<li class=\"cat-item cat-item-255 cat-parent\"><a href=\"https:\/\/livrare-balti.md\/ro\/partner\/monro-ro\/\">MONRO<\/a> <span class=\"count\">(1)<\/span><ul class='children'>\n<li class=\"cat-item cat-item-256\"><a href=\"https:\/\/livrare-balti.md\/ro\/partner\/monro-ro\/carne-si-peste-monro-ro\/\">Carne si peste monro<\/a> <span class=\"count\">(1)<\/span><\/li>\n<\/ul>\n<\/li>\n<li class=\"cat-item cat-item-614\"><a href=\"https:\/\/livrare-balti.md\/ro\/partner\/mr-brown-ro\/\">Mr.Brown<\/a> <span class=\"count\">(0)<\/span><\/li>\n<li class=\"cat-item cat-item-154 cat-parent\"><a href=\"https:\/\/livrare-balti.md\/ro\/partner\/noroc-ro\/\">NOROC<\/a> <span class=\"count\">(33)<\/span><ul class='children'>\n<li class=\"cat-item cat-item-155\"><a href=\"https:\/\/livrare-balti.md\/ro\/partner\/noroc-ro\/bucate-la-gratar-noroc-ro\/\">Bucate la gr\u0103tar noroc<\/a> <span class=\"count\">(5)<\/span><\/li>\n<li class=\"cat-item cat-item-157\"><a href=\"https:\/\/livrare-balti.md\/ro\/partner\/noroc-ro\/felul-i-noroc-ro\/\">Felul I noroc<\/a> <span class=\"count\">(2)<\/span><\/li>\n<li class=\"cat-item cat-item-158\"><a href=\"https:\/\/livrare-balti.md\/ro\/partner\/noroc-ro\/felul-ii-noroc-ro\/\">Felul II<\/a> <span class=\"count\">(4)<\/span><\/li>\n<li class=\"cat-item cat-item-159\"><a href=\"https:\/\/livrare-balti.md\/ro\/partner\/noroc-ro\/garnituri-noroc-ro\/\">Garnituri noroc<\/a> <span class=\"count\">(2)<\/span><\/li>\n<li class=\"cat-item cat-item-160\"><a href=\"https:\/\/livrare-balti.md\/ro\/partner\/noroc-ro\/gustari-fierbinti-noroc-ro\/\">Gust\u0103ri fierbin\u021bi noroc<\/a> <span class=\"count\">(2)<\/span><\/li>\n<li class=\"cat-item cat-item-161\"><a href=\"https:\/\/livrare-balti.md\/ro\/partner\/noroc-ro\/gustari-reci-noroc-ro\/\">Gust\u0103ri reci<\/a> <span class=\"count\">(2)<\/span><\/li>\n<li class=\"cat-item cat-item-163\"><a href=\"https:\/\/livrare-balti.md\/ro\/partner\/noroc-ro\/salata-noroc-ro\/\">Salat\u0103 noroc<\/a> <span class=\"count\">(4)<\/span><\/li>\n<\/ul>\n<\/li>\n<li class=\"cat-item cat-item-212 cat-parent\"><a href=\"https:\/\/livrare-balti.md\/ro\/partner\/obolon-ro\/\">Obolon<\/a> <span class=\"count\">(93)<\/span><ul class='children'>\n<li class=\"cat-item cat-item-219\"><a href=\"https:\/\/livrare-balti.md\/ro\/partner\/obolon-ro\/apa-minerala\/\">AP\u0102 MINERAL\u0102<\/a> <span class=\"count\">(10)<\/span><\/li>\n<li class=\"cat-item cat-item-218\"><a href=\"https:\/\/livrare-balti.md\/ro\/partner\/obolon-ro\/bauturi-f-ara-alcool\/\">B\u0102UTURI F \u0102R\u0102 ALCOOL<\/a> <span class=\"count\">(16)<\/span><\/li>\n<li class=\"cat-item cat-item-213\"><a href=\"https:\/\/livrare-balti.md\/ro\/partner\/obolon-ro\/bere-ceha\/\">BERE CEH\u0102<\/a> <span class=\"count\">(15)<\/span><\/li>\n<li class=\"cat-item cat-item-217\"><a href=\"https:\/\/livrare-balti.md\/ro\/partner\/obolon-ro\/bere-in-ambalaj-pet\/\">BERE \u00ceN AMBALAJ PET<\/a> <span class=\"count\">(17)<\/span><\/li>\n<li class=\"cat-item cat-item-216\"><a href=\"https:\/\/livrare-balti.md\/ro\/partner\/obolon-ro\/bere-in-cutii\/\">BERE \u00ceN CUTII<\/a> <span class=\"count\">(0)<\/span><\/li>\n<li class=\"cat-item cat-item-215\"><a href=\"https:\/\/livrare-balti.md\/ro\/partner\/obolon-ro\/bere-in-sticle\/\">BERE \u00ceN STICLE<\/a> <span class=\"count\">(15)<\/span><\/li>\n<li class=\"cat-item cat-item-214\"><a href=\"https:\/\/livrare-balti.md\/ro\/partner\/obolon-ro\/bere-vie\/\">Bere vie<\/a> <span class=\"count\">(13)<\/span><\/li>\n<li class=\"cat-item cat-item-220\"><a href=\"https:\/\/livrare-balti.md\/ro\/partner\/obolon-ro\/gustari\/\">GUST\u0102RI<\/a> <span class=\"count\">(7)<\/span><\/li>\n<\/ul>\n<\/li>\n<li class=\"cat-item cat-item-121 cat-parent\"><a href=\"https:\/\/livrare-balti.md\/ro\/partner\/oliva-ro\/\">Oliva<\/a> <span class=\"count\">(73)<\/span><ul class='children'>\n<li class=\"cat-item cat-item-135\"><a href=\"https:\/\/livrare-balti.md\/ro\/partner\/oliva-ro\/antipasti-ro\/\">Antipasti<\/a> <span class=\"count\">(2)<\/span><\/li>\n<li class=\"cat-item cat-item-308\"><a href=\"https:\/\/livrare-balti.md\/ro\/partner\/oliva-ro\/antipasti-oliva-ro\/\">Antipasti oliva<\/a> <span class=\"count\">(5)<\/span><\/li>\n<li class=\"cat-item cat-item-136\"><a href=\"https:\/\/livrare-balti.md\/ro\/partner\/oliva-ro\/carne-si-peste-oliva-ro\/\">Carne \u0219i pe\u0219te<\/a> <span class=\"count\">(8)<\/span><\/li>\n<li class=\"cat-item cat-item-137\"><a href=\"https:\/\/livrare-balti.md\/ro\/partner\/oliva-ro\/dejun-oliva-ro\/\">Dejun<\/a> <span class=\"count\">(4)<\/span><\/li>\n<li class=\"cat-item cat-item-468\"><a href=\"https:\/\/livrare-balti.md\/ro\/partner\/oliva-ro\/desert-oliva-ro\/\">Desert<\/a> <span class=\"count\">(6)<\/span><\/li>\n<li class=\"cat-item cat-item-140\"><a href=\"https:\/\/livrare-balti.md\/ro\/partner\/oliva-ro\/pizza-oliva-ro\/\">Pizza<\/a> <span class=\"count\">(18)<\/span><\/li>\n<li class=\"cat-item cat-item-141\"><a href=\"https:\/\/livrare-balti.md\/ro\/partner\/oliva-ro\/salata-oliva-ro\/\">Salat\u0103<\/a> <span class=\"count\">(10)<\/span><\/li>\n<li class=\"cat-item cat-item-143\"><a href=\"https:\/\/livrare-balti.md\/ro\/partner\/oliva-ro\/supe-oliva-ro\/\">Supe<\/a> <span class=\"count\">(3)<\/span><\/li>\n<li class=\"cat-item cat-item-148\"><a href=\"https:\/\/livrare-balti.md\/ro\/partner\/oliva-ro\/vegeteriana-oliva-ro\/\">Vegeteriana<\/a> <span class=\"count\">(4)<\/span><\/li>\n<li class=\"cat-item cat-item-304\"><a href=\"https:\/\/livrare-balti.md\/ro\/partner\/oliva-ro\/pasta-oliva-ro-2\/\">\u041f\u0430\u0441\u0442\u0430 oliva<\/a> <span class=\"count\">(4)<\/span><\/li>\n<\/ul>\n<\/li>\n<li class=\"cat-item cat-item-171 cat-parent\"><a href=\"https:\/\/livrare-balti.md\/ro\/partner\/oscar-ro-2\/\">OSCAR<\/a> <span class=\"count\">(10)<\/span><ul class='children'>\n<li class=\"cat-item cat-item-172\"><a href=\"https:\/\/livrare-balti.md\/ro\/partner\/oscar-ro-2\/bucate-la-gratar-oscar-ro\/\">Bucate la gr\u0103tar<\/a> <span class=\"count\">(3)<\/span><\/li>\n<li class=\"cat-item cat-item-173\"><a href=\"https:\/\/livrare-balti.md\/ro\/partner\/oscar-ro-2\/felul-ii-oscar-ro\/\">Felul II<\/a> <span class=\"count\">(1)<\/span><\/li>\n<li class=\"cat-item cat-item-174\"><a href=\"https:\/\/livrare-balti.md\/ro\/partner\/oscar-ro-2\/gustari-reci-ro-2\/\">Gust\u0103ri reci<\/a> <span class=\"count\">(2)<\/span><\/li>\n<li class=\"cat-item cat-item-178\"><a href=\"https:\/\/livrare-balti.md\/ro\/partner\/oscar-ro-2\/gustarii-calde-oscar-ro\/\">Gustarii Calde<\/a> <span class=\"count\">(2)<\/span><\/li>\n<li class=\"cat-item cat-item-175\"><a href=\"https:\/\/livrare-balti.md\/ro\/partner\/oscar-ro-2\/salata-oscar-ro\/\">Salat\u0103<\/a> <span class=\"count\">(1)<\/span><\/li>\n<\/ul>\n<\/li>\n<li class=\"cat-item cat-item-299 cat-parent\"><a href=\"https:\/\/livrare-balti.md\/ro\/partner\/oscar-ro\/\">OSCAR<\/a> <span class=\"count\">(44)<\/span><ul class='children'>\n<li class=\"cat-item cat-item-300\"><a href=\"https:\/\/livrare-balti.md\/ro\/partner\/oscar-ro\/tyoplye-zakuski-oscar-ro\/\">\u0422\u0435\u043f\u043b\u044b\u0435 \u0437\u0430\u043a\u0443\u0441\u043a\u0438 oscar<\/a> <span class=\"count\">(4)<\/span><\/li>\n<\/ul>\n<\/li>\n<li class=\"cat-item cat-item-461\"><a href=\"https:\/\/livrare-balti.md\/ro\/partner\/pizza-draft\/\">Pizza Draft<\/a> <span class=\"count\">(0)<\/span><\/li>\n<li class=\"cat-item cat-item-901 cat-parent\"><a href=\"https:\/\/livrare-balti.md\/ro\/partner\/pizzamax-ro\/\">Pizzamax<\/a> <span class=\"count\">(13)<\/span><ul class='children'>\n<li class=\"cat-item cat-item-903\"><a href=\"https:\/\/livrare-balti.md\/ro\/partner\/pizzamax-ro\/pizza-oliva-ro-pizzamax-ro\/\">pizza<\/a> <span class=\"count\">(11)<\/span><\/li>\n<\/ul>\n<\/li>\n<li class=\"cat-item cat-item-120 cat-parent\"><a href=\"https:\/\/livrare-balti.md\/ro\/partner\/salat-oscar-ro\/\">Salat<\/a> <span class=\"count\">(87)<\/span><ul class='children'>\n<li class=\"cat-item cat-item-1087\"><a href=\"https:\/\/livrare-balti.md\/ro\/partner\/salat-oscar-ro\/burger-salat-salat-oscar-ro\/\">burger Salat<\/a> <span class=\"count\">(6)<\/span><\/li>\n<li class=\"cat-item cat-item-558\"><a href=\"https:\/\/livrare-balti.md\/ro\/partner\/salat-oscar-ro\/carne-salat\/\">Carne Salat<\/a> <span class=\"count\">(14)<\/span><\/li>\n<li class=\"cat-item cat-item-559\"><a href=\"https:\/\/livrare-balti.md\/ro\/partner\/salat-oscar-ro\/deserturi-salat\/\">Deserturi Salat<\/a> <span class=\"count\">(7)<\/span><\/li>\n<li class=\"cat-item cat-item-445\"><a href=\"https:\/\/livrare-balti.md\/ro\/partner\/salat-oscar-ro\/felul-i-salat\/\">Felul I Salat<\/a> <span class=\"count\">(4)<\/span><\/li>\n<li class=\"cat-item cat-item-1089\"><a href=\"https:\/\/livrare-balti.md\/ro\/partner\/salat-oscar-ro\/pasta-salat-salat-oscar-ro\/\">pasta Salat<\/a> <span class=\"count\">(4)<\/span><\/li>\n<li class=\"cat-item cat-item-1086\"><a href=\"https:\/\/livrare-balti.md\/ro\/partner\/salat-oscar-ro\/pizza-salat\/\">pizza Salat<\/a> <span class=\"count\">(8)<\/span><\/li>\n<li class=\"cat-item cat-item-1011\"><a href=\"https:\/\/livrare-balti.md\/ro\/partner\/salat-oscar-ro\/salata\/\">salata<\/a> <span class=\"count\">(9)<\/span><\/li>\n<li class=\"cat-item cat-item-1088\"><a href=\"https:\/\/livrare-balti.md\/ro\/partner\/salat-oscar-ro\/sushi-salat-salat-oscar-ro\/\">sushi Salat<\/a> <span class=\"count\">(5)<\/span><\/li>\n<\/ul>\n<\/li>\n<li class=\"cat-item cat-item-571\"><a href=\"https:\/\/livrare-balti.md\/ro\/partner\/street-food-ro\/\">Street-food<\/a> <span class=\"count\">(0)<\/span><\/li>\n<li class=\"cat-item cat-item-428 cat-parent\"><a href=\"https:\/\/livrare-balti.md\/ro\/partner\/sushi-room-ro\/\">Sushi Room<\/a> <span class=\"count\">(3)<\/span><ul class='children'>\n<li class=\"cat-item cat-item-1005\"><a href=\"https:\/\/livrare-balti.md\/ro\/partner\/sushi-room-ro\/tempura-roll-ro\/\">Tempura-roll<\/a> <span class=\"count\">(0)<\/span><\/li>\n<\/ul>\n<\/li>\n<li class=\"cat-item cat-item-188 cat-parent\"><a href=\"https:\/\/livrare-balti.md\/ro\/partner\/traktir-ro\/\">Traktir<\/a> <span class=\"count\">(26)<\/span><ul class='children'>\n<li class=\"cat-item cat-item-469\"><a href=\"https:\/\/livrare-balti.md\/ro\/partner\/traktir-ro\/felul-i\/\">Felul I<\/a> <span class=\"count\">(4)<\/span><\/li>\n<li class=\"cat-item cat-item-190\"><a href=\"https:\/\/livrare-balti.md\/ro\/partner\/traktir-ro\/felul-ii-traktir-ro\/\">Felul II<\/a> <span class=\"count\">(12)<\/span><\/li>\n<li class=\"cat-item cat-item-191\"><a href=\"https:\/\/livrare-balti.md\/ro\/partner\/traktir-ro\/garnituri-traktir-ro\/\">Garnituri<\/a> <span class=\"count\">(3)<\/span><\/li>\n<li class=\"cat-item cat-item-198\"><a href=\"https:\/\/livrare-balti.md\/ro\/partner\/traktir-ro\/gustari-reci-traktir-ro\/\">Gust\u0103ri reci<\/a> <span class=\"count\">(2)<\/span><\/li>\n<li class=\"cat-item cat-item-192\"><a href=\"https:\/\/livrare-balti.md\/ro\/partner\/traktir-ro\/salata-traktir-ro\/\">Salat\u0103<\/a> <span class=\"count\">(5)<\/span><\/li>\n<\/ul>\n<\/li>\n<li class=\"cat-item cat-item-932\"><a href=\"https:\/\/livrare-balti.md\/ro\/partner\/vipecika\/\">\u0412\u044b\u043f\u0435\u0447\u043a\u0430<\/a> <span class=\"count\">(0)<\/span><\/li>\n<li class=\"cat-item cat-item-293 cat-parent\"><a href=\"https:\/\/livrare-balti.md\/ro\/partner\/obolon-ro-2\/\">\u041e\u0431\u043e\u043b\u043e\u043d\u044c<\/a> <span class=\"count\">(90)<\/span><ul class='children'>\n<li class=\"cat-item cat-item-292\"><a href=\"https:\/\/livrare-balti.md\/ro\/partner\/obolon-ro-2\/butylochnoe-pivo-obolon-ro\/\">\u0411\u0443\u0442\u044b\u043b\u043e\u0447\u043d\u043e\u0435 \u043f\u0438\u0432\u043e obolon<\/a> <span class=\"count\">(9)<\/span><\/li>\n<\/ul>\n<\/li>\n<\/ul>\t\t\t\t<\/div>\n\t\t\t\t<\/div>\n\t\t\t\t\t<\/div>\n\t\t<\/div>\n\t\t\t\t\t<\/div>\n\t\t<\/section>\n\t\t\t\t<section class=\"elementor-section elementor-top-section elementor-element elementor-element-8a8e2fc elementor-section-boxed elementor-section-height-default elementor-section-height-default\" data-id=\"8a8e2fc\" data-element_type=\"section\">\n\t\t\t\t\t\t<div class=\"elementor-container elementor-column-gap-default\">\n\t\t\t\t\t<div class=\"elementor-column elementor-col-33 elementor-top-column elementor-element elementor-element-5555ecf\" data-id=\"5555ecf\" data-element_type=\"column\">\n\t\t\t<div class=\"elementor-widget-wrap elementor-element-populated\">\n\t\t\t\t\t\t<div class=\"elementor-element elementor-element-542a4d1 gallery-img-animation elementor-widget elementor-widget-image\" data-id=\"542a4d1\" data-element_type=\"widget\" data-settings=\"{&quot;ekit_we_effect_on&quot;:&quot;none&quot;}\" data-widget_type=\"image.default\">\n\t\t\t\t<div class=\"elementor-widget-container\">\n\t\t\t\t\t\t\t\t\t\t\t\t\t\t\t\t<a href=\"#\">\n\t\t\t\t\t\t\t<img fetchpriority=\"high\" decoding=\"async\" width=\"350\" height=\"238\" src=\"https:\/\/livrare-balti.md\/wp-content\/uploads\/2019\/10\/offer3.png\" class=\"attachment-large size-large wp-image-1475\" alt=\"\" srcset=\"https:\/\/livrare-balti.md\/wp-content\/uploads\/2019\/10\/offer3.png 350w, https:\/\/livrare-balti.md\/wp-content\/uploads\/2019\/10\/offer3-300x204.png 300w\" sizes=\"(max-width: 350px) 100vw, 350px\" \/>\t\t\t\t\t\t\t\t<\/a>\n\t\t\t\t\t\t\t\t\t\t\t\t\t\t\t<\/div>\n\t\t\t\t<\/div>\n\t\t\t\t\t<\/div>\n\t\t<\/div>\n\t\t\t\t<div class=\"elementor-column elementor-col-33 elementor-top-column elementor-element elementor-element-717f8ee\" data-id=\"717f8ee\" data-element_type=\"column\">\n\t\t\t<div class=\"elementor-widget-wrap elementor-element-populated\">\n\t\t\t\t\t\t<div class=\"elementor-element elementor-element-7e65feb gallery-img-animation elementor-widget elementor-widget-image\" data-id=\"7e65feb\" data-element_type=\"widget\" data-settings=\"{&quot;ekit_we_effect_on&quot;:&quot;none&quot;}\" data-widget_type=\"image.default\">\n\t\t\t\t<div class=\"elementor-widget-container\">\n\t\t\t\t\t\t\t\t\t\t\t\t\t\t\t\t<a href=\"#\">\n\t\t\t\t\t\t\t<img decoding=\"async\" width=\"351\" height=\"238\" src=\"https:\/\/livrare-balti.md\/wp-content\/uploads\/2019\/10\/offer4.png\" class=\"attachment-large size-large wp-image-1476\" alt=\"\" srcset=\"https:\/\/livrare-balti.md\/wp-content\/uploads\/2019\/10\/offer4.png 351w, https:\/\/livrare-balti.md\/wp-content\/uploads\/2019\/10\/offer4-300x203.png 300w\" sizes=\"(max-width: 351px) 100vw, 351px\" \/>\t\t\t\t\t\t\t\t<\/a>\n\t\t\t\t\t\t\t\t\t\t\t\t\t\t\t<\/div>\n\t\t\t\t<\/div>\n\t\t\t\t\t<\/div>\n\t\t<\/div>\n\t\t\t\t<div class=\"elementor-column elementor-col-33 elementor-top-column elementor-element elementor-element-b0cc397\" data-id=\"b0cc397\" data-element_type=\"column\">\n\t\t\t<div class=\"elementor-widget-wrap elementor-element-populated\">\n\t\t\t\t\t\t<div class=\"elementor-element elementor-element-821b6a9 gallery-img-animation elementor-widget elementor-widget-image\" data-id=\"821b6a9\" data-element_type=\"widget\" data-settings=\"{&quot;ekit_we_effect_on&quot;:&quot;none&quot;}\" data-widget_type=\"image.default\">\n\t\t\t\t<div class=\"elementor-widget-container\">\n\t\t\t\t\t\t\t\t\t\t\t\t\t\t\t\t<a href=\"#\">\n\t\t\t\t\t\t\t<img decoding=\"async\" width=\"350\" height=\"238\" src=\"https:\/\/livrare-balti.md\/wp-content\/uploads\/2019\/10\/offer5.png\" class=\"attachment-large size-large wp-image-1477\" alt=\"\" srcset=\"https:\/\/livrare-balti.md\/wp-content\/uploads\/2019\/10\/offer5.png 350w, https:\/\/livrare-balti.md\/wp-content\/uploads\/2019\/10\/offer5-300x204.png 300w\" sizes=\"(max-width: 350px) 100vw, 350px\" \/>\t\t\t\t\t\t\t\t<\/a>\n\t\t\t\t\t\t\t\t\t\t\t\t\t\t\t<\/div>\n\t\t\t\t<\/div>\n\t\t\t\t\t<\/div>\n\t\t<\/div>\n\t\t\t\t\t<\/div>\n\t\t<\/section>\n\t\t\t\t<section class=\"elementor-section elementor-top-section elementor-element elementor-element-c25cefb elementor-section-boxed elementor-section-height-default elementor-section-height-default\" data-id=\"c25cefb\" data-element_type=\"section\">\n\t\t\t\t\t\t<div class=\"elementor-container elementor-column-gap-default\">\n\t\t\t\t\t<div class=\"elementor-column elementor-col-100 elementor-top-column elementor-element elementor-element-d806a6f\" data-id=\"d806a6f\" data-element_type=\"column\">\n\t\t\t<div class=\"elementor-widget-wrap elementor-element-populated\">\n\t\t\t\t\t\t<div class=\"elementor-element elementor-element-f16f81c elementor-widget elementor-widget-shortcode\" data-id=\"f16f81c\" data-element_type=\"widget\" data-settings=\"{&quot;ekit_we_effect_on&quot;:&quot;none&quot;}\" data-widget_type=\"shortcode.default\">\n\t\t\t\t<div class=\"elementor-widget-container\">\n\t\t\t\t\t\t\t<div class=\"elementor-shortcode\"><div class=\"wpc-food-tab-wrapper wpc-nav-shortcode main_wrapper_4ce6569d282dd142ca8b6e7428e497b6\" data-id=\"4ce6569d282dd142ca8b6e7428e497b6\">\r\n    \r\n    \t\t\t<ul class=\"wpc-nav\">\r\n\t\t\t\t\t\t\t\t\t\t<li>\r\n\t\t\t\t\t\t\t\t\t<a href='#' class='wpc-tab-a wpc-active' data-id='tab_0'\r\n\t\t\t\t\t\t\t\t\tdata-cat_id='105'>\r\n\t\t\t\t\t\t\t\t\t\t\t<span>\u041f\u0438\u0446\u0446\u0430 salat<\/span>\r\n\t\t\t\t\t\t\t\t\t<\/a>\r\n\t\t\t\t\t\t\t<\/li>\r\n\t\t\t\t\t\t\t\t\t\t<\/ul>\r\n\t\t\t    \r\n    <div class=\"wpc-tab-content wpc-widget-wrapper\">\r\n        \t\t\t<div class='wpc-tab tab-active' data-id='tab_0' data-cat_id='105'>\r\n\t\t\t\t\t<div class=\"tab_template_105_4ce6569d282dd142ca8b6e7428e497b6\"><\/div>\r\n\t\t\t\t\t<div class=\"template_data_105_4ce6569d282dd142ca8b6e7428e497b6\">\r\n\t\t\t\t\t\t\t\t\t\t\t\t<\/div>\r\n\t\t\t<\/div><!-- Tab pane 1 end -->\r\n\t\t\t    <\/div><!-- Tab content-->\r\n<\/div>\r\n<\/div>\n\t\t\t\t\t\t<\/div>\n\t\t\t\t<\/div>\n\t\t\t\t\t<\/div>\n\t\t<\/div>\n\t\t\t\t\t<\/div>\n\t\t<\/section>\n\t\t\t\t<\/div>\n\t\t","protected":false},"excerpt":{"rendered":"","protected":false},"author":1,"featured_media":0,"parent":0,"menu_order":0,"comment_status":"closed","ping_status":"closed","template":"template\/full-width-template.php","meta":{"footnotes":""},"class_list":["post-6682","page","type-page","status-publish","hentry"],"aioseo_notices":[],"_links":{"self":[{"href":"https:\/\/livrare-balti.md\/ro\/wp-json\/wp\/v2\/pages\/6682","targetHints":{"allow":["GET"]}}],"collection":[{"href":"https:\/\/livrare-balti.md\/ro\/wp-json\/wp\/v2\/pages"}],"about":[{"href":"https:\/\/livrare-balti.md\/ro\/wp-json\/wp\/v2\/types\/page"}],"author":[{"embeddable":true,"href":"https:\/\/livrare-balti.md\/ro\/wp-json\/wp\/v2\/users\/1"}],"replies":[{"embeddable":true,"href":"https:\/\/livrare-balti.md\/ro\/wp-json\/wp\/v2\/comments?post=6682"}],"version-history":[{"count":0,"href":"https:\/\/livrare-balti.md\/ro\/wp-json\/wp\/v2\/pages\/6682\/revisions"}],"wp:attachment":[{"href":"https:\/\/livrare-balti.md\/ro\/wp-json\/wp\/v2\/media?parent=6682"}],"curies":[{"name":"wp","href":"https:\/\/api.w.org\/{rel}","templated":true}]}}