{"id":3669,"date":"2019-10-20T06:19:12","date_gmt":"2019-10-20T03:19:12","guid":{"rendered":"https:\/\/livrare-balti.md\/?page_id=3669"},"modified":"2024-04-24T08:48:24","modified_gmt":"2024-04-24T06:48:24","slug":"dostavka","status":"publish","type":"page","link":"https:\/\/livrare-balti.md\/ro\/dostavka\/","title":{"rendered":"Livrare"},"content":{"rendered":"\t\t<div data-elementor-type=\"wp-page\" data-elementor-id=\"3669\" class=\"elementor elementor-3669\">\n\t\t\t\t\t\t<section class=\"elementor-section elementor-top-section elementor-element elementor-element-5342ea9 elementor-section-boxed elementor-section-height-default elementor-section-height-default\" data-id=\"5342ea9\" data-element_type=\"section\">\n\t\t\t\t\t\t<div class=\"elementor-container elementor-column-gap-default\">\n\t\t\t\t\t<div class=\"elementor-column elementor-col-50 elementor-top-column elementor-element elementor-element-a501994\" data-id=\"a501994\" data-element_type=\"column\">\n\t\t\t<div class=\"elementor-widget-wrap elementor-element-populated\">\n\t\t\t\t\t\t<div class=\"elementor-element elementor-element-4b18c88 elementor-widget elementor-widget-image\" data-id=\"4b18c88\" data-element_type=\"widget\" data-settings=\"{&quot;ekit_we_effect_on&quot;:&quot;none&quot;}\" data-widget_type=\"image.default\">\n\t\t\t\t<div class=\"elementor-widget-container\">\n\t\t\t\t\t\t\t\t\t\t\t\t\t\t\t<img fetchpriority=\"high\" decoding=\"async\" width=\"800\" height=\"450\" src=\"https:\/\/livrare-balti.md\/wp-content\/uploads\/2020\/11\/pizz-page-bg-900x506.jpg\" class=\"attachment-large size-large wp-image-2272\" alt=\"\" srcset=\"https:\/\/livrare-balti.md\/wp-content\/uploads\/2020\/11\/pizz-page-bg-900x506.jpg 900w, https:\/\/livrare-balti.md\/wp-content\/uploads\/2020\/11\/pizz-page-bg-600x338.jpg 600w, https:\/\/livrare-balti.md\/wp-content\/uploads\/2020\/11\/pizz-page-bg-300x169.jpg 300w, https:\/\/livrare-balti.md\/wp-content\/uploads\/2020\/11\/pizz-page-bg-768x432.jpg 768w, https:\/\/livrare-balti.md\/wp-content\/uploads\/2020\/11\/pizz-page-bg-1536x864.jpg 1536w, https:\/\/livrare-balti.md\/wp-content\/uploads\/2020\/11\/pizz-page-bg.jpg 1920w\" sizes=\"(max-width: 800px) 100vw, 800px\" \/>\t\t\t\t\t\t\t\t\t\t\t\t\t\t\t<\/div>\n\t\t\t\t<\/div>\n\t\t\t\t\t<\/div>\n\t\t<\/div>\n\t\t\t\t<div class=\"elementor-column elementor-col-50 elementor-top-column elementor-element elementor-element-863f7b8\" data-id=\"863f7b8\" data-element_type=\"column\">\n\t\t\t<div class=\"elementor-widget-wrap elementor-element-populated\">\n\t\t\t\t\t\t<div class=\"elementor-element elementor-element-13a034e elementor-widget elementor-widget-text-editor\" data-id=\"13a034e\" data-element_type=\"widget\" data-settings=\"{&quot;ekit_we_effect_on&quot;:&quot;none&quot;}\" data-widget_type=\"text-editor.default\">\n\t\t\t\t<div class=\"elementor-widget-container\">\n\t\t\t\t\t\t\t\t\t<p><span class=\"VIiyi\" lang=\"ro\"><span class=\"JLqJ4b ChMk0b\" data-language-for-alternatives=\"ro\" data-language-to-translate-into=\"ru\" data-phrase-index=\"0\">Selecta\u021bi un restaurant care v-a pl\u0103cut felul de m\u00e2ncare, confirma\u021bi comanda.<\/span> <span class=\"JLqJ4b ChMk0b\" data-language-for-alternatives=\"ro\" data-language-to-translate-into=\"ru\" data-phrase-index=\"1\">A\u0219tepta\u021bi ca operatorul nostru s\u0103 sune pentru a finaliza procedura de comand\u0103.<\/span> <span class=\"JLqJ4b ChMk0b\" data-language-for-alternatives=\"ro\" data-language-to-translate-into=\"ru\" data-phrase-index=\"2\">Operatorul v\u0103 va spune ora \u0219i costul livr\u0103rii.<\/span><\/span><\/p>\t\t\t\t\t\t\t\t<\/div>\n\t\t\t\t<\/div>\n\t\t\t\t<div class=\"elementor-element elementor-element-d34545d elementor-icon-list--layout-traditional elementor-list-item-link-full_width elementor-widget elementor-widget-icon-list\" data-id=\"d34545d\" data-element_type=\"widget\" data-settings=\"{&quot;ekit_we_effect_on&quot;:&quot;none&quot;}\" data-widget_type=\"icon-list.default\">\n\t\t\t\t<div class=\"elementor-widget-container\">\n\t\t\t\t\t\t\t<ul class=\"elementor-icon-list-items\">\n\t\t\t\t\t\t\t<li class=\"elementor-icon-list-item\">\n\t\t\t\t\t\t\t\t\t\t\t<span class=\"elementor-icon-list-icon\">\n\t\t\t\t\t\t\t<i aria-hidden=\"true\" class=\"fas fa-dot-circle\"><\/i>\t\t\t\t\t\t<\/span>\n\t\t\t\t\t\t\t\t\t\t<span class=\"elementor-icon-list-text\">Costul serviciului de livrare a comenzilor este afi\u0219at pe pagina fiec\u0103rui restaurant.<\/span>\n\t\t\t\t\t\t\t\t\t<\/li>\n\t\t\t\t\t\t\t\t<li class=\"elementor-icon-list-item\">\n\t\t\t\t\t\t\t\t\t\t\t<span class=\"elementor-icon-list-icon\">\n\t\t\t\t\t\t\t<i aria-hidden=\"true\" class=\"fas fa-dot-circle\"><\/i>\t\t\t\t\t\t<\/span>\n\t\t\t\t\t\t\t\t\t\t<span class=\"elementor-icon-list-text\">Mai detaliat procedura de plasare a unei comenzi, plata \u0219i livrarea acesteia este descris\u0103 \u00een Oferta Public\u0103.<\/span>\n\t\t\t\t\t\t\t\t\t<\/li>\n\t\t\t\t\t\t<\/ul>\n\t\t\t\t\t\t<\/div>\n\t\t\t\t<\/div>\n\t\t\t\t\t<\/div>\n\t\t<\/div>\n\t\t\t\t\t<\/div>\n\t\t<\/section>\n\t\t\t\t<section class=\"elementor-section elementor-top-section elementor-element elementor-element-64283ce5 elementor-section-full_width elementor-section-height-default elementor-section-height-default\" data-id=\"64283ce5\" data-element_type=\"section\">\n\t\t\t\t\t\t\t<div class=\"elementor-background-overlay\"><\/div>\n\t\t\t\t\t\t\t<div class=\"elementor-container elementor-column-gap-default\">\n\t\t\t\t\t<div class=\"elementor-column elementor-col-100 elementor-top-column elementor-element elementor-element-451b6ec\" data-id=\"451b6ec\" data-element_type=\"column\">\n\t\t\t<div class=\"elementor-widget-wrap elementor-element-populated\">\n\t\t\t\t\t\t<div class=\"elementor-element elementor-element-717816c2 elementor-widget elementor-widget-heading\" data-id=\"717816c2\" data-element_type=\"widget\" data-settings=\"{&quot;ekit_we_effect_on&quot;:&quot;none&quot;}\" data-widget_type=\"heading.default\">\n\t\t\t\t<div class=\"elementor-widget-container\">\n\t\t\t\t\t<h2 class=\"elementor-heading-title elementor-size-default\">Ce dore\u0219ti ast\u0103zi?<\/h2>\t\t\t\t<\/div>\n\t\t\t\t<\/div>\n\t\t\t\t<div class=\"elementor-element elementor-element-9903044 elementor-widget elementor-widget-heading\" data-id=\"9903044\" data-element_type=\"widget\" data-settings=\"{&quot;ekit_we_effect_on&quot;:&quot;none&quot;}\" data-widget_type=\"heading.default\">\n\t\t\t\t<div class=\"elementor-widget-container\">\n\t\t\t\t\t<h3 class=\"elementor-heading-title elementor-size-medium\">Livr\u0103m m\u00e2nc\u0103rurile preferate din restaurantele \u0219i magazinele din B\u0103l\u021bi.\n<\/h3>\t\t\t\t<\/div>\n\t\t\t\t<\/div>\n\t\t\t\t<div class=\"elementor-element elementor-element-6d3a2a50 elementor-widget elementor-widget-spacer\" data-id=\"6d3a2a50\" data-element_type=\"widget\" data-settings=\"{&quot;ekit_we_effect_on&quot;:&quot;none&quot;}\" data-widget_type=\"spacer.default\">\n\t\t\t\t<div class=\"elementor-widget-container\">\n\t\t\t\t\t\t\t<div class=\"elementor-spacer\">\n\t\t\t<div class=\"elementor-spacer-inner\"><\/div>\n\t\t<\/div>\n\t\t\t\t\t\t<\/div>\n\t\t\t\t<\/div>\n\t\t\t\t<div class=\"elementor-element elementor-element-5eb8e271 elementor-widget__width-auto elementor-widget elementor-widget-image\" data-id=\"5eb8e271\" data-element_type=\"widget\" data-settings=\"{&quot;ekit_we_effect_on&quot;:&quot;none&quot;}\" data-widget_type=\"image.default\">\n\t\t\t\t<div class=\"elementor-widget-container\">\n\t\t\t\t\t\t\t\t\t\t\t\t<figure class=\"wp-caption\">\n\t\t\t\t\t\t\t\t\t\t\t<a href=\"https:\/\/livrare-balti.md\/ro\/burgeri\/\">\n\t\t\t\t\t\t\t<img decoding=\"async\" width=\"200\" height=\"200\" src=\"https:\/\/livrare-balti.md\/wp-content\/uploads\/2024\/04\/burger.webp\" class=\"attachment-full size-full wp-image-21615\" alt=\"\" srcset=\"https:\/\/livrare-balti.md\/wp-content\/uploads\/2024\/04\/burger.webp 200w, https:\/\/livrare-balti.md\/wp-content\/uploads\/2024\/04\/burger-150x150.webp 150w\" sizes=\"(max-width: 200px) 100vw, 200px\" \/>\t\t\t\t\t\t\t\t<\/a>\n\t\t\t\t\t\t\t\t\t\t\t<figcaption class=\"widget-image-caption wp-caption-text\">BURGERI<\/figcaption>\n\t\t\t\t\t\t\t\t\t\t<\/figure>\n\t\t\t\t\t\t\t\t\t<\/div>\n\t\t\t\t<\/div>\n\t\t\t\t<div class=\"elementor-element elementor-element-5ee2c726 elementor-widget__width-auto elementor-widget elementor-widget-image\" data-id=\"5ee2c726\" data-element_type=\"widget\" data-settings=\"{&quot;ekit_we_effect_on&quot;:&quot;none&quot;}\" data-widget_type=\"image.default\">\n\t\t\t\t<div class=\"elementor-widget-container\">\n\t\t\t\t\t\t\t\t\t\t\t\t<figure class=\"wp-caption\">\n\t\t\t\t\t\t\t\t\t\t\t<a href=\"https:\/\/livrare-balti.md\/ro\/pizza\/\">\n\t\t\t\t\t\t\t<img decoding=\"async\" width=\"200\" height=\"200\" src=\"https:\/\/livrare-balti.md\/wp-content\/uploads\/2024\/04\/pizza.png\" class=\"attachment-full size-full wp-image-21601\" alt=\"\" srcset=\"https:\/\/livrare-balti.md\/wp-content\/uploads\/2024\/04\/pizza.png 200w, https:\/\/livrare-balti.md\/wp-content\/uploads\/2024\/04\/pizza-150x150.png 150w\" sizes=\"(max-width: 200px) 100vw, 200px\" \/>\t\t\t\t\t\t\t\t<\/a>\n\t\t\t\t\t\t\t\t\t\t\t<figcaption class=\"widget-image-caption wp-caption-text\">PIZZA<\/figcaption>\n\t\t\t\t\t\t\t\t\t\t<\/figure>\n\t\t\t\t\t\t\t\t\t<\/div>\n\t\t\t\t<\/div>\n\t\t\t\t<div class=\"elementor-element elementor-element-2139ecd7 elementor-widget__width-auto elementor-widget elementor-widget-image\" data-id=\"2139ecd7\" data-element_type=\"widget\" data-settings=\"{&quot;ekit_we_effect_on&quot;:&quot;none&quot;}\" data-widget_type=\"image.default\">\n\t\t\t\t<div class=\"elementor-widget-container\">\n\t\t\t\t\t\t\t\t\t\t\t\t<figure class=\"wp-caption\">\n\t\t\t\t\t\t\t\t\t\t\t<a href=\"https:\/\/livrare-balti.md\/ro\/sushi\/\">\n\t\t\t\t\t\t\t<img loading=\"lazy\" decoding=\"async\" width=\"200\" height=\"200\" src=\"https:\/\/livrare-balti.md\/wp-content\/uploads\/2024\/04\/sushi.webp\" class=\"attachment-full size-full wp-image-21613\" alt=\"\" srcset=\"https:\/\/livrare-balti.md\/wp-content\/uploads\/2024\/04\/sushi.webp 200w, https:\/\/livrare-balti.md\/wp-content\/uploads\/2024\/04\/sushi-150x150.webp 150w\" sizes=\"(max-width: 200px) 100vw, 200px\" \/>\t\t\t\t\t\t\t\t<\/a>\n\t\t\t\t\t\t\t\t\t\t\t<figcaption class=\"widget-image-caption wp-caption-text\">SUSHI<\/figcaption>\n\t\t\t\t\t\t\t\t\t\t<\/figure>\n\t\t\t\t\t\t\t\t\t<\/div>\n\t\t\t\t<\/div>\n\t\t\t\t<div class=\"elementor-element elementor-element-1944c7e7 elementor-widget__width-auto elementor-widget elementor-widget-image\" data-id=\"1944c7e7\" data-element_type=\"widget\" data-settings=\"{&quot;ekit_we_effect_on&quot;:&quot;none&quot;}\" data-widget_type=\"image.default\">\n\t\t\t\t<div class=\"elementor-widget-container\">\n\t\t\t\t\t\t\t\t\t\t\t\t<figure class=\"wp-caption\">\n\t\t\t\t\t\t\t\t\t\t\t<a href=\"https:\/\/livrare-balti.md\/ro\/mic-dejun\/\">\n\t\t\t\t\t\t\t<img loading=\"lazy\" decoding=\"async\" width=\"200\" height=\"200\" src=\"https:\/\/livrare-balti.md\/wp-content\/uploads\/2024\/04\/zavtraki.webp\" class=\"attachment-full size-full wp-image-21611\" alt=\"\" srcset=\"https:\/\/livrare-balti.md\/wp-content\/uploads\/2024\/04\/zavtraki.webp 200w, https:\/\/livrare-balti.md\/wp-content\/uploads\/2024\/04\/zavtraki-150x150.webp 150w\" sizes=\"(max-width: 200px) 100vw, 200px\" \/>\t\t\t\t\t\t\t\t<\/a>\n\t\t\t\t\t\t\t\t\t\t\t<figcaption class=\"widget-image-caption wp-caption-text\">MIC DEJUN<\/figcaption>\n\t\t\t\t\t\t\t\t\t\t<\/figure>\n\t\t\t\t\t\t\t\t\t<\/div>\n\t\t\t\t<\/div>\n\t\t\t\t<div class=\"elementor-element elementor-element-5c29f62e elementor-widget__width-auto elementor-widget elementor-widget-image\" data-id=\"5c29f62e\" data-element_type=\"widget\" data-settings=\"{&quot;ekit_we_effect_on&quot;:&quot;none&quot;}\" data-widget_type=\"image.default\">\n\t\t\t\t<div class=\"elementor-widget-container\">\n\t\t\t\t\t\t\t\t\t\t\t\t<figure class=\"wp-caption\">\n\t\t\t\t\t\t\t\t\t\t\t<a href=\"https:\/\/livrare-balti.md\/ro\/carne\/\">\n\t\t\t\t\t\t\t<img loading=\"lazy\" decoding=\"async\" width=\"200\" height=\"200\" src=\"https:\/\/livrare-balti.md\/wp-content\/uploads\/2024\/04\/myaso.png\" class=\"attachment-full size-full wp-image-21603\" alt=\"\" srcset=\"https:\/\/livrare-balti.md\/wp-content\/uploads\/2024\/04\/myaso.png 200w, https:\/\/livrare-balti.md\/wp-content\/uploads\/2024\/04\/myaso-150x150.png 150w\" sizes=\"(max-width: 200px) 100vw, 200px\" \/>\t\t\t\t\t\t\t\t<\/a>\n\t\t\t\t\t\t\t\t\t\t\t<figcaption class=\"widget-image-caption wp-caption-text\">CARNE<\/figcaption>\n\t\t\t\t\t\t\t\t\t\t<\/figure>\n\t\t\t\t\t\t\t\t\t<\/div>\n\t\t\t\t<\/div>\n\t\t\t\t<div class=\"elementor-element elementor-element-35a0cf42 elementor-widget__width-auto elementor-widget elementor-widget-image\" data-id=\"35a0cf42\" data-element_type=\"widget\" data-settings=\"{&quot;ekit_we_effect_on&quot;:&quot;none&quot;}\" data-widget_type=\"image.default\">\n\t\t\t\t<div class=\"elementor-widget-container\">\n\t\t\t\t\t\t\t\t\t\t\t\t<figure class=\"wp-caption\">\n\t\t\t\t\t\t\t\t\t\t\t<a href=\"https:\/\/livrare-balti.md\/ro\/peste\/\">\n\t\t\t\t\t\t\t<img loading=\"lazy\" decoding=\"async\" width=\"200\" height=\"200\" src=\"https:\/\/livrare-balti.md\/wp-content\/uploads\/2024\/04\/ryba.webp\" class=\"attachment-full size-full wp-image-21609\" alt=\"\" srcset=\"https:\/\/livrare-balti.md\/wp-content\/uploads\/2024\/04\/ryba.webp 200w, https:\/\/livrare-balti.md\/wp-content\/uploads\/2024\/04\/ryba-150x150.webp 150w\" sizes=\"(max-width: 200px) 100vw, 200px\" \/>\t\t\t\t\t\t\t\t<\/a>\n\t\t\t\t\t\t\t\t\t\t\t<figcaption class=\"widget-image-caption wp-caption-text\">PESTE<\/figcaption>\n\t\t\t\t\t\t\t\t\t\t<\/figure>\n\t\t\t\t\t\t\t\t\t<\/div>\n\t\t\t\t<\/div>\n\t\t\t\t<div class=\"elementor-element elementor-element-3cfc2ef3 elementor-widget__width-auto elementor-widget elementor-widget-image\" data-id=\"3cfc2ef3\" data-element_type=\"widget\" data-settings=\"{&quot;ekit_we_effect_on&quot;:&quot;none&quot;}\" data-widget_type=\"image.default\">\n\t\t\t\t<div class=\"elementor-widget-container\">\n\t\t\t\t\t\t\t\t\t\t\t\t<figure class=\"wp-caption\">\n\t\t\t\t\t\t\t\t\t\t\t<a href=\"https:\/\/livrare-balti.md\/ro\/salate\/\">\n\t\t\t\t\t\t\t<img loading=\"lazy\" decoding=\"async\" width=\"200\" height=\"200\" src=\"https:\/\/livrare-balti.md\/wp-content\/uploads\/2024\/04\/salaty.webp\" class=\"attachment-full size-full wp-image-21607\" alt=\"\" srcset=\"https:\/\/livrare-balti.md\/wp-content\/uploads\/2024\/04\/salaty.webp 200w, https:\/\/livrare-balti.md\/wp-content\/uploads\/2024\/04\/salaty-150x150.webp 150w\" sizes=\"(max-width: 200px) 100vw, 200px\" \/>\t\t\t\t\t\t\t\t<\/a>\n\t\t\t\t\t\t\t\t\t\t\t<figcaption class=\"widget-image-caption wp-caption-text\">SALATE<\/figcaption>\n\t\t\t\t\t\t\t\t\t\t<\/figure>\n\t\t\t\t\t\t\t\t\t<\/div>\n\t\t\t\t<\/div>\n\t\t\t\t<div class=\"elementor-element elementor-element-24a0e5c elementor-widget__width-auto elementor-widget elementor-widget-image\" data-id=\"24a0e5c\" data-element_type=\"widget\" data-settings=\"{&quot;ekit_we_effect_on&quot;:&quot;none&quot;}\" data-widget_type=\"image.default\">\n\t\t\t\t<div class=\"elementor-widget-container\">\n\t\t\t\t\t\t\t\t\t\t\t\t<figure class=\"wp-caption\">\n\t\t\t\t\t\t\t\t\t\t\t<a href=\"https:\/\/livrare-balti.md\/ro\/feluri-intai\/\">\n\t\t\t\t\t\t\t<img loading=\"lazy\" decoding=\"async\" width=\"200\" height=\"200\" src=\"https:\/\/livrare-balti.md\/wp-content\/uploads\/2024\/04\/supy.png\" class=\"attachment-full size-full wp-image-21605\" alt=\"\" srcset=\"https:\/\/livrare-balti.md\/wp-content\/uploads\/2024\/04\/supy.png 200w, https:\/\/livrare-balti.md\/wp-content\/uploads\/2024\/04\/supy-150x150.png 150w\" sizes=\"(max-width: 200px) 100vw, 200px\" \/>\t\t\t\t\t\t\t\t<\/a>\n\t\t\t\t\t\t\t\t\t\t\t<figcaption class=\"widget-image-caption wp-caption-text\">FELUL I<\/figcaption>\n\t\t\t\t\t\t\t\t\t\t<\/figure>\n\t\t\t\t\t\t\t\t\t<\/div>\n\t\t\t\t<\/div>\n\t\t\t\t<div class=\"elementor-element elementor-element-15abe132 elementor-widget__width-auto elementor-widget elementor-widget-image\" data-id=\"15abe132\" data-element_type=\"widget\" data-settings=\"{&quot;ekit_we_effect_on&quot;:&quot;none&quot;}\" data-widget_type=\"image.default\">\n\t\t\t\t<div class=\"elementor-widget-container\">\n\t\t\t\t\t\t\t\t\t\t\t\t<figure class=\"wp-caption\">\n\t\t\t\t\t\t\t\t\t\t\t<a href=\"https:\/\/livrare-balti.md\/ro\/alcool\/\">\n\t\t\t\t\t\t\t<img loading=\"lazy\" decoding=\"async\" width=\"200\" height=\"200\" src=\"https:\/\/livrare-balti.md\/wp-content\/uploads\/2024\/04\/alcohol.png\" class=\"attachment-full size-full wp-image-21597\" alt=\"\" srcset=\"https:\/\/livrare-balti.md\/wp-content\/uploads\/2024\/04\/alcohol.png 200w, https:\/\/livrare-balti.md\/wp-content\/uploads\/2024\/04\/alcohol-150x150.png 150w\" sizes=\"(max-width: 200px) 100vw, 200px\" \/>\t\t\t\t\t\t\t\t<\/a>\n\t\t\t\t\t\t\t\t\t\t\t<figcaption class=\"widget-image-caption wp-caption-text\">ALCOOL<\/figcaption>\n\t\t\t\t\t\t\t\t\t\t<\/figure>\n\t\t\t\t\t\t\t\t\t<\/div>\n\t\t\t\t<\/div>\n\t\t\t\t<div class=\"elementor-element elementor-element-2f39c227 elementor-widget__width-auto elementor-widget elementor-widget-image\" data-id=\"2f39c227\" data-element_type=\"widget\" data-settings=\"{&quot;ekit_we_effect_on&quot;:&quot;none&quot;}\" data-widget_type=\"image.default\">\n\t\t\t\t<div class=\"elementor-widget-container\">\n\t\t\t\t\t\t\t\t\t\t\t\t<figure class=\"wp-caption\">\n\t\t\t\t\t\t\t\t\t\t\t<a href=\"https:\/\/livrare-balti.md\/ro\/desert\/\">\n\t\t\t\t\t\t\t<img loading=\"lazy\" decoding=\"async\" width=\"200\" height=\"200\" src=\"https:\/\/livrare-balti.md\/wp-content\/uploads\/2024\/04\/deserty.png\" class=\"attachment-full size-full wp-image-21599\" alt=\"\" srcset=\"https:\/\/livrare-balti.md\/wp-content\/uploads\/2024\/04\/deserty.png 200w, https:\/\/livrare-balti.md\/wp-content\/uploads\/2024\/04\/deserty-150x150.png 150w\" sizes=\"(max-width: 200px) 100vw, 200px\" \/>\t\t\t\t\t\t\t\t<\/a>\n\t\t\t\t\t\t\t\t\t\t\t<figcaption class=\"widget-image-caption wp-caption-text\">DESERTURI<\/figcaption>\n\t\t\t\t\t\t\t\t\t\t<\/figure>\n\t\t\t\t\t\t\t\t\t<\/div>\n\t\t\t\t<\/div>\n\t\t\t\t<div class=\"elementor-element elementor-element-4e2ee328 elementor-widget elementor-widget-spacer\" data-id=\"4e2ee328\" data-element_type=\"widget\" data-settings=\"{&quot;ekit_we_effect_on&quot;:&quot;none&quot;}\" data-widget_type=\"spacer.default\">\n\t\t\t\t<div class=\"elementor-widget-container\">\n\t\t\t\t\t\t\t<div class=\"elementor-spacer\">\n\t\t\t<div class=\"elementor-spacer-inner\"><\/div>\n\t\t<\/div>\n\t\t\t\t\t\t<\/div>\n\t\t\t\t<\/div>\n\t\t\t\t<div class=\"elementor-element elementor-element-e3d2261 elementor-widget__width-inherit elementor-widget elementor-widget-text-editor\" data-id=\"e3d2261\" data-element_type=\"widget\" data-settings=\"{&quot;ekit_we_effect_on&quot;:&quot;none&quot;}\" data-widget_type=\"text-editor.default\">\n\t\t\t\t<div class=\"elementor-widget-container\">\n\t\t\t\t\t\t\t\t\t<h2 style=\"text-align: center;\"><strong>Comanda\u021bi un curier &#8211; suna\u021bi <a href=\"tel:078126777\" target=\"_blank\" rel=\"noopener\">078126777<\/a><\/strong><\/h2><p><img loading=\"lazy\" decoding=\"async\" class=\"alignright wp-image-21663\" src=\"https:\/\/livrare-balti.md\/wp-content\/uploads\/2024\/04\/livrare-balti-foto-900x750.jpg\" alt=\"\" width=\"438\" height=\"365\" srcset=\"https:\/\/livrare-balti.md\/wp-content\/uploads\/2024\/04\/livrare-balti-foto-900x750.jpg 900w, https:\/\/livrare-balti.md\/wp-content\/uploads\/2024\/04\/livrare-balti-foto-300x250.jpg 300w, https:\/\/livrare-balti.md\/wp-content\/uploads\/2024\/04\/livrare-balti-foto-768x640.jpg 768w, https:\/\/livrare-balti.md\/wp-content\/uploads\/2024\/04\/livrare-balti-foto-600x500.jpg 600w, https:\/\/livrare-balti.md\/wp-content\/uploads\/2024\/04\/livrare-balti-foto.jpg 960w\" sizes=\"(max-width: 438px) 100vw, 438px\" \/><\/p><p style=\"text-align: left;\">Serviciul de curierat este o solu\u021bie rapid\u0103 \u0219i convenabil\u0103 pentru a trimite un colet important, fie c\u0103 este vorba de documente, cadouri, obiecte de valoare sau fragile, un buchet de flori etc.<\/p><p>Avantajul acestui serviciu este c\u0103 poate fi utilizat at\u00e2t \u00een scopuri profesionale, c\u00e2t \u0219i personale.<\/p><p>Ast\u0103zi, serviciile de curierat ne u\u0219ureaz\u0103 via\u021ba \u0219i ne creeaz\u0103 condi\u021bii confortabile. Prin urmare, v\u0103 pute\u021bi adresa companiei noastre pentru livrarea alimentelor, medicamentelor sau a altor bunuri necesare.<\/p><p>Aceasta este solu\u021bia ideal\u0103 pentru dumneavoastr\u0103, deoarece lucr\u0103m rapid \u0219i cu pl\u0103cere vom \u00eendeplini aceast\u0103 sarcin\u0103 dac\u0103 nu ave\u021bi suficient timp.<\/p><hr \/>\t\t\t\t\t\t\t\t<\/div>\n\t\t\t\t<\/div>\n\t\t\t\t\t<\/div>\n\t\t<\/div>\n\t\t\t\t\t<\/div>\n\t\t<\/section>\n\t\t\t\t<\/div>\n\t\t","protected":false},"excerpt":{"rendered":"<p>Selecta\u021bi un restaurant care v-a pl\u0103cut felul de m\u00e2ncare, confirma\u021bi comanda. A\u0219tepta\u021bi ca operatorul nostru s\u0103 sune pentru a finaliza procedura de comand\u0103. Operatorul v\u0103 va spune ora \u0219i costul livr\u0103rii. Costul serviciului de livrare a comenzilor este afi\u0219at pe pagina fiec\u0103rui restaurant. Mai detaliat procedura de plasare a unei comenzi, plata \u0219i livrarea acesteia [&hellip;]<\/p>\n","protected":false},"author":1,"featured_media":0,"parent":0,"menu_order":0,"comment_status":"closed","ping_status":"closed","template":"template\/full-width-template.php","meta":{"footnotes":""},"class_list":["post-3669","page","type-page","status-publish","hentry"],"aioseo_notices":[],"_links":{"self":[{"href":"https:\/\/livrare-balti.md\/ro\/wp-json\/wp\/v2\/pages\/3669","targetHints":{"allow":["GET"]}}],"collection":[{"href":"https:\/\/livrare-balti.md\/ro\/wp-json\/wp\/v2\/pages"}],"about":[{"href":"https:\/\/livrare-balti.md\/ro\/wp-json\/wp\/v2\/types\/page"}],"author":[{"embeddable":true,"href":"https:\/\/livrare-balti.md\/ro\/wp-json\/wp\/v2\/users\/1"}],"replies":[{"embeddable":true,"href":"https:\/\/livrare-balti.md\/ro\/wp-json\/wp\/v2\/comments?post=3669"}],"version-history":[{"count":0,"href":"https:\/\/livrare-balti.md\/ro\/wp-json\/wp\/v2\/pages\/3669\/revisions"}],"wp:attachment":[{"href":"https:\/\/livrare-balti.md\/ro\/wp-json\/wp\/v2\/media?parent=3669"}],"curies":[{"name":"wp","href":"https:\/\/api.w.org\/{rel}","templated":true}]}}