{"id":26467,"date":"2025-04-27T15:58:40","date_gmt":"2025-04-27T13:58:40","guid":{"rendered":"https:\/\/livrare-balti.md\/?page_id=26467"},"modified":"2025-04-27T16:00:13","modified_gmt":"2025-04-27T14:00:13","slug":"politica-de-confidentialitate","status":"publish","type":"page","link":"https:\/\/livrare-balti.md\/ro\/politica-de-confidentialitate\/","title":{"rendered":"Politica de Confiden\u021bialitate"},"content":{"rendered":"\t\t<div data-elementor-type=\"wp-page\" data-elementor-id=\"26467\" class=\"elementor elementor-26467\">\n\t\t\t\t\t\t<section class=\"elementor-section elementor-top-section elementor-element elementor-element-880f2ef elementor-section-boxed elementor-section-height-default elementor-section-height-default\" data-id=\"880f2ef\" data-element_type=\"section\" data-settings=\"{&quot;background_background&quot;:&quot;classic&quot;}\">\n\t\t\t\t\t\t<div class=\"elementor-container elementor-column-gap-default\">\n\t\t\t\t\t<div class=\"elementor-column elementor-col-100 elementor-top-column elementor-element elementor-element-920c94d\" data-id=\"920c94d\" data-element_type=\"column\">\n\t\t\t<div class=\"elementor-widget-wrap elementor-element-populated\">\n\t\t\t\t\t\t<div class=\"elementor-element elementor-element-ab1faee elementor-widget elementor-widget-text-editor\" data-id=\"ab1faee\" data-element_type=\"widget\" data-settings=\"{&quot;ekit_we_effect_on&quot;:&quot;none&quot;}\" data-widget_type=\"text-editor.default\">\n\t\t\t\t<div class=\"elementor-widget-container\">\n\t\t\t\t\t\t\t\t\t<p class=\"\" data-start=\"46\" data-end=\"80\"><strong data-start=\"46\" data-end=\"80\">Ultima actualizare: 01.03.2025<\/strong><\/p><p class=\"\" data-start=\"82\" data-end=\"395\">Aceast\u0103 Politic\u0103 de Confiden\u021bialitate descrie politicile \u0219i procedurile noastre privind colectarea, utilizarea \u0219i divulgarea informa\u021biilor dumneavoastr\u0103 atunci c\u00e2nd utiliza\u021bi Serviciul, precum \u0219i v\u0103 informeaz\u0103 despre drepturile dumneavoastr\u0103 privind confiden\u021bialitatea \u0219i despre modul \u00een care legea v\u0103 protejeaz\u0103.<\/p><p class=\"\" data-start=\"397\" data-end=\"623\">Folosim datele dumneavoastr\u0103 personale pentru a furniza \u0219i \u00eembun\u0103t\u0103\u021bi Serviciul. Prin utilizarea Serviciului, sunte\u021bi de acord cu colectarea \u0219i utilizarea informa\u021biilor \u00een conformitate cu aceast\u0103 Politic\u0103 de Confiden\u021bialitate.<\/p><h3 class=\"\" data-start=\"625\" data-end=\"654\">Interpretare \u0219i defini\u021bii<\/h3><p class=\"\" data-start=\"656\" data-end=\"672\"><strong data-start=\"656\" data-end=\"672\">Interpretare<\/strong><\/p><p class=\"\" data-start=\"674\" data-end=\"868\">Cuvintele al c\u0103ror ini\u021bial\u0103 este scris\u0103 cu majuscul\u0103 au semnifica\u021bii definite \u00een condi\u021biile de mai jos. Aceste defini\u021bii au acela\u0219i \u00een\u021beles indiferent dac\u0103 sunt utilizate la singular sau plural.<\/p><p class=\"\" data-start=\"870\" data-end=\"883\"><strong data-start=\"870\" data-end=\"883\">Defini\u021bii<\/strong><\/p><p class=\"\" data-start=\"885\" data-end=\"936\">\u00cen contextul acestei Politici de Confiden\u021bialitate:<\/p><ul data-start=\"938\" data-end=\"2106\"><li class=\"\" data-start=\"938\" data-end=\"1056\"><p class=\"\" data-start=\"940\" data-end=\"1056\"><strong data-start=\"940\" data-end=\"950\">\u201eCont\u201d<\/strong> \u00eenseamn\u0103 un cont unic creat pentru dumneavoastr\u0103 pentru a accesa Serviciul nostru sau p\u0103r\u021bi ale acestuia.<\/p><\/li><li class=\"\" data-start=\"1057\" data-end=\"1235\"><p class=\"\" data-start=\"1059\" data-end=\"1235\"><strong data-start=\"1059\" data-end=\"1073\">\u201eCompania\u201d<\/strong> (denumit\u0103 \u0219i \u201eCompania\u201d, \u201eNoi\u201d, \u201eNou\u0103\u201d sau \u201eAl nostru\u201d) se refer\u0103 la <strong data-start=\"1143\" data-end=\"1164\">Marol-Eltrans SRL<\/strong>, IDNO 1018602017084. \u00cen scopul GDPR, Compania este operatorul de date.<\/p><\/li><li class=\"\" data-start=\"1236\" data-end=\"1280\"><p class=\"\" data-start=\"1238\" data-end=\"1280\"><strong data-start=\"1238\" data-end=\"1248\">\u201e\u021aara\u201d<\/strong> se refer\u0103 la Republica Moldova.<\/p><\/li><li class=\"\" data-start=\"1281\" data-end=\"1388\"><p class=\"\" data-start=\"1283\" data-end=\"1388\"><strong data-start=\"1283\" data-end=\"1303\">\u201eDate personale\u201d<\/strong> \u00eenseamn\u0103 orice informa\u021bie referitoare la o persoan\u0103 identificat\u0103 sau identificabil\u0103.<\/p><\/li><li class=\"\" data-start=\"1389\" data-end=\"1517\"><p class=\"\" data-start=\"1391\" data-end=\"1517\"><strong data-start=\"1391\" data-end=\"1407\">\u201eDispozitiv\u201d<\/strong> \u00eenseamn\u0103 orice dispozitiv care poate accesa Serviciul, cum ar fi un computer, un telefon mobil sau o tablet\u0103.<\/p><\/li><li class=\"\" data-start=\"1518\" data-end=\"1688\"><p class=\"\" data-start=\"1520\" data-end=\"1688\"><strong data-start=\"1520\" data-end=\"1543\">\u201eDate de utilizare\u201d<\/strong> sunt date colectate automat fie generate de utilizarea Serviciului, fie din infrastructura Serviciului (de exemplu, durata vizitei pe o pagin\u0103).<\/p><\/li><li class=\"\" data-start=\"1689\" data-end=\"1849\"><p class=\"\" data-start=\"1691\" data-end=\"1849\"><strong data-start=\"1691\" data-end=\"1707\">\u201eCookie-uri\u201d<\/strong> sunt fi\u0219iere mici plasate pe dispozitivul dumneavoastr\u0103 de c\u0103tre un site web, care con\u021bin informa\u021bii despre istoricul navig\u0103rii pe acel site.<\/p><\/li><li class=\"\" data-start=\"1850\" data-end=\"1899\"><p class=\"\" data-start=\"1852\" data-end=\"1899\"><strong data-start=\"1852\" data-end=\"1866\">\u201eServiciu\u201d<\/strong> se refer\u0103 la site-ul nostru web.<\/p><\/li><li class=\"\" data-start=\"1900\" data-end=\"2014\"><p class=\"\" data-start=\"1902\" data-end=\"2014\"><strong data-start=\"1902\" data-end=\"1928\">\u201eFurnizor de servicii\u201d<\/strong> \u00eenseamn\u0103 orice persoan\u0103 fizic\u0103 sau juridic\u0103 care proceseaz\u0103 date \u00een numele Companiei.<\/p><\/li><li class=\"\" data-start=\"2015\" data-end=\"2106\"><p class=\"\" data-start=\"2017\" data-end=\"2106\"><strong data-start=\"2017\" data-end=\"2036\">\u201eDumneavoastr\u0103\u201d<\/strong> se refer\u0103 la persoana fizic\u0103 care acceseaz\u0103 sau utilizeaz\u0103 Serviciul.<\/p><\/li><\/ul><h3 class=\"\" data-start=\"2108\" data-end=\"2154\">Colectarea \u0219i utilizarea datelor personale<\/h3><p class=\"\" data-start=\"2156\" data-end=\"2184\"><strong data-start=\"2156\" data-end=\"2184\">Tipuri de date colectate<\/strong><\/p><p class=\"\" data-start=\"2186\" data-end=\"2204\"><strong data-start=\"2186\" data-end=\"2204\">Date personale<\/strong><\/p><p class=\"\" data-start=\"2206\" data-end=\"2449\">\u00cen timpul utiliz\u0103rii Serviciului nostru, este posibil s\u0103 v\u0103 cerem s\u0103 ne furniza\u021bi anumite informa\u021bii de identificare personal\u0103, care pot fi utilizate pentru a v\u0103 contacta sau identifica. Informa\u021biile personale pot include, f\u0103r\u0103 a se limita la:<\/p><ul data-start=\"2451\" data-end=\"2557\"><li class=\"\" data-start=\"2451\" data-end=\"2468\"><p class=\"\" data-start=\"2453\" data-end=\"2468\">Adresa de email<\/p><\/li><li class=\"\" data-start=\"2469\" data-end=\"2490\"><p class=\"\" data-start=\"2471\" data-end=\"2490\">Numele \u0219i prenumele<\/p><\/li><li class=\"\" data-start=\"2491\" data-end=\"2537\"><p class=\"\" data-start=\"2493\" data-end=\"2537\">Informa\u021bii despre autentificarea prin Google<\/p><\/li><li class=\"\" data-start=\"2538\" data-end=\"2557\"><p class=\"\" data-start=\"2540\" data-end=\"2557\">Date de utilizare<\/p><\/li><\/ul><p class=\"\" data-start=\"2559\" data-end=\"2580\"><strong data-start=\"2559\" data-end=\"2580\">Date de utilizare<\/strong><\/p><p class=\"\" data-start=\"2582\" data-end=\"2658\">Datele de utilizare sunt colectate automat \u00een timpul utiliz\u0103rii Serviciului.<\/p><p class=\"\" data-start=\"2660\" data-end=\"2928\">Aceste date pot include informa\u021bii precum adresa IP a dispozitivului dumneavoastr\u0103, tipul browserului, versiunea browserului, paginile Serviciului nostru pe care le vizita\u021bi, ora \u0219i data vizitei, timpul petrecut pe acele pagini \u0219i al\u021bi identificatori de diagnosticare.<\/p><h3 class=\"\" data-start=\"2930\" data-end=\"2970\">Tehnologii de urm\u0103rire \u0219i Cookie-uri<\/h3><p class=\"\" data-start=\"2972\" data-end=\"3282\">Folosim Cookie-uri \u0219i tehnologii similare pentru a urm\u0103ri activitatea pe Serviciul nostru \u0219i pentru a stoca anumite informa\u021bii. Tehnologiile de urm\u0103rire utilizate includ balize, etichete \u0219i scripturi pentru colectarea \u0219i urm\u0103rirea informa\u021biilor, precum \u0219i pentru \u00eembun\u0103t\u0103\u021birea \u0219i analizarea Serviciului nostru.<\/p><h3 class=\"\" data-start=\"3284\" data-end=\"3330\">Utilizarea datelor dumneavoastr\u0103 personale<\/h3><p class=\"\" data-start=\"3332\" data-end=\"3408\">Compania poate folosi datele dumneavoastr\u0103 personale \u00een urm\u0103toarele scopuri:<\/p><ul data-start=\"3410\" data-end=\"3955\"><li class=\"\" data-start=\"3410\" data-end=\"3456\"><p class=\"\" data-start=\"3412\" data-end=\"3456\">Pentru a furniza \u0219i men\u021bine Serviciul nostru<\/p><\/li><li class=\"\" data-start=\"3457\" data-end=\"3573\"><p class=\"\" data-start=\"3459\" data-end=\"3573\">Pentru a gestiona Contul dumneavoastr\u0103: pentru a gestiona \u00eenregistrarea dumneavoastr\u0103 ca utilizator al Serviciului<\/p><\/li><li class=\"\" data-start=\"3574\" data-end=\"3737\"><p class=\"\" data-start=\"3576\" data-end=\"3737\">Pentru executarea unui contract: dezvoltarea, respectarea \u0219i executarea contractului de v\u00e2nzare-cump\u0103rare pentru produsele, bunurile sau serviciile achizi\u021bionate<\/p><\/li><li class=\"\" data-start=\"3738\" data-end=\"3825\"><p class=\"\" data-start=\"3740\" data-end=\"3825\">Pentru a v\u0103 contacta: prin email sau alte forme echivalente de comunicare electronic\u0103<\/p><\/li><li class=\"\" data-start=\"3826\" data-end=\"3955\"><p class=\"\" data-start=\"3828\" data-end=\"3955\">Pentru a v\u0103 oferi nout\u0103\u021bi, oferte speciale \u0219i informa\u021bii generale despre alte produse, servicii \u0219i evenimente pe care le oferim<\/p><\/li><\/ul><h3 class=\"\" data-start=\"3957\" data-end=\"4003\">Divulgarea datelor dumneavoastr\u0103 personale<\/h3><p class=\"\" data-start=\"4005\" data-end=\"4072\">Putem divulga datele dumneavoastr\u0103 personale \u00een urm\u0103toarele cazuri:<\/p><ul data-start=\"4074\" data-end=\"4678\"><li class=\"\" data-start=\"4074\" data-end=\"4246\"><p class=\"\" data-start=\"4076\" data-end=\"4246\"><strong data-start=\"4076\" data-end=\"4108\">C\u0103tre Furnizori de servicii:<\/strong> Putem partaja informa\u021biile dumneavoastr\u0103 personale cu Furnizori de servicii pentru a monitoriza \u0219i analiza utilizarea Serviciului nostru.<\/p><\/li><li class=\"\" data-start=\"4247\" data-end=\"4542\"><p class=\"\" data-start=\"4249\" data-end=\"4542\"><strong data-start=\"4249\" data-end=\"4286\">\u00cen cazul transferului de afaceri:<\/strong> Putem divulga sau transfera datele dumneavoastr\u0103 personale \u00een leg\u0103tur\u0103 cu, sau \u00een timpul negocierilor privind o fuziune, v\u00e2nzare de active ale Companiei, finan\u021bare sau achizi\u021bionare a \u00eentregii Companii sau a unei p\u0103r\u021bi a acesteia de c\u0103tre o alt\u0103 companie.<\/p><\/li><li class=\"\" data-start=\"4543\" data-end=\"4678\"><p class=\"\" data-start=\"4545\" data-end=\"4678\"><strong data-start=\"4545\" data-end=\"4581\">Cu consim\u021b\u0103m\u00e2ntul dumneavoastr\u0103:<\/strong> Putem divulga datele dumneavoastr\u0103 personale \u00een orice alt scop, cu consim\u021b\u0103m\u00e2ntul dumneavoastr\u0103.<\/p><\/li><\/ul><h3 class=\"\" data-start=\"4680\" data-end=\"4714\">Stocarea \u0219i transferul datelor<\/h3><p class=\"\" data-start=\"4716\" data-end=\"5008\">Informa\u021biile dumneavoastr\u0103, inclusiv Datele Personale, sunt prelucrate la sediile opera\u021bionale ale Companiei \u0219i \u00een alte loca\u021bii unde se afl\u0103 p\u0103r\u021bile implicate \u00een procesare. Aceste date pot fi transferate \u0219i p\u0103strate pe calculatoare situate \u00een afara \u021b\u0103rii sau altei jurisdic\u021bii guvernamentale.<\/p><h3 class=\"\" data-start=\"5010\" data-end=\"5057\">Securitatea datelor dumneavoastr\u0103 personale<\/h3><p class=\"\" data-start=\"5059\" data-end=\"5355\">Securitatea datelor dumneavoastr\u0103 personale este important\u0103 pentru noi, \u00eens\u0103 re\u021bine\u021bi c\u0103 nicio metod\u0103 de transmitere pe Internet sau de stocare electronic\u0103 nu este 100% sigur\u0103. Depunem eforturi comerciale rezonabile pentru a v\u0103 proteja datele personale, dar nu putem garanta securitatea absolut\u0103.<\/p><h3 class=\"\" data-start=\"5357\" data-end=\"5401\">Drepturile dumneavoastr\u0103 \u00een temeiul GDPR<\/h3><p class=\"\" data-start=\"5403\" data-end=\"5504\">\u00cen conformitate cu Regulamentul General privind Protec\u021bia Datelor (GDPR), ave\u021bi urm\u0103toarele drepturi:<\/p><ul data-start=\"5506\" data-end=\"5784\"><li class=\"\" data-start=\"5506\" data-end=\"5606\"><p class=\"\" data-start=\"5508\" data-end=\"5606\">Dreptul de acces, actualizare sau \u0219tergere a informa\u021biilor pe care le de\u021binem despre dumneavoastr\u0103<\/p><\/li><li class=\"\" data-start=\"5607\" data-end=\"5631\"><p class=\"\" data-start=\"5609\" data-end=\"5631\">Dreptul de rectificare<\/p><\/li><li class=\"\" data-start=\"5632\" data-end=\"5667\"><p class=\"\" data-start=\"5634\" data-end=\"5667\">Dreptul de a v\u0103 opune prelucr\u0103rii<\/p><\/li><li class=\"\" data-start=\"5668\" data-end=\"5707\"><p class=\"\" data-start=\"5670\" data-end=\"5707\">Dreptul de a restric\u021biona prelucrarea<\/p><\/li><li class=\"\" data-start=\"5708\" data-end=\"5743\"><p class=\"\" data-start=\"5710\" data-end=\"5743\">Dreptul la portabilitatea datelor<\/p><\/li><li class=\"\" data-start=\"5744\" data-end=\"5784\"><p class=\"\" data-start=\"5746\" data-end=\"5784\">Dreptul de a v\u0103 retrage consim\u021b\u0103m\u00e2ntul<\/p><\/li><\/ul><p class=\"\" data-start=\"5786\" data-end=\"5903\">Pentru a v\u0103 exercita aceste drepturi, ne pute\u021bi contacta folosind datele de contact de la sf\u00e2r\u0219itul acestei Politici.<\/p><h3 class=\"\" data-start=\"5905\" data-end=\"5961\">Modific\u0103ri ale acestei Politici de Confiden\u021bialitate<\/h3><p class=\"\" data-start=\"5963\" data-end=\"6114\">Putem actualiza periodic Politica noastr\u0103 de Confiden\u021bialitate. V\u0103 vom informa despre orice modificare prin publicarea noii Politici pe aceast\u0103 pagin\u0103.<\/p><h3 class=\"\" data-start=\"6116\" data-end=\"6133\">Contacta\u021bi-ne<\/h3><p class=\"\" data-start=\"6135\" data-end=\"6221\">Dac\u0103 ave\u021bi \u00eentreb\u0103ri despre aceast\u0103 Politic\u0103 de Confiden\u021bialitate, ne pute\u021bi contacta:<\/p><ul data-start=\"6223\" data-end=\"6296\"><li class=\"\" data-start=\"6223\" data-end=\"6260\"><p class=\"\" data-start=\"6225\" data-end=\"6260\">Prin email: <strong data-start=\"6237\" data-end=\"6260\"><a rel=\"noopener\" data-start=\"6239\" data-end=\"6258\">livrareofis@mail.ru<\/a><\/strong><\/p><\/li><li class=\"\" data-start=\"6261\" data-end=\"6296\"><p class=\"\" data-start=\"6263\" data-end=\"6296\">Prin telefon: <strong data-start=\"6277\" data-end=\"6296\">+373 780 77 072<\/strong><\/p><\/li><\/ul>\t\t\t\t\t\t\t\t<\/div>\n\t\t\t\t<\/div>\n\t\t\t\t\t<\/div>\n\t\t<\/div>\n\t\t\t\t\t<\/div>\n\t\t<\/section>\n\t\t\t\t<\/div>\n\t\t","protected":false},"excerpt":{"rendered":"<p>Ultima actualizare: 01.03.2025 Aceast\u0103 Politic\u0103 de Confiden\u021bialitate descrie politicile \u0219i procedurile noastre privind colectarea, utilizarea \u0219i divulgarea informa\u021biilor dumneavoastr\u0103 atunci c\u00e2nd utiliza\u021bi Serviciul, precum \u0219i v\u0103 informeaz\u0103 despre drepturile dumneavoastr\u0103 privind confiden\u021bialitatea \u0219i despre modul \u00een care legea v\u0103 protejeaz\u0103. Folosim datele dumneavoastr\u0103 personale pentru a furniza \u0219i \u00eembun\u0103t\u0103\u021bi Serviciul. Prin utilizarea Serviciului, sunte\u021bi de [&hellip;]<\/p>\n","protected":false},"author":1,"featured_media":0,"parent":0,"menu_order":0,"comment_status":"closed","ping_status":"closed","template":"template\/full-width-template.php","meta":{"footnotes":""},"class_list":["post-26467","page","type-page","status-publish","hentry"],"aioseo_notices":[],"_links":{"self":[{"href":"https:\/\/livrare-balti.md\/ro\/wp-json\/wp\/v2\/pages\/26467","targetHints":{"allow":["GET"]}}],"collection":[{"href":"https:\/\/livrare-balti.md\/ro\/wp-json\/wp\/v2\/pages"}],"about":[{"href":"https:\/\/livrare-balti.md\/ro\/wp-json\/wp\/v2\/types\/page"}],"author":[{"embeddable":true,"href":"https:\/\/livrare-balti.md\/ro\/wp-json\/wp\/v2\/users\/1"}],"replies":[{"embeddable":true,"href":"https:\/\/livrare-balti.md\/ro\/wp-json\/wp\/v2\/comments?post=26467"}],"version-history":[{"count":4,"href":"https:\/\/livrare-balti.md\/ro\/wp-json\/wp\/v2\/pages\/26467\/revisions"}],"predecessor-version":[{"id":26479,"href":"https:\/\/livrare-balti.md\/ro\/wp-json\/wp\/v2\/pages\/26467\/revisions\/26479"}],"wp:attachment":[{"href":"https:\/\/livrare-balti.md\/ro\/wp-json\/wp\/v2\/media?parent=26467"}],"curies":[{"name":"wp","href":"https:\/\/api.w.org\/{rel}","templated":true}]}}