{"id":24234,"date":"2024-11-28T19:53:08","date_gmt":"2024-11-28T17:53:08","guid":{"rendered":"https:\/\/livrare-balti.md\/?page_id=24234"},"modified":"2024-11-28T19:54:10","modified_gmt":"2024-11-28T17:54:10","slug":"impressum","status":"publish","type":"page","link":"https:\/\/livrare-balti.md\/ro\/impressum\/","title":{"rendered":"Impressum"},"content":{"rendered":"\t\t<div data-elementor-type=\"wp-page\" data-elementor-id=\"24234\" class=\"elementor elementor-24234\">\n\t\t\t\t\t\t<section class=\"elementor-section elementor-top-section elementor-element elementor-element-880f2ef elementor-section-boxed elementor-section-height-default elementor-section-height-default\" data-id=\"880f2ef\" data-element_type=\"section\" data-settings=\"{&quot;background_background&quot;:&quot;classic&quot;}\">\n\t\t\t\t\t\t<div class=\"elementor-container elementor-column-gap-default\">\n\t\t\t\t\t<div class=\"elementor-column elementor-col-100 elementor-top-column elementor-element elementor-element-920c94d\" data-id=\"920c94d\" data-element_type=\"column\">\n\t\t\t<div class=\"elementor-widget-wrap elementor-element-populated\">\n\t\t\t\t\t\t<div class=\"elementor-element elementor-element-ab1faee elementor-widget elementor-widget-text-editor\" data-id=\"ab1faee\" data-element_type=\"widget\" data-settings=\"{&quot;ekit_we_effect_on&quot;:&quot;none&quot;}\" data-widget_type=\"text-editor.default\">\n\t\t\t\t<div class=\"elementor-widget-container\">\n\t\t\t\t\t\t\t\t\t<h2 style=\"text-align: center;\"><strong>Marol-Eltrans S.R.L<br \/><\/strong><\/h2><p>str. Bulgar\u0103, 158<br \/>B\u0103l\u0163i, MD-3100<\/p><p><b>Tel<\/b>. +373 780 77 072<\/p><p><b>Email<\/b>: info@livrare-balti.md<br \/><b>Website<\/b>: https:\/\/livrare-balti.md<\/p><p><b>Managing Director<\/b>: Carau\u015f Elena<\/p><p><b>Registered number:<\/b> 1018602017084<\/p><p><strong>IBAN<\/strong> MD48VI022240100000360MDL<br \/>B.C.VICTORIABANK S.A.fil.nr.1.Balti<br \/>VICBMD2X740<\/p>\t\t\t\t\t\t\t\t<\/div>\n\t\t\t\t<\/div>\n\t\t\t\t\t<\/div>\n\t\t<\/div>\n\t\t\t\t\t<\/div>\n\t\t<\/section>\n\t\t\t\t<\/div>\n\t\t","protected":false},"excerpt":{"rendered":"<p>Marol-Eltrans S.R.L str. Bulgar\u0103, 158 B\u0103l\u0163i, MD-3100 Tel. +373 780 77 072 Email: info@livrare-balti.md Website: https:\/\/livrare-balti.md Managing Director: Carau\u015f Elena Registered number: 1018602017084 IBAN MD48VI022240100000360MDL B.C.VICTORIABANK S.A.fil.nr.1.Balti VICBMD2X740<\/p>\n","protected":false},"author":1,"featured_media":0,"parent":0,"menu_order":0,"comment_status":"closed","ping_status":"closed","template":"template\/full-width-template.php","meta":{"footnotes":""},"class_list":["post-24234","page","type-page","status-publish","hentry"],"aioseo_notices":[],"_links":{"self":[{"href":"https:\/\/livrare-balti.md\/ro\/wp-json\/wp\/v2\/pages\/24234","targetHints":{"allow":["GET"]}}],"collection":[{"href":"https:\/\/livrare-balti.md\/ro\/wp-json\/wp\/v2\/pages"}],"about":[{"href":"https:\/\/livrare-balti.md\/ro\/wp-json\/wp\/v2\/types\/page"}],"author":[{"embeddable":true,"href":"https:\/\/livrare-balti.md\/ro\/wp-json\/wp\/v2\/users\/1"}],"replies":[{"embeddable":true,"href":"https:\/\/livrare-balti.md\/ro\/wp-json\/wp\/v2\/comments?post=24234"}],"version-history":[{"count":5,"href":"https:\/\/livrare-balti.md\/ro\/wp-json\/wp\/v2\/pages\/24234\/revisions"}],"predecessor-version":[{"id":24248,"href":"https:\/\/livrare-balti.md\/ro\/wp-json\/wp\/v2\/pages\/24234\/revisions\/24248"}],"wp:attachment":[{"href":"https:\/\/livrare-balti.md\/ro\/wp-json\/wp\/v2\/media?parent=24234"}],"curies":[{"name":"wp","href":"https:\/\/api.w.org\/{rel}","templated":true}]}}