{"id":12165,"date":"2021-10-02T21:59:52","date_gmt":"2021-10-02T18:59:52","guid":{"rendered":"https:\/\/livrare-balti.md\/?page_id=12165"},"modified":"2021-10-02T22:22:05","modified_gmt":"2021-10-02T19:22:05","slug":"livrare-de-la-balti-la-localitati-stuvz","status":"publish","type":"page","link":"https:\/\/livrare-balti.md\/ro\/livrare-de-la-balti-la-localitati-stuvz\/","title":{"rendered":"Livrare de la B\u0103l\u021bi la localit\u0103\u021bi \u2014 STUVZ"},"content":{"rendered":"\t\t<div data-elementor-type=\"wp-page\" data-elementor-id=\"12165\" class=\"elementor elementor-12165\">\n\t\t\t\t\t\t<section class=\"elementor-section elementor-top-section elementor-element elementor-element-afb2bc9 elementor-section-boxed elementor-section-height-default elementor-section-height-default\" data-id=\"afb2bc9\" data-element_type=\"section\">\n\t\t\t\t\t\t<div class=\"elementor-container elementor-column-gap-default\">\n\t\t\t\t\t<div class=\"elementor-column elementor-col-100 elementor-top-column elementor-element elementor-element-033b9b1\" data-id=\"033b9b1\" data-element_type=\"column\">\n\t\t\t<div class=\"elementor-widget-wrap elementor-element-populated\">\n\t\t\t\t\t\t<div class=\"elementor-element elementor-element-ffab121 elementor-widget elementor-widget-spacer\" data-id=\"ffab121\" data-element_type=\"widget\" data-settings=\"{&quot;ekit_we_effect_on&quot;:&quot;none&quot;}\" data-widget_type=\"spacer.default\">\n\t\t\t\t<div class=\"elementor-widget-container\">\n\t\t\t\t\t\t\t<div class=\"elementor-spacer\">\n\t\t\t<div class=\"elementor-spacer-inner\"><\/div>\n\t\t<\/div>\n\t\t\t\t\t\t<\/div>\n\t\t\t\t<\/div>\n\t\t\t\t<div class=\"elementor-element elementor-element-7095b09 elementor-widget elementor-widget-text-editor\" data-id=\"7095b09\" data-element_type=\"widget\" data-settings=\"{&quot;ekit_we_effect_on&quot;:&quot;none&quot;}\" data-widget_type=\"text-editor.default\">\n\t\t\t\t<div class=\"elementor-widget-container\">\n\t\t\t\t\t\t\t\t\t<h3 style=\"text-align: center;\">Selecta\u021bi loca\u021bia <strong><a href=\"https:\/\/livrare-balti.md\/ro\/livrare-de-la-balti-la-localitati-ab\/\">AB<\/a>, <a href=\"https:\/\/livrare-balti.md\/ro\/livrare-de-la-balti-la-localitati-cd\/\">CD<\/a>, <a href=\"https:\/\/livrare-balti.md\/ro\/livrare-de-la-balti-la-localitati-efgh\/\">EFGH<\/a>, <a href=\"https:\/\/livrare-balti.md\/ro\/livrare-de-la-balti-la-localitati-ilmn\/\">ILMN<\/a>, <a href=\"https:\/\/livrare-balti.md\/ro\/livrare-de-la-balti-la-localitati-opr\/\">OPR<\/a>, <a href=\"https:\/\/livrare-balti.md\/ro\/livrare-de-la-balti-la-localitati-stuvz\/\">STUVZ<\/a><\/strong>, unde dori\u021bi s\u0103 aranja\u021bi livrarea.<\/h3>\t\t\t\t\t\t\t\t<\/div>\n\t\t\t\t<\/div>\n\t\t\t\t<div class=\"elementor-element elementor-element-2204a99 elementor-widget elementor-widget-text-editor\" data-id=\"2204a99\" data-element_type=\"widget\" data-settings=\"{&quot;ekit_we_effect_on&quot;:&quot;none&quot;}\" data-widget_type=\"text-editor.default\">\n\t\t\t\t<div class=\"elementor-widget-container\">\n\t\t\t\t\t\t\t\t\t<table><tbody><tr><td width=\"198\"><strong>Directia<\/strong><\/td><td width=\"85\"><strong>Pret MDL<\/strong><\/td><\/tr><tr><td width=\"198\">Sacarovca<\/td><td width=\"85\">235<\/td><\/tr><tr><td width=\"198\">Sadovoe<\/td><td width=\"85\">100<\/td><\/tr><tr><td width=\"198\">\u015eaptebani<\/td><td width=\"85\">340<\/td><\/tr><tr><td width=\"198\">Scaieni<\/td><td width=\"85\">400<\/td><\/tr><tr><td width=\"198\">Scumpia<\/td><td width=\"85\">260<\/td><\/tr><tr><td width=\"198\">Sevirova<\/td><td width=\"85\">215<\/td><\/tr><tr><td width=\"198\">S\u00eengerei<\/td><td width=\"85\">170<\/td><\/tr><tr><td width=\"198\">S\u00eengerei Noi*<\/td><td width=\"85\">130<\/td><\/tr><tr><td width=\"198\">S\u00eengureni<\/td><td width=\"85\">100<\/td><\/tr><tr><td width=\"198\">Socii Noi<\/td><td width=\"85\">260<\/td><\/tr><tr><td width=\"198\">Socii Vechi<\/td><td width=\"85\">250<\/td><\/tr><tr><td width=\"198\">Sofia<\/td><td width=\"85\">195<\/td><\/tr><tr><td width=\"198\">\u015eold\u0103ne\u015ft\u00ee<\/td><td width=\"85\">465<\/td><\/tr><tr><td width=\"198\">Soroca<\/td><td width=\"85\">445<\/td><\/tr><tr><td width=\"198\">Sturzeni<\/td><td width=\"85\">285<\/td><\/tr><tr><td width=\"198\">Sturzovca *<\/td><td width=\"85\">140<\/td><\/tr><tr><td width=\"198\">Sudarea<\/td><td width=\"85\">500<\/td><\/tr><tr><td width=\"198\">\u015euri<\/td><td width=\"85\">275<\/td><\/tr><tr><td width=\"198\">Suvorovca<\/td><td width=\"85\">190<\/td><\/tr><tr><td width=\"198\">Sverdiac<\/td><td width=\"85\">160<\/td><\/tr><tr><td width=\"198\">\u0162ambuia<\/td><td width=\"85\">105<\/td><\/tr><tr><td width=\"198\">\u0162aul<\/td><td width=\"85\">395<\/td><\/tr><tr><td width=\"198\">T\u0103ura Veche<\/td><td width=\"85\">260<\/td><\/tr><tr><td width=\"198\">\u0162\u00eeple\u015fti *<\/td><td width=\"85\">145<\/td><\/tr><tr><td width=\"198\">\u0162\u00eeple\u0163e\u015fti *<\/td><td width=\"85\">130<\/td><\/tr><tr><td width=\"198\">Trif\u0103ne\u015fti Fiore\u015fti<\/td><td width=\"85\">235<\/td><\/tr><tr><td width=\"198\">Trif\u0103ne\u015fti S\u00eengerei*<\/td><td width=\"85\">130<\/td><\/tr><tr><td width=\"198\">Ustia<\/td><td width=\"85\">285<\/td><\/tr><tr><td width=\"198\">Vadeni<\/td><td width=\"85\">285<\/td><\/tr><tr><td width=\"198\">Varatic<\/td><td width=\"85\">370<\/td><\/tr><tr><td width=\"198\">Varvareuca<\/td><td width=\"85\">225<\/td><\/tr><tr><td width=\"198\">Zabriceni<\/td><td width=\"85\">400<\/td><\/tr><tr><td width=\"198\">Zaicani<\/td><td width=\"85\">315<\/td><\/tr><tr><td width=\"198\">Zguri\u0163a<\/td><td width=\"85\">330<\/td><\/tr><\/tbody><\/table>\t\t\t\t\t\t\t\t<\/div>\n\t\t\t\t<\/div>\n\t\t\t\t<div class=\"elementor-element elementor-element-82c424c elementor-widget elementor-widget-spacer\" data-id=\"82c424c\" data-element_type=\"widget\" data-settings=\"{&quot;ekit_we_effect_on&quot;:&quot;none&quot;}\" data-widget_type=\"spacer.default\">\n\t\t\t\t<div class=\"elementor-widget-container\">\n\t\t\t\t\t\t\t<div class=\"elementor-spacer\">\n\t\t\t<div class=\"elementor-spacer-inner\"><\/div>\n\t\t<\/div>\n\t\t\t\t\t\t<\/div>\n\t\t\t\t<\/div>\n\t\t\t\t<div class=\"elementor-element elementor-element-227cb47 elementor-widget elementor-widget-text-editor\" data-id=\"227cb47\" data-element_type=\"widget\" data-settings=\"{&quot;ekit_we_effect_on&quot;:&quot;none&quot;}\" data-widget_type=\"text-editor.default\">\n\t\t\t\t<div class=\"elementor-widget-container\">\n\t\t\t\t\t\t\t\t\t<h2 style=\"text-align: center;\">Vom avea grij\u0103 de p\u0103rin\u021bi la orice distan\u021b\u0103: livrarea \u00een suburbii de produse alimentare \u0219i produse gata preparate din supermarketurile din B\u0103l\u021bi<\/h2><p>Dac\u0103 ave\u021bi \u00een tutel\u0103 p\u0103rin\u021bi sau alte rude care locuiesc separat \u0219i, eventual, \u00een sate \u00eendep\u0103rtate \u0219i nu ave\u021bi ocazia s\u0103 le aduce\u021bi \u00een mod regulat m\u00e2ncare, Livrare-B\u0103l\u021bi va ajuta la rezolvarea acestei situa\u021bii.<\/p><p>Punctual \u0219i rapid facem achizi\u021bii ale produselor necesare pentru Dvs. conform listei din supermarketurile ora\u0219ului B\u0103l\u021bi.<\/p><p>Vom livra cu exactitate alimente sau produse gata preparate din cafenele \u0219i restaurante \u00een orice loca\u021bie din raioanele de nord ale Moldovei. Acesta este un mod excelent de a demonstra grij\u0103 fa\u021b\u0103 de cei dragi, chiar \u0219i atunci c\u00e2nd circumstan\u021bele nu v\u0103 ofer\u0103 posibilitatea de a face acest lucru personal.<\/p><p>Serviciul de Livrare B\u0103l\u021bi este cel mai bun mod de a face achizi\u021bii non contact. Economisi\u021bi-v\u0103 propriul timp \u0219i banii, asigura\u021bi-v\u0103 c\u0103 familia Dvs. va primi hran\u0103 proasp\u0103t\u0103 \u0219i de calitate, indiferent c\u00e2t de departe sunte\u021bi de ei.<\/p><p>Acum pute\u021bi contacta managerii no\u0219tri la numerele de telefon indicate pe site \u0219i plasa o comand\u0103. Vom indeplini imediat solicitarea Dvs.<\/p>\t\t\t\t\t\t\t\t<\/div>\n\t\t\t\t<\/div>\n\t\t\t\t\t<\/div>\n\t\t<\/div>\n\t\t\t\t\t<\/div>\n\t\t<\/section>\n\t\t\t\t<section class=\"elementor-section elementor-top-section elementor-element elementor-element-36f88c1 elementor-section-boxed elementor-section-height-default elementor-section-height-default\" data-id=\"36f88c1\" data-element_type=\"section\">\n\t\t\t\t\t\t<div class=\"elementor-container elementor-column-gap-default\">\n\t\t\t\t\t<div class=\"elementor-column elementor-col-100 elementor-top-column elementor-element elementor-element-28b6cbd\" data-id=\"28b6cbd\" data-element_type=\"column\">\n\t\t\t<div class=\"elementor-widget-wrap elementor-element-populated\">\n\t\t\t\t\t\t<div class=\"elementor-element elementor-element-3538d4f elementor-widget elementor-widget-text-editor\" data-id=\"3538d4f\" data-element_type=\"widget\" data-settings=\"{&quot;ekit_we_effect_on&quot;:&quot;none&quot;}\" data-widget_type=\"text-editor.default\">\n\t\t\t\t<div class=\"elementor-widget-container\">\n\t\t\t\t\t\t\t\t\t<h3 style=\"text-align: center;\"><a href=\"https:\/\/livrare-balti.md\/dostavka-edinet\/\">Edinet<\/a>, <a href=\"https:\/\/livrare-balti.md\/dostavka-brichany\/\">Briceni<\/a>, <a href=\"https:\/\/livrare-balti.md\/dostavka-oknica\/\">Ocnita<\/a>, <a href=\"https:\/\/livrare-balti.md\/dostavka-dondiushany\/\">Donduseni<\/a>, <a href=\"https:\/\/livrare-balti.md\/dostavka-soroki\/\">Soroca<\/a>, <a href=\"https:\/\/livrare-balti.md\/dostavka-drochia\/\">Drochia<\/a>, <a href=\"https:\/\/livrare-balti.md\/dostavka-ryshkany\/\">Riscani<\/a>, <a href=\"https:\/\/livrare-balti.md\/dostavka-glodiany\/\">Glodeni<\/a>, <a href=\"https:\/\/livrare-balti.md\/dostavka-floreshty\/\">Floresti<\/a>, <a href=\"https:\/\/livrare-balti.md\/dostavka-faleshty\/\">Falesti<\/a>, <a href=\"https:\/\/livrare-balti.md\/dostavka-sholdaneshty\/\">Soldanesti<\/a>, <a href=\"https:\/\/livrare-balti.md\/dostavka-syngerej\/\">Singerei<\/a>, <a href=\"https:\/\/livrare-balti.md\/dostavka-teleneshty\/\">Telenesti<\/a>, <a href=\"https:\/\/livrare-balti.md\/dostavka-ungeny\/\">Ungheni<\/a><\/h3>\t\t\t\t\t\t\t\t<\/div>\n\t\t\t\t<\/div>\n\t\t\t\t<div class=\"elementor-element elementor-element-f4f9175 elementor-widget elementor-widget-image\" data-id=\"f4f9175\" data-element_type=\"widget\" data-settings=\"{&quot;ekit_we_effect_on&quot;:&quot;none&quot;}\" data-widget_type=\"image.default\">\n\t\t\t\t<div class=\"elementor-widget-container\">\n\t\t\t\t\t\t\t\t\t\t\t\t\t\t\t<img fetchpriority=\"high\" decoding=\"async\" width=\"300\" height=\"300\" src=\"https:\/\/livrare-balti.md\/wp-content\/uploads\/2020\/11\/logo-fb-300x300.jpg\" class=\"attachment-medium size-medium wp-image-3753\" alt=\"\" srcset=\"https:\/\/livrare-balti.md\/wp-content\/uploads\/2020\/11\/logo-fb-300x300.jpg 300w, https:\/\/livrare-balti.md\/wp-content\/uploads\/2020\/11\/logo-fb-600x600.jpg 600w, https:\/\/livrare-balti.md\/wp-content\/uploads\/2020\/11\/logo-fb.jpg 900w, https:\/\/livrare-balti.md\/wp-content\/uploads\/2020\/11\/logo-fb-150x150.jpg 150w, https:\/\/livrare-balti.md\/wp-content\/uploads\/2020\/11\/logo-fb-768x768.jpg 768w\" sizes=\"(max-width: 300px) 100vw, 300px\" \/>\t\t\t\t\t\t\t\t\t\t\t\t\t\t\t<\/div>\n\t\t\t\t<\/div>\n\t\t\t\t\t<\/div>\n\t\t<\/div>\n\t\t\t\t\t<\/div>\n\t\t<\/section>\n\t\t\t\t<\/div>\n\t\t","protected":false},"excerpt":{"rendered":"<p>Selecta\u021bi loca\u021bia AB, CD, EFGH, ILMN, OPR, STUVZ, unde dori\u021bi s\u0103 aranja\u021bi livrarea. Directia Pret MDL Sacarovca 235 Sadovoe 100 \u015eaptebani 340 Scaieni 400 Scumpia 260 Sevirova 215 S\u00eengerei 170 S\u00eengerei Noi* 130 S\u00eengureni 100 Socii Noi 260 Socii Vechi 250 Sofia 195 \u015eold\u0103ne\u015ft\u00ee 465 Soroca 445 Sturzeni 285 Sturzovca * 140 Sudarea 500 \u015euri [&hellip;]<\/p>\n","protected":false},"author":1,"featured_media":0,"parent":0,"menu_order":0,"comment_status":"closed","ping_status":"closed","template":"template\/full-width-template.php","meta":{"footnotes":""},"class_list":["post-12165","page","type-page","status-publish","hentry"],"aioseo_notices":[],"_links":{"self":[{"href":"https:\/\/livrare-balti.md\/ro\/wp-json\/wp\/v2\/pages\/12165","targetHints":{"allow":["GET"]}}],"collection":[{"href":"https:\/\/livrare-balti.md\/ro\/wp-json\/wp\/v2\/pages"}],"about":[{"href":"https:\/\/livrare-balti.md\/ro\/wp-json\/wp\/v2\/types\/page"}],"author":[{"embeddable":true,"href":"https:\/\/livrare-balti.md\/ro\/wp-json\/wp\/v2\/users\/1"}],"replies":[{"embeddable":true,"href":"https:\/\/livrare-balti.md\/ro\/wp-json\/wp\/v2\/comments?post=12165"}],"version-history":[{"count":0,"href":"https:\/\/livrare-balti.md\/ro\/wp-json\/wp\/v2\/pages\/12165\/revisions"}],"wp:attachment":[{"href":"https:\/\/livrare-balti.md\/ro\/wp-json\/wp\/v2\/media?parent=12165"}],"curies":[{"name":"wp","href":"https:\/\/api.w.org\/{rel}","templated":true}]}}