{"id":12162,"date":"2021-10-02T21:55:36","date_gmt":"2021-10-02T18:55:36","guid":{"rendered":"https:\/\/livrare-balti.md\/?page_id=12162"},"modified":"2021-10-02T22:21:33","modified_gmt":"2021-10-02T19:21:33","slug":"livrare-de-la-balti-la-localitati-opr","status":"publish","type":"page","link":"https:\/\/livrare-balti.md\/ro\/livrare-de-la-balti-la-localitati-opr\/","title":{"rendered":"Livrare de la B\u0103l\u021bi la localit\u0103\u021bi \u2014 OPR"},"content":{"rendered":"\t\t<div data-elementor-type=\"wp-page\" data-elementor-id=\"12162\" class=\"elementor elementor-12162\">\n\t\t\t\t\t\t<section class=\"elementor-section elementor-top-section elementor-element elementor-element-afb2bc9 elementor-section-boxed elementor-section-height-default elementor-section-height-default\" data-id=\"afb2bc9\" data-element_type=\"section\">\n\t\t\t\t\t\t<div class=\"elementor-container elementor-column-gap-default\">\n\t\t\t\t\t<div class=\"elementor-column elementor-col-100 elementor-top-column elementor-element elementor-element-033b9b1\" data-id=\"033b9b1\" data-element_type=\"column\">\n\t\t\t<div class=\"elementor-widget-wrap elementor-element-populated\">\n\t\t\t\t\t\t<div class=\"elementor-element elementor-element-ffab121 elementor-widget elementor-widget-spacer\" data-id=\"ffab121\" data-element_type=\"widget\" data-settings=\"{&quot;ekit_we_effect_on&quot;:&quot;none&quot;}\" data-widget_type=\"spacer.default\">\n\t\t\t\t<div class=\"elementor-widget-container\">\n\t\t\t\t\t\t\t<div class=\"elementor-spacer\">\n\t\t\t<div class=\"elementor-spacer-inner\"><\/div>\n\t\t<\/div>\n\t\t\t\t\t\t<\/div>\n\t\t\t\t<\/div>\n\t\t\t\t<div class=\"elementor-element elementor-element-7095b09 elementor-widget elementor-widget-text-editor\" data-id=\"7095b09\" data-element_type=\"widget\" data-settings=\"{&quot;ekit_we_effect_on&quot;:&quot;none&quot;}\" data-widget_type=\"text-editor.default\">\n\t\t\t\t<div class=\"elementor-widget-container\">\n\t\t\t\t\t\t\t\t\t<h3 style=\"text-align: center;\">Selecta\u021bi loca\u021bia <strong><a href=\"https:\/\/livrare-balti.md\/ro\/livrare-de-la-balti-la-localitati-ab\/\">AB<\/a>, <a href=\"https:\/\/livrare-balti.md\/ro\/livrare-de-la-balti-la-localitati-cd\/\">CD<\/a>, <a href=\"https:\/\/livrare-balti.md\/ro\/livrare-de-la-balti-la-localitati-efgh\/\">EFGH<\/a>, <a href=\"https:\/\/livrare-balti.md\/ro\/livrare-de-la-balti-la-localitati-ilmn\/\">ILMN<\/a>, <a href=\"https:\/\/livrare-balti.md\/ro\/livrare-de-la-balti-la-localitati-opr\/\">OPR<\/a>, <a href=\"https:\/\/livrare-balti.md\/ro\/livrare-de-la-balti-la-localitati-stuvz\/\">STUVZ<\/a><\/strong>, unde dori\u021bi s\u0103 aranja\u021bi livrarea.<\/h3>\t\t\t\t\t\t\t\t<\/div>\n\t\t\t\t<\/div>\n\t\t\t\t<div class=\"elementor-element elementor-element-e0ff6f3 elementor-widget elementor-widget-text-editor\" data-id=\"e0ff6f3\" data-element_type=\"widget\" data-settings=\"{&quot;ekit_we_effect_on&quot;:&quot;none&quot;}\" data-widget_type=\"text-editor.default\">\n\t\t\t\t<div class=\"elementor-widget-container\">\n\t\t\t\t\t\t\t\t\t<table><tbody><tr><td width=\"198\"><strong>Directia<\/strong><\/td><td width=\"85\"><strong>Pret MDL<\/strong><\/td><\/tr><tr><td width=\"198\">Obreja<\/td><td width=\"85\">210<\/td><\/tr><tr><td width=\"198\">Obreja Veche<\/td><td width=\"85\">215<\/td><\/tr><tr><td width=\"198\">Ochiul Alb<\/td><td width=\"85\">310<\/td><\/tr><tr><td width=\"198\">Ocni\u0163a<\/td><td width=\"85\">560<\/td><\/tr><tr><td width=\"198\">Octeabriscoe<\/td><td width=\"85\">90<\/td><\/tr><tr><td width=\"198\">Orhei<\/td><td width=\"85\">485<\/td><\/tr><tr><td width=\"198\">Otaci<\/td><td width=\"85\">650<\/td><\/tr><tr><td width=\"198\">Pelenia<\/td><td width=\"85\">140<\/td><\/tr><tr><td width=\"198\">Pepeni<\/td><td width=\"85\">275<\/td><\/tr><tr><td width=\"198\">Petreni*<\/td><td width=\"85\">190<\/td><\/tr><tr><td width=\"198\">Petre\u015fti<\/td><td width=\"85\">430<\/td><\/tr><tr><td width=\"198\">Petropavlovca<\/td><td width=\"85\">210<\/td><\/tr><tr><td width=\"198\">Petrunea<\/td><td width=\"85\">225<\/td><\/tr><tr><td width=\"198\">Petru\u015feni<\/td><td width=\"85\">335<\/td><\/tr><tr><td width=\"198\">P\u00eenz\u0103renii Noi<\/td><td width=\"85\">230<\/td><\/tr><tr><td width=\"198\">P\u00eerli\u0163a *<\/td><td width=\"85\">100<\/td><\/tr><tr><td width=\"198\">Pompa<\/td><td width=\"85\">165<\/td><\/tr><tr><td width=\"198\">Popovca<\/td><td width=\"85\">130<\/td><\/tr><tr><td width=\"198\">Prajila<\/td><td width=\"85\">220<\/td><\/tr><tr><td width=\"198\">Prepeli\u0163a<\/td><td width=\"85\">255<\/td><\/tr><tr><td width=\"198\">Putine\u015fti<\/td><td width=\"85\">150<\/td><\/tr><tr><td width=\"198\">Racaria<\/td><td width=\"85\">200<\/td><\/tr><tr><td width=\"198\">Radoia*<\/td><td width=\"85\">230<\/td><\/tr><tr><td width=\"198\">R\u0103duleni<\/td><td width=\"85\">265<\/td><\/tr><tr><td width=\"198\">Ratu\u015f<\/td><td width=\"85\">310<\/td><\/tr><tr><td width=\"198\">R\u0103utel<\/td><td width=\"85\">100<\/td><\/tr><tr><td width=\"198\">Recea<\/td><td width=\"85\">165<\/td><\/tr><tr><td width=\"198\">Rediul de jos<\/td><td width=\"85\">255<\/td><\/tr><tr><td width=\"198\">Rediul de sus<\/td><td width=\"85\">265<\/td><\/tr><tr><td width=\"198\">R\u00ee\u015fcani<\/td><td width=\"85\">230<\/td><\/tr><\/tbody><\/table>\t\t\t\t\t\t\t\t<\/div>\n\t\t\t\t<\/div>\n\t\t\t\t<div class=\"elementor-element elementor-element-82c424c elementor-widget elementor-widget-spacer\" data-id=\"82c424c\" data-element_type=\"widget\" data-settings=\"{&quot;ekit_we_effect_on&quot;:&quot;none&quot;}\" data-widget_type=\"spacer.default\">\n\t\t\t\t<div class=\"elementor-widget-container\">\n\t\t\t\t\t\t\t<div class=\"elementor-spacer\">\n\t\t\t<div class=\"elementor-spacer-inner\"><\/div>\n\t\t<\/div>\n\t\t\t\t\t\t<\/div>\n\t\t\t\t<\/div>\n\t\t\t\t<div class=\"elementor-element elementor-element-197a77b elementor-widget elementor-widget-text-editor\" data-id=\"197a77b\" data-element_type=\"widget\" data-settings=\"{&quot;ekit_we_effect_on&quot;:&quot;none&quot;}\" data-widget_type=\"text-editor.default\">\n\t\t\t\t<div class=\"elementor-widget-container\">\n\t\t\t\t\t\t\t\t\t<h2 style=\"text-align: center;\">Rapid \u0219i convenabil: livrarea c\u0103tre suburbii de produse alimentare \u0219i produse\u00a0 gata preparate din supermarketurile din B\u0103l\u021bi<\/h2><p>Nu este un secret c\u0103 este profitabil s\u0103 cumperi produse alimentare \u00een supermarketuri. Acolo sunt organizate \u00een mod regulat diverse promo\u021bii \u0219i reduceri. Cu toate acestea, nu toat\u0103 lumea \u00ee\u0219i permite s\u0103 ias\u0103 din zonele periferice pentru cump\u0103r\u0103turi. Compania noastr\u0103 ofer\u0103 servicii de livrare a \u00a0achizi\u021biilor din magazine, precum \u0219i bucate gata preparate de la restaurante c\u0103tre orice a\u0219ezare din zona de nord a Moldovei.<\/p><p>Mul\u021bi oameni se tem de \u00a0serviciul cu livrare, consider\u00e2nd c\u0103 este foarte scump. Unii oameni cred c\u0103 este dificil \u0219i mai u\u0219or s\u0103 g\u0103se\u0219ti timpul pentru a face cump\u0103r\u0103turi pe cont propriu. Suntem bucuro\u0219i s\u0103 ,,deznod\u0103m,, aceast\u0103 concep\u021bie gre\u0219it\u0103. Organizarea competent\u0103 \u0219i corect\u0103 a livr\u0103rii rezerveaz\u0103 timpul \u0219i efortul pentru client. Nu trebuie s\u0103 irosi\u021bi cea mai mare parte a zilei libere f\u0103c\u00e2nd cump\u0103r\u0103turi. Ve\u021bi putea petrece acest timp mai interesant \u0219i mai util.<\/p><p>Angaja\u021bii no\u0219tri verific\u0103 cu aten\u021bie termenii de expirare \u0219i monitorizeaz\u0103 integritatea ambalajului.<\/p><p>V\u0103 vom asambla profesional co\u0219ul de cump\u0103r\u0103turi din supermarketuri, le vom \u00eempacheta \u00een siguran\u021b\u0103 \u0219i le vom livra la a\u0219ez\u0103rile din regiunile nordului Moldovei.<\/p>\t\t\t\t\t\t\t\t<\/div>\n\t\t\t\t<\/div>\n\t\t\t\t\t<\/div>\n\t\t<\/div>\n\t\t\t\t\t<\/div>\n\t\t<\/section>\n\t\t\t\t<section class=\"elementor-section elementor-top-section elementor-element elementor-element-36f88c1 elementor-section-boxed elementor-section-height-default elementor-section-height-default\" data-id=\"36f88c1\" data-element_type=\"section\">\n\t\t\t\t\t\t<div class=\"elementor-container elementor-column-gap-default\">\n\t\t\t\t\t<div class=\"elementor-column elementor-col-100 elementor-top-column elementor-element elementor-element-28b6cbd\" data-id=\"28b6cbd\" data-element_type=\"column\">\n\t\t\t<div class=\"elementor-widget-wrap elementor-element-populated\">\n\t\t\t\t\t\t<div class=\"elementor-element elementor-element-3538d4f elementor-widget elementor-widget-text-editor\" data-id=\"3538d4f\" data-element_type=\"widget\" data-settings=\"{&quot;ekit_we_effect_on&quot;:&quot;none&quot;}\" data-widget_type=\"text-editor.default\">\n\t\t\t\t<div class=\"elementor-widget-container\">\n\t\t\t\t\t\t\t\t\t<h3 style=\"text-align: center;\"><a href=\"https:\/\/livrare-balti.md\/dostavka-edinet\/\">Edinet<\/a>, <a href=\"https:\/\/livrare-balti.md\/dostavka-brichany\/\">Briceni<\/a>, <a href=\"https:\/\/livrare-balti.md\/dostavka-oknica\/\">Ocnita<\/a>, <a href=\"https:\/\/livrare-balti.md\/dostavka-dondiushany\/\">Donduseni<\/a>, <a href=\"https:\/\/livrare-balti.md\/dostavka-soroki\/\">Soroca<\/a>, <a href=\"https:\/\/livrare-balti.md\/dostavka-drochia\/\">Drochia<\/a>, <a href=\"https:\/\/livrare-balti.md\/dostavka-ryshkany\/\">Riscani<\/a>, <a href=\"https:\/\/livrare-balti.md\/dostavka-glodiany\/\">Glodeni<\/a>, <a href=\"https:\/\/livrare-balti.md\/dostavka-floreshty\/\">Floresti<\/a>, <a href=\"https:\/\/livrare-balti.md\/dostavka-faleshty\/\">Falesti<\/a>, <a href=\"https:\/\/livrare-balti.md\/dostavka-sholdaneshty\/\">Soldanesti<\/a>, <a href=\"https:\/\/livrare-balti.md\/dostavka-syngerej\/\">Singerei<\/a>, <a href=\"https:\/\/livrare-balti.md\/dostavka-teleneshty\/\">Telenesti<\/a>, <a href=\"https:\/\/livrare-balti.md\/dostavka-ungeny\/\">Ungheni<\/a><\/h3>\t\t\t\t\t\t\t\t<\/div>\n\t\t\t\t<\/div>\n\t\t\t\t<div class=\"elementor-element elementor-element-f4f9175 elementor-widget elementor-widget-image\" data-id=\"f4f9175\" data-element_type=\"widget\" data-settings=\"{&quot;ekit_we_effect_on&quot;:&quot;none&quot;}\" data-widget_type=\"image.default\">\n\t\t\t\t<div class=\"elementor-widget-container\">\n\t\t\t\t\t\t\t\t\t\t\t\t\t\t\t<img fetchpriority=\"high\" decoding=\"async\" width=\"300\" height=\"300\" src=\"https:\/\/livrare-balti.md\/wp-content\/uploads\/2020\/11\/logo-fb-300x300.jpg\" class=\"attachment-medium size-medium wp-image-3753\" alt=\"\" srcset=\"https:\/\/livrare-balti.md\/wp-content\/uploads\/2020\/11\/logo-fb-300x300.jpg 300w, https:\/\/livrare-balti.md\/wp-content\/uploads\/2020\/11\/logo-fb-600x600.jpg 600w, https:\/\/livrare-balti.md\/wp-content\/uploads\/2020\/11\/logo-fb.jpg 900w, https:\/\/livrare-balti.md\/wp-content\/uploads\/2020\/11\/logo-fb-150x150.jpg 150w, https:\/\/livrare-balti.md\/wp-content\/uploads\/2020\/11\/logo-fb-768x768.jpg 768w\" sizes=\"(max-width: 300px) 100vw, 300px\" \/>\t\t\t\t\t\t\t\t\t\t\t\t\t\t\t<\/div>\n\t\t\t\t<\/div>\n\t\t\t\t\t<\/div>\n\t\t<\/div>\n\t\t\t\t\t<\/div>\n\t\t<\/section>\n\t\t\t\t<\/div>\n\t\t","protected":false},"excerpt":{"rendered":"<p>Selecta\u021bi loca\u021bia AB, CD, EFGH, ILMN, OPR, STUVZ, unde dori\u021bi s\u0103 aranja\u021bi livrarea. Directia Pret MDL Obreja 210 Obreja Veche 215 Ochiul Alb 310 Ocni\u0163a 560 Octeabriscoe 90 Orhei 485 Otaci 650 Pelenia 140 Pepeni 275 Petreni* 190 Petre\u015fti 430 Petropavlovca 210 Petrunea 225 Petru\u015feni 335 P\u00eenz\u0103renii Noi 230 P\u00eerli\u0163a * 100 Pompa 165 Popovca [&hellip;]<\/p>\n","protected":false},"author":1,"featured_media":0,"parent":0,"menu_order":0,"comment_status":"closed","ping_status":"closed","template":"template\/full-width-template.php","meta":{"footnotes":""},"class_list":["post-12162","page","type-page","status-publish","hentry"],"aioseo_notices":[],"_links":{"self":[{"href":"https:\/\/livrare-balti.md\/ro\/wp-json\/wp\/v2\/pages\/12162","targetHints":{"allow":["GET"]}}],"collection":[{"href":"https:\/\/livrare-balti.md\/ro\/wp-json\/wp\/v2\/pages"}],"about":[{"href":"https:\/\/livrare-balti.md\/ro\/wp-json\/wp\/v2\/types\/page"}],"author":[{"embeddable":true,"href":"https:\/\/livrare-balti.md\/ro\/wp-json\/wp\/v2\/users\/1"}],"replies":[{"embeddable":true,"href":"https:\/\/livrare-balti.md\/ro\/wp-json\/wp\/v2\/comments?post=12162"}],"version-history":[{"count":0,"href":"https:\/\/livrare-balti.md\/ro\/wp-json\/wp\/v2\/pages\/12162\/revisions"}],"wp:attachment":[{"href":"https:\/\/livrare-balti.md\/ro\/wp-json\/wp\/v2\/media?parent=12162"}],"curies":[{"name":"wp","href":"https:\/\/api.w.org\/{rel}","templated":true}]}}