{"id":12159,"date":"2021-10-02T21:50:15","date_gmt":"2021-10-02T18:50:15","guid":{"rendered":"https:\/\/livrare-balti.md\/?page_id=12159"},"modified":"2025-03-02T02:39:53","modified_gmt":"2025-03-02T00:39:53","slug":"livrare-de-la-balti-la-localitati-ilmn","status":"publish","type":"page","link":"https:\/\/livrare-balti.md\/ro\/livrare-de-la-balti-la-localitati-ilmn\/","title":{"rendered":"Livrare de la B\u0103l\u021bi la localit\u0103\u021bi \u2014 ILMN"},"content":{"rendered":"\t\t<div data-elementor-type=\"wp-page\" data-elementor-id=\"12159\" class=\"elementor elementor-12159\">\n\t\t\t\t\t\t<section class=\"elementor-section elementor-top-section elementor-element elementor-element-afb2bc9 elementor-section-boxed elementor-section-height-default elementor-section-height-default\" data-id=\"afb2bc9\" data-element_type=\"section\">\n\t\t\t\t\t\t<div class=\"elementor-container elementor-column-gap-default\">\n\t\t\t\t\t<div class=\"elementor-column elementor-col-100 elementor-top-column elementor-element elementor-element-033b9b1\" data-id=\"033b9b1\" data-element_type=\"column\">\n\t\t\t<div class=\"elementor-widget-wrap elementor-element-populated\">\n\t\t\t\t\t\t<div class=\"elementor-element elementor-element-ffab121 elementor-widget elementor-widget-spacer\" data-id=\"ffab121\" data-element_type=\"widget\" data-settings=\"{&quot;ekit_we_effect_on&quot;:&quot;none&quot;}\" data-widget_type=\"spacer.default\">\n\t\t\t\t<div class=\"elementor-widget-container\">\n\t\t\t\t\t\t\t<div class=\"elementor-spacer\">\n\t\t\t<div class=\"elementor-spacer-inner\"><\/div>\n\t\t<\/div>\n\t\t\t\t\t\t<\/div>\n\t\t\t\t<\/div>\n\t\t\t\t<div class=\"elementor-element elementor-element-7095b09 elementor-widget elementor-widget-text-editor\" data-id=\"7095b09\" data-element_type=\"widget\" data-settings=\"{&quot;ekit_we_effect_on&quot;:&quot;none&quot;}\" data-widget_type=\"text-editor.default\">\n\t\t\t\t<div class=\"elementor-widget-container\">\n\t\t\t\t\t\t\t\t\t<h3 style=\"text-align: center;\">Selecta\u021bi loca\u021bia <strong><a href=\"https:\/\/livrare-balti.md\/ro\/livrare-de-la-balti-la-localitati-ab\/\">AB<\/a>, <a href=\"https:\/\/livrare-balti.md\/ro\/livrare-de-la-balti-la-localitati-cd\/\">CD<\/a>, <a href=\"https:\/\/livrare-balti.md\/ro\/livrare-de-la-balti-la-localitati-efgh\/\">EFGH<\/a>, <a href=\"https:\/\/livrare-balti.md\/ro\/livrare-de-la-balti-la-localitati-ilmn\/\">ILMN<\/a>, <a href=\"https:\/\/livrare-balti.md\/ro\/livrare-de-la-balti-la-localitati-opr\/\">OPR<\/a>, <a href=\"https:\/\/livrare-balti.md\/ro\/livrare-de-la-balti-la-localitati-stuvz\/\">STUVZ<\/a><\/strong>, unde dori\u021bi s\u0103 aranja\u021bi livrarea.<\/h3>\t\t\t\t\t\t\t\t<\/div>\n\t\t\t\t<\/div>\n\t\t\t\t<div class=\"elementor-element elementor-element-6bba807 elementor-widget elementor-widget-text-editor\" data-id=\"6bba807\" data-element_type=\"widget\" data-settings=\"{&quot;ekit_we_effect_on&quot;:&quot;none&quot;}\" data-widget_type=\"text-editor.default\">\n\t\t\t\t<div class=\"elementor-widget-container\">\n\t\t\t\t\t\t\t\t\t<table><tbody><tr><td width=\"198\"><strong>Directia<\/strong><\/td><td width=\"85\"><strong>Pret MDL<\/strong><\/td><\/tr><tr><td width=\"198\">Iablona<\/td><td width=\"85\">290<\/td><\/tr><tr><td width=\"198\">llenu\u0163a<\/td><td width=\"85\">290<\/td><\/tr><tr><td width=\"198\">lliiceuca<\/td><td width=\"85\">300<\/td><\/tr><tr><td width=\"198\">I\u015fc\u0103l\u0103u<\/td><td width=\"85\">300<\/td><\/tr><tr><td width=\"198\">Ivanovca<\/td><td width=\"85\">300<\/td><\/tr><tr><td width=\"198\">lez\u0103renii Noi<\/td><td width=\"85\">280<\/td><\/tr><tr><td width=\"198\">lez\u0103renii Vechi<\/td><td width=\"85\">290<\/td><\/tr><tr><td width=\"198\">Izvoare (Flore\u015fti)<\/td><td width=\"85\">400<\/td><\/tr><tr><td width=\"198\">Izvoare(F\u0103le\u015fti)<\/td><td width=\"85\">510<\/td><\/tr><tr><td width=\"198\">Lazo ( R\u00ee\u015fcani)<\/td><td width=\"85\">135<\/td><\/tr><tr><td width=\"198\">Limbenii noi<\/td><td width=\"85\">300<\/td><\/tr><tr><td width=\"198\">Limbenii Vechi<\/td><td width=\"85\">310<\/td><\/tr><tr><td width=\"198\">Lipcani<\/td><td width=\"85\">1000<\/td><\/tr><tr><td width=\"198\">Lipov\u0103\u0163<\/td><td width=\"85\">600<\/td><\/tr><tr><td width=\"198\">Lunga<\/td><td width=\"85\">330<\/td><\/tr><tr><td width=\"198\">Magureanca<\/td><td width=\"85\">410<\/td><\/tr><tr><td width=\"198\">Maramonovca<\/td><td width=\"85\">600<\/td><\/tr><tr><td width=\"198\">M\u0103r\u0103ndeni*<\/td><td width=\"85\">200<\/td><\/tr><tr><td width=\"198\">M\u0103rcule\u015fti<\/td><td width=\"85\">340<\/td><\/tr><tr><td width=\"198\">Marine\u015fti<\/td><td width=\"85\">200<\/td><\/tr><tr><td width=\"198\">Miciurin<\/td><td width=\"85\">370<\/td><\/tr><tr><td width=\"198\">Mih\u0103ileni<\/td><td width=\"85\">450<\/td><\/tr><tr><td width=\"198\">Mih\u0103ileni Briceni<\/td><td width=\"85\">700<\/td><\/tr><tr><td width=\"198\">Mihailovca<\/td><td width=\"85\">360<\/td><\/tr><tr><td width=\"198\">M\u00eend\u00eec<\/td><td width=\"85\">580<\/td><\/tr><tr><td width=\"198\">M\u00eendre\u015fti<\/td><td width=\"85\">150<\/td><\/tr><tr><td width=\"198\">Moara de Piatr\u0103 *<\/td><td width=\"85\">290<\/td><\/tr><tr><td width=\"198\">Movilen\u00ee<\/td><td width=\"85\">600<\/td><\/tr><tr><td width=\"198\">Musteata<\/td><td width=\"85\">400<\/td><\/tr><tr><td width=\"198\">Natalievca*<\/td><td width=\"85\">150<\/td><\/tr><tr><td width=\"198\">N\u0103v\u00eerne\u0163<\/td><td width=\"85\">450<\/td><\/tr><tr><td width=\"198\">Nicolaevca F\u0103le\u015fti<\/td><td width=\"85\">410<\/td><\/tr><tr><td width=\"198\">Nicolaevca Singerei<\/td><td width=\"85\">250<\/td><\/tr><tr><td width=\"198\">Nicolaevca Giodeni<\/td><td width=\"85\">260<\/td><\/tr><tr><td width=\"198\">Nicoreni<\/td><td width=\"85\">295<\/td><\/tr><\/tbody><\/table>\t\t\t\t\t\t\t\t<\/div>\n\t\t\t\t<\/div>\n\t\t\t\t<div class=\"elementor-element elementor-element-82c424c elementor-widget elementor-widget-spacer\" data-id=\"82c424c\" data-element_type=\"widget\" data-settings=\"{&quot;ekit_we_effect_on&quot;:&quot;none&quot;}\" data-widget_type=\"spacer.default\">\n\t\t\t\t<div class=\"elementor-widget-container\">\n\t\t\t\t\t\t\t<div class=\"elementor-spacer\">\n\t\t\t<div class=\"elementor-spacer-inner\"><\/div>\n\t\t<\/div>\n\t\t\t\t\t\t<\/div>\n\t\t\t\t<\/div>\n\t\t\t\t<div class=\"elementor-element elementor-element-177ff45 elementor-widget elementor-widget-text-editor\" data-id=\"177ff45\" data-element_type=\"widget\" data-settings=\"{&quot;ekit_we_effect_on&quot;:&quot;none&quot;}\" data-widget_type=\"text-editor.default\">\n\t\t\t\t<div class=\"elementor-widget-container\">\n\t\t\t\t\t\t\t\t\t<h2 style=\"text-align: center;\">Cum s\u0103 face\u021bi cump\u0103r\u0103turi \u00een condi\u021bii de siguran\u021b\u0103 \u00een timpul pandemiei:<\/h2><p>livrarea produselor alimentare \u0219i alimente gata preparate din supermarketurile din B\u0103l\u021bi c\u0103tre loca\u021biile din raionele de \u00a0nord Moldovei.<\/p><p>Pandemia COVID-19 a adus corec\u021bii \u00een via\u021ba \u00eentregii planete. Mul\u021bi s-au g\u00e2ndit la cre\u0219terea m\u0103surilor de securitate \u0219i la limitarea contactului cu oamenii. \u00cen astfel de condi\u021bii, compania noastr\u0103 a devenit primul asistent pentru cei care se g\u00e2ndesc la siguran\u021ba s\u0103n\u0103t\u0103\u021bii lor sau sunt \u00een carantin\u0103.<\/p><p>\u00cen zilele noastre, comenzile de produse gata preparate cu livrare la domiciliu sau la birou, precum \u0219i achizi\u021biile de la supermarket conform listei cu livrarea la domiciliu, sunt foarte populare.<\/p><p>Virusolgii recomand\u0103 serviciul de livrare ca cel mai optim \u0219i mai sigur mod de a procura alimente, deoarece num\u0103rul de contacte cu oamenii este minim. \u00cen plus, pute\u021bi cere curierului s\u0103 lase marfa \u0219i s\u0103 face\u021bi c\u00e2\u021biva pa\u0219i \u00eenapoi dac\u0103 dori\u021bi s\u0103 elimina\u021bi complet posibilitatea de a contacta cu persoane str\u0103ine.<\/p><p>Apela\u021bi serviciul nostru de livrare, v\u0103 vom livra cu siguran\u021b\u0103 alimente gata preparate din restaurante \u0219i produse din supermarketuri din ora\u0219ul B\u0103l\u021bi c\u0103tre a\u0219ez\u0103rile din \u00a0nordul Moldovei.<\/p>\t\t\t\t\t\t\t\t<\/div>\n\t\t\t\t<\/div>\n\t\t\t\t\t<\/div>\n\t\t<\/div>\n\t\t\t\t\t<\/div>\n\t\t<\/section>\n\t\t\t\t<section class=\"elementor-section elementor-top-section elementor-element elementor-element-36f88c1 elementor-section-boxed elementor-section-height-default elementor-section-height-default\" data-id=\"36f88c1\" data-element_type=\"section\">\n\t\t\t\t\t\t<div class=\"elementor-container elementor-column-gap-default\">\n\t\t\t\t\t<div class=\"elementor-column elementor-col-100 elementor-top-column elementor-element elementor-element-28b6cbd\" data-id=\"28b6cbd\" data-element_type=\"column\">\n\t\t\t<div class=\"elementor-widget-wrap elementor-element-populated\">\n\t\t\t\t\t\t<div class=\"elementor-element elementor-element-3538d4f elementor-widget elementor-widget-text-editor\" data-id=\"3538d4f\" data-element_type=\"widget\" data-settings=\"{&quot;ekit_we_effect_on&quot;:&quot;none&quot;}\" data-widget_type=\"text-editor.default\">\n\t\t\t\t<div class=\"elementor-widget-container\">\n\t\t\t\t\t\t\t\t\t<h3 style=\"text-align: center;\"><a href=\"https:\/\/livrare-balti.md\/dostavka-edinet\/\">Edinet<\/a>, <a href=\"https:\/\/livrare-balti.md\/dostavka-brichany\/\">Briceni<\/a>, <a href=\"https:\/\/livrare-balti.md\/dostavka-oknica\/\">Ocnita<\/a>, <a href=\"https:\/\/livrare-balti.md\/dostavka-dondiushany\/\">Donduseni<\/a>, <a href=\"https:\/\/livrare-balti.md\/dostavka-soroki\/\">Soroca<\/a>, <a href=\"https:\/\/livrare-balti.md\/dostavka-drochia\/\">Drochia<\/a>, <a href=\"https:\/\/livrare-balti.md\/dostavka-ryshkany\/\">Riscani<\/a>, <a href=\"https:\/\/livrare-balti.md\/dostavka-glodiany\/\">Glodeni<\/a>, <a href=\"https:\/\/livrare-balti.md\/dostavka-floreshty\/\">Floresti<\/a>, <a href=\"https:\/\/livrare-balti.md\/dostavka-faleshty\/\">Falesti<\/a>, <a href=\"https:\/\/livrare-balti.md\/dostavka-sholdaneshty\/\">Soldanesti<\/a>, <a href=\"https:\/\/livrare-balti.md\/dostavka-syngerej\/\">Singerei<\/a>, <a href=\"https:\/\/livrare-balti.md\/dostavka-teleneshty\/\">Telenesti<\/a>, <a href=\"https:\/\/livrare-balti.md\/dostavka-ungeny\/\">Ungheni<\/a><\/h3>\t\t\t\t\t\t\t\t<\/div>\n\t\t\t\t<\/div>\n\t\t\t\t<div class=\"elementor-element elementor-element-f4f9175 elementor-widget elementor-widget-image\" data-id=\"f4f9175\" data-element_type=\"widget\" data-settings=\"{&quot;ekit_we_effect_on&quot;:&quot;none&quot;}\" data-widget_type=\"image.default\">\n\t\t\t\t<div class=\"elementor-widget-container\">\n\t\t\t\t\t\t\t\t\t\t\t\t\t\t\t<img fetchpriority=\"high\" decoding=\"async\" width=\"300\" height=\"300\" src=\"https:\/\/livrare-balti.md\/wp-content\/uploads\/2020\/11\/logo-fb-300x300.jpg\" class=\"attachment-medium size-medium wp-image-3753\" alt=\"\" srcset=\"https:\/\/livrare-balti.md\/wp-content\/uploads\/2020\/11\/logo-fb-300x300.jpg 300w, https:\/\/livrare-balti.md\/wp-content\/uploads\/2020\/11\/logo-fb-600x600.jpg 600w, https:\/\/livrare-balti.md\/wp-content\/uploads\/2020\/11\/logo-fb.jpg 900w, https:\/\/livrare-balti.md\/wp-content\/uploads\/2020\/11\/logo-fb-150x150.jpg 150w, https:\/\/livrare-balti.md\/wp-content\/uploads\/2020\/11\/logo-fb-768x768.jpg 768w\" sizes=\"(max-width: 300px) 100vw, 300px\" \/>\t\t\t\t\t\t\t\t\t\t\t\t\t\t\t<\/div>\n\t\t\t\t<\/div>\n\t\t\t\t\t<\/div>\n\t\t<\/div>\n\t\t\t\t\t<\/div>\n\t\t<\/section>\n\t\t\t\t<\/div>\n\t\t","protected":false},"excerpt":{"rendered":"<p>Selecta\u021bi loca\u021bia AB, CD, EFGH, ILMN, OPR, STUVZ, unde dori\u021bi s\u0103 aranja\u021bi livrarea. Directia Pret MDL Iablona 290 llenu\u0163a 290 lliiceuca 300 I\u015fc\u0103l\u0103u 300 Ivanovca 300 lez\u0103renii Noi 280 lez\u0103renii Vechi 290 Izvoare (Flore\u015fti) 400 Izvoare(F\u0103le\u015fti) 510 Lazo ( R\u00ee\u015fcani) 135 Limbenii noi 300 Limbenii Vechi 310 Lipcani 1000 Lipov\u0103\u0163 600 Lunga 330 Magureanca 410 [&hellip;]<\/p>\n","protected":false},"author":1,"featured_media":0,"parent":0,"menu_order":0,"comment_status":"closed","ping_status":"closed","template":"template\/full-width-template.php","meta":{"footnotes":""},"class_list":["post-12159","page","type-page","status-publish","hentry"],"aioseo_notices":[],"_links":{"self":[{"href":"https:\/\/livrare-balti.md\/ro\/wp-json\/wp\/v2\/pages\/12159","targetHints":{"allow":["GET"]}}],"collection":[{"href":"https:\/\/livrare-balti.md\/ro\/wp-json\/wp\/v2\/pages"}],"about":[{"href":"https:\/\/livrare-balti.md\/ro\/wp-json\/wp\/v2\/types\/page"}],"author":[{"embeddable":true,"href":"https:\/\/livrare-balti.md\/ro\/wp-json\/wp\/v2\/users\/1"}],"replies":[{"embeddable":true,"href":"https:\/\/livrare-balti.md\/ro\/wp-json\/wp\/v2\/comments?post=12159"}],"version-history":[{"count":3,"href":"https:\/\/livrare-balti.md\/ro\/wp-json\/wp\/v2\/pages\/12159\/revisions"}],"predecessor-version":[{"id":25725,"href":"https:\/\/livrare-balti.md\/ro\/wp-json\/wp\/v2\/pages\/12159\/revisions\/25725"}],"wp:attachment":[{"href":"https:\/\/livrare-balti.md\/ro\/wp-json\/wp\/v2\/media?parent=12159"}],"curies":[{"name":"wp","href":"https:\/\/api.w.org\/{rel}","templated":true}]}}