{"id":12156,"date":"2021-10-02T21:46:56","date_gmt":"2021-10-02T18:46:56","guid":{"rendered":"https:\/\/livrare-balti.md\/?page_id=12156"},"modified":"2025-03-02T02:28:51","modified_gmt":"2025-03-02T00:28:51","slug":"livrare-de-la-balti-la-localitati-efgh","status":"publish","type":"page","link":"https:\/\/livrare-balti.md\/ro\/livrare-de-la-balti-la-localitati-efgh\/","title":{"rendered":"Livrare de la B\u0103l\u021bi la localit\u0103\u021bi \u2014 EFGH"},"content":{"rendered":"\t\t<div data-elementor-type=\"wp-page\" data-elementor-id=\"12156\" class=\"elementor elementor-12156\">\n\t\t\t\t\t\t<section class=\"elementor-section elementor-top-section elementor-element elementor-element-afb2bc9 elementor-section-boxed elementor-section-height-default elementor-section-height-default\" data-id=\"afb2bc9\" data-element_type=\"section\">\n\t\t\t\t\t\t<div class=\"elementor-container elementor-column-gap-default\">\n\t\t\t\t\t<div class=\"elementor-column elementor-col-100 elementor-top-column elementor-element elementor-element-033b9b1\" data-id=\"033b9b1\" data-element_type=\"column\">\n\t\t\t<div class=\"elementor-widget-wrap elementor-element-populated\">\n\t\t\t\t\t\t<div class=\"elementor-element elementor-element-ffab121 elementor-widget elementor-widget-spacer\" data-id=\"ffab121\" data-element_type=\"widget\" data-settings=\"{&quot;ekit_we_effect_on&quot;:&quot;none&quot;}\" data-widget_type=\"spacer.default\">\n\t\t\t\t<div class=\"elementor-widget-container\">\n\t\t\t\t\t\t\t<div class=\"elementor-spacer\">\n\t\t\t<div class=\"elementor-spacer-inner\"><\/div>\n\t\t<\/div>\n\t\t\t\t\t\t<\/div>\n\t\t\t\t<\/div>\n\t\t\t\t<div class=\"elementor-element elementor-element-7095b09 elementor-widget elementor-widget-text-editor\" data-id=\"7095b09\" data-element_type=\"widget\" data-settings=\"{&quot;ekit_we_effect_on&quot;:&quot;none&quot;}\" data-widget_type=\"text-editor.default\">\n\t\t\t\t<div class=\"elementor-widget-container\">\n\t\t\t\t\t\t\t\t\t<h3 style=\"text-align: center;\">Selecta\u021bi loca\u021bia <strong><a href=\"https:\/\/livrare-balti.md\/ro\/livrare-de-la-balti-la-localitati-ab\/\">AB<\/a>, <a href=\"https:\/\/livrare-balti.md\/ro\/livrare-de-la-balti-la-localitati-cd\/\">CD<\/a>, <a href=\"https:\/\/livrare-balti.md\/ro\/livrare-de-la-balti-la-localitati-efgh\/\">EFGH<\/a>, <a href=\"https:\/\/livrare-balti.md\/ro\/livrare-de-la-balti-la-localitati-ilmn\/\">ILMN<\/a>, <a href=\"https:\/\/livrare-balti.md\/ro\/livrare-de-la-balti-la-localitati-opr\/\">OPR<\/a>, <a href=\"https:\/\/livrare-balti.md\/ro\/livrare-de-la-balti-la-localitati-stuvz\/\">STUVZ<\/a><\/strong>, unde dori\u021bi s\u0103 aranja\u021bi livrarea.<\/h3>\t\t\t\t\t\t\t\t<\/div>\n\t\t\t\t<\/div>\n\t\t\t\t<div class=\"elementor-element elementor-element-71e7a6b elementor-widget elementor-widget-text-editor\" data-id=\"71e7a6b\" data-element_type=\"widget\" data-settings=\"{&quot;ekit_we_effect_on&quot;:&quot;none&quot;}\" data-widget_type=\"text-editor.default\">\n\t\t\t\t<div class=\"elementor-widget-container\">\n\t\t\t\t\t\t\t\t\t<table>\n<tbody>\n<tr>\n<td width=\"198\">\n<p><strong>Directia<\/strong><\/p>\n<\/td>\n<td width=\"85\">\n<p><strong>Pret MDL<\/strong><\/p>\n<\/td>\n<\/tr>\n<tr>\n<td width=\"198\">\n<p>Edine\u0163<\/p>\n<\/td>\n<td width=\"85\">\n<p>600<\/p>\n<\/td>\n<\/tr>\n<tr>\n<td width=\"198\">Egorovca<\/td>\n<td width=\"85\">300<\/td>\n<\/tr>\n<tr>\n<td width=\"198\">Elizaveta<\/td>\n<td width=\"85\">150<\/td>\n<\/tr>\n<tr>\n<td width=\"198\">F\u0103g\u0103d\u0103u<\/td>\n<td width=\"85\">450<\/td>\n<\/tr>\n<tr>\n<td width=\"198\">F\u0103le\u015fti<\/td>\n<td width=\"85\">370<\/td>\n<\/tr>\n<tr>\n<td width=\"198\">F\u0103le\u015fti Noi<\/td>\n<td width=\"85\">290<\/td>\n<\/tr>\n<tr>\n<td width=\"198\">Fete\u015fti<\/td>\n<td width=\"85\">950<\/td>\n<\/tr>\n<tr>\n<td width=\"198\">Flore\u015fti<\/td>\n<td width=\"85\">370<\/td>\n<\/tr>\n<tr>\n<td width=\"198\">Frumu\u015fica F\u0103le\u015fti<\/td>\n<td width=\"85\">370<\/td>\n<\/tr>\n<tr>\n<td width=\"198\">Frumu\u015fica Flore\u015fti<\/td>\n<td width=\"85\">390<\/td>\n<\/tr>\n<tr>\n<td width=\"198\">Frunze<\/td>\n<td width=\"85\">950<\/td>\n<\/tr>\n<tr>\n<td width=\"198\">Fundurii Noi*<\/td>\n<td width=\"85\">250<\/td>\n<\/tr>\n<tr>\n<td width=\"198\">Fundurii Vechi*<\/td>\n<td width=\"85\">245<\/td>\n<\/tr>\n<tr>\n<td width=\"198\">Hijdieni<\/td>\n<td width=\"85\">410<\/td>\n<\/tr>\n<tr>\n<td width=\"198\">Ghiliceni<\/td>\n<td width=\"85\">450<\/td>\n<\/tr>\n<tr>\n<td width=\"198\">Ghinde\u015fti<\/td>\n<td width=\"85\">470<\/td>\n<\/tr>\n<tr>\n<td width=\"198\">Glinjeni<\/td>\n<td width=\"85\">290<\/td>\n<\/tr>\n<tr>\n<td width=\"198\">Glodeni<\/td>\n<td width=\"85\">360<\/td>\n<\/tr>\n<tr>\n<td width=\"198\">Gribova<\/td>\n<td width=\"85\">390<\/td>\n<\/tr>\n<tr>\n<td width=\"198\">Grigore\u015fti<\/td>\n<td width=\"85\">210<\/td>\n<\/tr>\n<tr>\n<td width=\"198\">Grigorovca<\/td>\n<td width=\"85\">300<\/td>\n<\/tr>\n<tr>\n<td width=\"198\">Grin\u0103u\u0163i riscani<\/td>\n<td width=\"85\">220<\/td>\n<\/tr>\n<tr>\n<td width=\"198\">Gura C\u0103inaruiui<\/td>\n<td width=\"85\">290<\/td>\n<\/tr>\n<tr>\n<td width=\"198\">Gura Camencii<\/td>\n<td width=\"85\">400<\/td>\n<\/tr>\n<tr>\n<td width=\"198\">Hasn\u0103\u015fenii Noi *<\/td>\n<td width=\"85\">200<\/td>\n<\/tr>\n<tr>\n<td width=\"198\">Hasn\u0103\u015fenii Vechi *<\/td>\n<td width=\"85\">300<\/td>\n<\/tr>\n<tr>\n<td width=\"198\">Heciul Nou *<\/td>\n<td width=\"85\">230<\/td>\n<\/tr>\n<tr>\n<td width=\"198\">Heciul Vechi *<\/td>\n<td width=\"85\">240<\/td>\n<\/tr>\n<tr>\n<td width=\"198\">Hiliu\u0163i F\u0103le\u015fti<\/td>\n<td width=\"85\">250<\/td>\n<\/tr>\n<tr>\n<td width=\"198\">Hiliu\u0163i R\u00ee\u015fcani<\/td>\n<td width=\"85\">520<\/td>\n<\/tr>\n<\/tbody>\n<\/table>\t\t\t\t\t\t\t\t<\/div>\n\t\t\t\t<\/div>\n\t\t\t\t<div class=\"elementor-element elementor-element-82c424c elementor-widget elementor-widget-spacer\" data-id=\"82c424c\" data-element_type=\"widget\" data-settings=\"{&quot;ekit_we_effect_on&quot;:&quot;none&quot;}\" data-widget_type=\"spacer.default\">\n\t\t\t\t<div class=\"elementor-widget-container\">\n\t\t\t\t\t\t\t<div class=\"elementor-spacer\">\n\t\t\t<div class=\"elementor-spacer-inner\"><\/div>\n\t\t<\/div>\n\t\t\t\t\t\t<\/div>\n\t\t\t\t<\/div>\n\t\t\t\t<div class=\"elementor-element elementor-element-55e4d82 elementor-widget elementor-widget-text-editor\" data-id=\"55e4d82\" data-element_type=\"widget\" data-settings=\"{&quot;ekit_we_effect_on&quot;:&quot;none&quot;}\" data-widget_type=\"text-editor.default\">\n\t\t\t\t<div class=\"elementor-widget-container\">\n\t\t\t\t\t\t\t\t\t<h2 style=\"text-align: center;\">Cum func\u021bioneaz\u0103 achizi\u021bionerul de produse?<\/h2><p>Timpul este unul din cele mai valoroase resurse. Prin urmare trebuie cheltuit cu \u00een\u021belepciune. Majoritatea familiilor asigur\u0103 alimente pentru genera\u021bia mai mare. \u00cen acest caz, achizi\u021biile alimentare necesit\u0103 mult timp &#8211; aproximativ 5 ore pe s\u0103pt\u0103m\u00e2n\u0103. Serviciul Livrare-Balti.md, care livreaz\u0103 alimente \u0219i produse gata de la supermarketurile din B\u0103l\u021bi c\u0103tre a\u0219ez\u0103rile din raioanele de nord a Moldovei, V\u0103 va ajuta s\u0103 economisi\u021bi timpul.<\/p><p>Dup\u0103 ce clientul \u00eentocme\u0219te o list\u0103 de produse, achizi\u021bionerul face cump\u0103r\u0103turi. Dac\u0103 a\u021bi uitat s\u0103 indica\u021bi ceva la plasarea unei comenzi, pute\u021bi contacta operatorul \u0219i acesta va ad\u0103uga produsele necesare la comanda anterioar\u0103. Nu este nevoie s\u0103 V\u0103 face\u021bi griji cu privire la produsele de calitate sc\u0103zut\u0103.<\/p><p>Achizi\u021bionerul personal asambleaz\u0103 co\u0219ul alimentar conform schemei elaborate, ridic\u00e2nd doar produse proaspete. \u00cen absen\u021ba oric\u0103rui produs \u00een stoc, angajatul nostru o s\u0103 V\u0103 sune \u0219i va propune op\u021biuni de \u00eenlocuire. Curierul va livra pachetele grele chiar la u\u0219a Dvs. sau la adresa unde trebuie livrat co\u0219ul alimentar.<\/p>\t\t\t\t\t\t\t\t<\/div>\n\t\t\t\t<\/div>\n\t\t\t\t\t<\/div>\n\t\t<\/div>\n\t\t\t\t\t<\/div>\n\t\t<\/section>\n\t\t\t\t<section class=\"elementor-section elementor-top-section elementor-element elementor-element-36f88c1 elementor-section-boxed elementor-section-height-default elementor-section-height-default\" data-id=\"36f88c1\" data-element_type=\"section\">\n\t\t\t\t\t\t<div class=\"elementor-container elementor-column-gap-default\">\n\t\t\t\t\t<div class=\"elementor-column elementor-col-100 elementor-top-column elementor-element elementor-element-28b6cbd\" data-id=\"28b6cbd\" data-element_type=\"column\">\n\t\t\t<div class=\"elementor-widget-wrap elementor-element-populated\">\n\t\t\t\t\t\t<div class=\"elementor-element elementor-element-3538d4f elementor-widget elementor-widget-text-editor\" data-id=\"3538d4f\" data-element_type=\"widget\" data-settings=\"{&quot;ekit_we_effect_on&quot;:&quot;none&quot;}\" data-widget_type=\"text-editor.default\">\n\t\t\t\t<div class=\"elementor-widget-container\">\n\t\t\t\t\t\t\t\t\t<h3 style=\"text-align: center;\"><a href=\"https:\/\/livrare-balti.md\/dostavka-edinet\/\">Edinet<\/a>, <a href=\"https:\/\/livrare-balti.md\/dostavka-brichany\/\">Briceni<\/a>, <a href=\"https:\/\/livrare-balti.md\/dostavka-oknica\/\">Ocnita<\/a>, <a href=\"https:\/\/livrare-balti.md\/dostavka-dondiushany\/\">Donduseni<\/a>, <a href=\"https:\/\/livrare-balti.md\/dostavka-soroki\/\">Soroca<\/a>, <a href=\"https:\/\/livrare-balti.md\/dostavka-drochia\/\">Drochia<\/a>, <a href=\"https:\/\/livrare-balti.md\/dostavka-ryshkany\/\">Riscani<\/a>, <a href=\"https:\/\/livrare-balti.md\/dostavka-glodiany\/\">Glodeni<\/a>, <a href=\"https:\/\/livrare-balti.md\/dostavka-floreshty\/\">Floresti<\/a>, <a href=\"https:\/\/livrare-balti.md\/dostavka-faleshty\/\">Falesti<\/a>, <a href=\"https:\/\/livrare-balti.md\/dostavka-sholdaneshty\/\">Soldanesti<\/a>, <a href=\"https:\/\/livrare-balti.md\/dostavka-syngerej\/\">Singerei<\/a>, <a href=\"https:\/\/livrare-balti.md\/dostavka-teleneshty\/\">Telenesti<\/a>, <a href=\"https:\/\/livrare-balti.md\/dostavka-ungeny\/\">Ungheni<\/a><\/h3>\t\t\t\t\t\t\t\t<\/div>\n\t\t\t\t<\/div>\n\t\t\t\t<div class=\"elementor-element elementor-element-f4f9175 elementor-widget elementor-widget-image\" data-id=\"f4f9175\" data-element_type=\"widget\" data-settings=\"{&quot;ekit_we_effect_on&quot;:&quot;none&quot;}\" data-widget_type=\"image.default\">\n\t\t\t\t<div class=\"elementor-widget-container\">\n\t\t\t\t\t\t\t\t\t\t\t\t\t\t\t<img fetchpriority=\"high\" decoding=\"async\" width=\"300\" height=\"300\" src=\"https:\/\/livrare-balti.md\/wp-content\/uploads\/2020\/11\/logo-fb-300x300.jpg\" class=\"attachment-medium size-medium wp-image-3753\" alt=\"\" srcset=\"https:\/\/livrare-balti.md\/wp-content\/uploads\/2020\/11\/logo-fb-300x300.jpg 300w, https:\/\/livrare-balti.md\/wp-content\/uploads\/2020\/11\/logo-fb-600x600.jpg 600w, https:\/\/livrare-balti.md\/wp-content\/uploads\/2020\/11\/logo-fb.jpg 900w, https:\/\/livrare-balti.md\/wp-content\/uploads\/2020\/11\/logo-fb-150x150.jpg 150w, https:\/\/livrare-balti.md\/wp-content\/uploads\/2020\/11\/logo-fb-768x768.jpg 768w\" sizes=\"(max-width: 300px) 100vw, 300px\" \/>\t\t\t\t\t\t\t\t\t\t\t\t\t\t\t<\/div>\n\t\t\t\t<\/div>\n\t\t\t\t\t<\/div>\n\t\t<\/div>\n\t\t\t\t\t<\/div>\n\t\t<\/section>\n\t\t\t\t<\/div>\n\t\t","protected":false},"excerpt":{"rendered":"<p>Selecta\u021bi loca\u021bia AB, CD, EFGH, ILMN, OPR, STUVZ, unde dori\u021bi s\u0103 aranja\u021bi livrarea. Directia Pret MDL Edine\u0163 600 Egorovca 300 Elizaveta 150 F\u0103g\u0103d\u0103u 450 F\u0103le\u015fti 370 F\u0103le\u015fti Noi 290 Fete\u015fti 950 Flore\u015fti 370 Frumu\u015fica F\u0103le\u015fti 370 Frumu\u015fica Flore\u015fti 390 Frunze 950 Fundurii Noi* 250 Fundurii Vechi* 245 Hijdieni 410 Ghiliceni 450 Ghinde\u015fti 470 Glinjeni 290 [&hellip;]<\/p>\n","protected":false},"author":1,"featured_media":0,"parent":0,"menu_order":0,"comment_status":"closed","ping_status":"closed","template":"template\/full-width-template.php","meta":{"footnotes":""},"class_list":["post-12156","page","type-page","status-publish","hentry"],"aioseo_notices":[],"_links":{"self":[{"href":"https:\/\/livrare-balti.md\/ro\/wp-json\/wp\/v2\/pages\/12156","targetHints":{"allow":["GET"]}}],"collection":[{"href":"https:\/\/livrare-balti.md\/ro\/wp-json\/wp\/v2\/pages"}],"about":[{"href":"https:\/\/livrare-balti.md\/ro\/wp-json\/wp\/v2\/types\/page"}],"author":[{"embeddable":true,"href":"https:\/\/livrare-balti.md\/ro\/wp-json\/wp\/v2\/users\/1"}],"replies":[{"embeddable":true,"href":"https:\/\/livrare-balti.md\/ro\/wp-json\/wp\/v2\/comments?post=12156"}],"version-history":[{"count":3,"href":"https:\/\/livrare-balti.md\/ro\/wp-json\/wp\/v2\/pages\/12156\/revisions"}],"predecessor-version":[{"id":25722,"href":"https:\/\/livrare-balti.md\/ro\/wp-json\/wp\/v2\/pages\/12156\/revisions\/25722"}],"wp:attachment":[{"href":"https:\/\/livrare-balti.md\/ro\/wp-json\/wp\/v2\/media?parent=12156"}],"curies":[{"name":"wp","href":"https:\/\/api.w.org\/{rel}","templated":true}]}}