{"id":12150,"date":"2021-10-02T21:43:17","date_gmt":"2021-10-02T18:43:17","guid":{"rendered":"https:\/\/livrare-balti.md\/?page_id=12150"},"modified":"2025-03-02T02:19:00","modified_gmt":"2025-03-02T00:19:00","slug":"livrare-de-la-balti-la-localitati-cd","status":"publish","type":"page","link":"https:\/\/livrare-balti.md\/ro\/livrare-de-la-balti-la-localitati-cd\/","title":{"rendered":"Livrare de la B\u0103l\u021bi la localit\u0103\u021bi \u2014 CD"},"content":{"rendered":"\t\t<div data-elementor-type=\"wp-page\" data-elementor-id=\"12150\" class=\"elementor elementor-12150\">\n\t\t\t\t\t\t<section class=\"elementor-section elementor-top-section elementor-element elementor-element-afb2bc9 elementor-section-boxed elementor-section-height-default elementor-section-height-default\" data-id=\"afb2bc9\" data-element_type=\"section\">\n\t\t\t\t\t\t<div class=\"elementor-container elementor-column-gap-default\">\n\t\t\t\t\t<div class=\"elementor-column elementor-col-100 elementor-top-column elementor-element elementor-element-033b9b1\" data-id=\"033b9b1\" data-element_type=\"column\">\n\t\t\t<div class=\"elementor-widget-wrap elementor-element-populated\">\n\t\t\t\t\t\t<div class=\"elementor-element elementor-element-ffab121 elementor-widget elementor-widget-spacer\" data-id=\"ffab121\" data-element_type=\"widget\" data-settings=\"{&quot;ekit_we_effect_on&quot;:&quot;none&quot;}\" data-widget_type=\"spacer.default\">\n\t\t\t\t<div class=\"elementor-widget-container\">\n\t\t\t\t\t\t\t<div class=\"elementor-spacer\">\n\t\t\t<div class=\"elementor-spacer-inner\"><\/div>\n\t\t<\/div>\n\t\t\t\t\t\t<\/div>\n\t\t\t\t<\/div>\n\t\t\t\t<div class=\"elementor-element elementor-element-7095b09 elementor-widget elementor-widget-text-editor\" data-id=\"7095b09\" data-element_type=\"widget\" data-settings=\"{&quot;ekit_we_effect_on&quot;:&quot;none&quot;}\" data-widget_type=\"text-editor.default\">\n\t\t\t\t<div class=\"elementor-widget-container\">\n\t\t\t\t\t\t\t\t\t<h3 style=\"text-align: center;\">Selecta\u021bi loca\u021bia <strong><a href=\"https:\/\/livrare-balti.md\/ro\/livrare-de-la-balti-la-localitati-ab\/\">AB<\/a>, <a href=\"https:\/\/livrare-balti.md\/ro\/livrare-de-la-balti-la-localitati-cd\/\">CD<\/a>, <a href=\"https:\/\/livrare-balti.md\/ro\/livrare-de-la-balti-la-localitati-efgh\/\">EFGH<\/a>, <a href=\"https:\/\/livrare-balti.md\/ro\/livrare-de-la-balti-la-localitati-ilmn\/\">ILMN<\/a>, <a href=\"https:\/\/livrare-balti.md\/ro\/livrare-de-la-balti-la-localitati-opr\/\">OPR<\/a>, <a href=\"https:\/\/livrare-balti.md\/ro\/livrare-de-la-balti-la-localitati-stuvz\/\">STUVZ<\/a><\/strong>, unde dori\u021bi s\u0103 aranja\u021bi livrarea.<\/h3>\t\t\t\t\t\t\t\t<\/div>\n\t\t\t\t<\/div>\n\t\t\t\t<div class=\"elementor-element elementor-element-a2c3157 elementor-widget elementor-widget-text-editor\" data-id=\"a2c3157\" data-element_type=\"widget\" data-settings=\"{&quot;ekit_we_effect_on&quot;:&quot;none&quot;}\" data-widget_type=\"text-editor.default\">\n\t\t\t\t<div class=\"elementor-widget-container\">\n\t\t\t\t\t\t\t\t\t<table>\n<tbody>\n<tr>\n<td width=\"198\"><strong>Directia<\/strong><\/td>\n<td width=\"85\"><strong>Pret MDL<\/strong><\/td>\n<\/tr>\n<tr>\n<td width=\"198\">C\u0103in\u0103rii Vechi<\/td>\n<td width=\"85\">450<\/td>\n<\/tr>\n<tr>\n<td width=\"198\">Cajba<\/td>\n<td width=\"85\">450<\/td>\n<\/tr>\n<tr>\n<td width=\"198\">Calinesti<\/td>\n<td width=\"85\">520<\/td>\n<\/tr>\n<tr>\n<td width=\"198\">C\u0103lug\u0103r<\/td>\n<td width=\"85\">370<\/td>\n<\/tr>\n<tr>\n<td width=\"198\">Catranic<\/td>\n<td width=\"85\">300<\/td>\n<\/tr>\n<tr>\n<td width=\"198\">Chi\u015fc\u0103reni<\/td>\n<td width=\"85\">300<\/td>\n<\/tr>\n<tr>\n<td width=\"198\">Ciuciulea<\/td>\n<td width=\"85\">520<\/td>\n<\/tr>\n<tr>\n<td width=\"198\">Ciuciuieni<\/td>\n<td width=\"85\">350<\/td>\n<\/tr>\n<tr>\n<td width=\"198\">Clim\u0103u\u0163i<\/td>\n<td width=\"85\">750<\/td>\n<\/tr>\n<tr>\n<td width=\"198\">Clococenii Vechi<\/td>\n<td width=\"85\">470<\/td>\n<\/tr>\n<tr>\n<td width=\"198\">Coada lazului<\/td>\n<td width=\"85\">200<\/td>\n<\/tr>\n<tr>\n<td width=\"198\">Cobani<\/td>\n<td width=\"85\">520<\/td>\n<\/tr>\n<tr>\n<td width=\"198\">Codrenii Noi<\/td>\n<td width=\"85\">650<\/td>\n<\/tr>\n<tr>\n<td width=\"198\">Comarovca<\/td>\n<td width=\"85\">150<\/td>\n<\/tr>\n<tr>\n<td width=\"198\">Cop\u0103ceni<\/td>\n<td width=\"85\">350<\/td>\n<\/tr>\n<tr>\n<td width=\"198\">Corbu<\/td>\n<td width=\"85\">800<\/td>\n<\/tr>\n<tr>\n<td width=\"198\">Corj\u0103u\u0163i<\/td>\n<td width=\"85\">950<\/td>\n<\/tr>\n<tr>\n<td width=\"198\">Cori\u0103teni<\/td>\n<td width=\"85\">150<\/td>\n<\/tr>\n<tr>\n<td width=\"198\">Co\u015fcodeni *<\/td>\n<td width=\"85\">400<\/td>\n<\/tr>\n<tr>\n<td width=\"198\">Cotiujenii Mici*<\/td>\n<td width=\"85\">350<\/td>\n<\/tr>\n<tr>\n<td width=\"198\">Cotovo<\/td>\n<td width=\"85\">550<\/td>\n<\/tr>\n<tr>\n<td width=\"198\">Cubolta *<\/td>\n<td width=\"85\">250<\/td>\n<\/tr>\n<tr>\n<td width=\"198\">Cucioaea<\/td>\n<td width=\"85\">450<\/td>\n<\/tr>\n<tr>\n<td width=\"198\">Cuhne\u015fti<\/td>\n<td width=\"85\">620<\/td>\n<\/tr>\n<tr>\n<td width=\"198\">Cupcini<\/td>\n<td width=\"85\">540<\/td>\n<\/tr>\n<tr>\n<td width=\"198\">Danu<\/td>\n<td width=\"85\">380<\/td>\n<\/tr>\n<tr>\n<td width=\"198\">Dobruja Nou\u0103 *<\/td>\n<td width=\"85\">150<\/td>\n<\/tr>\n<tr>\n<td width=\"198\">Dobruja Veche *<\/td>\n<td width=\"85\">150<\/td>\n<\/tr>\n<tr>\n<td width=\"198\">Dominteni*<\/td>\n<td width=\"85\">350<\/td>\n<\/tr>\n<tr>\n<td width=\"198\">Dondu\u015feni<\/td>\n<td width=\"85\">700<\/td>\n<\/tr>\n<tr>\n<td width=\"198\">Dr\u0103g\u0103ne\u015fti *<\/td>\n<td width=\"85\">300<\/td>\n<\/tr>\n<tr>\n<td width=\"198\">Drochia<\/td>\n<td width=\"85\">370<\/td>\n<\/tr>\n<tr>\n<td width=\"198\">Dumbr\u0103veni<\/td>\n<td width=\"85\">530<\/td>\n<\/tr>\n<tr>\n<td width=\"198\">Dumbravi\u0163a<\/td>\n<td width=\"85\">380<\/td>\n<\/tr>\n<tr>\n<td width=\"198\">Du\u015fmani<\/td>\n<td width=\"85\">450<\/td>\n<\/tr>\n<\/tbody>\n<\/table>\t\t\t\t\t\t\t\t<\/div>\n\t\t\t\t<\/div>\n\t\t\t\t<div class=\"elementor-element elementor-element-82c424c elementor-widget elementor-widget-spacer\" data-id=\"82c424c\" data-element_type=\"widget\" data-settings=\"{&quot;ekit_we_effect_on&quot;:&quot;none&quot;}\" data-widget_type=\"spacer.default\">\n\t\t\t\t<div class=\"elementor-widget-container\">\n\t\t\t\t\t\t\t<div class=\"elementor-spacer\">\n\t\t\t<div class=\"elementor-spacer-inner\"><\/div>\n\t\t<\/div>\n\t\t\t\t\t\t<\/div>\n\t\t\t\t<\/div>\n\t\t\t\t<div class=\"elementor-element elementor-element-770e553 elementor-widget elementor-widget-text-editor\" data-id=\"770e553\" data-element_type=\"widget\" data-settings=\"{&quot;ekit_we_effect_on&quot;:&quot;none&quot;}\" data-widget_type=\"text-editor.default\">\n\t\t\t\t<div class=\"elementor-widget-container\">\n\t\t\t\t\t\t\t\t\t<h2>Avantajele de a comanda alimente \u0219i produse gata la domiciliu.<\/h2><p>Via\u021ba \u00een lumea modern\u0103 poate fi descris\u0103 \u00eentr-un singur cuv\u00e2nt &#8211; \u201egrab\u0103\u201d. \u00cen acest ritm, mul\u021bi oameni nici m\u0103car nu au timp s\u0103 se g\u00e2ndeasc\u0103 la treburile casnice, inclusiv la nevoia de a merge la magazinul alimentar. Serviciul de livrare la domiciliu V\u0103 va ajuta.<\/p><p>Livrare-Balti.md livreaz\u0103 produse alimentare \u0219i produse gata preparate din supermarketurile din B\u0103l\u021bi c\u0103tre a\u0219ez\u0103rile din raioanele de nord a Moldovei.<\/p><p>Avantajele comand\u0103rii produselor:<br \/>1) Ajutor \u00eentr-o situa\u021bie dificil\u0103. Serviciile sunt relevante \u00een cazul a\u0219tept\u0103rii oaspe\u021bilor, \u00een caz de boal\u0103 \u0219i auto-izolare sau c\u00e2nd trebuie s\u0103 ave\u021bi grij\u0103 de la distan\u021b\u0103.<br \/>2) Economia energiei. Nu este nevoie s\u0103 purta\u021bi pachete grele. Acest lucru va face curierul.<br \/>3) Sigur. Aceasta este o op\u021biune de achizi\u021bii cu contact social minim.<br \/>4) Controlul costurilor. Comand\u00e2nd produse online sau telefonic, pute\u021bi evita procurarea bunurilor inutile.<br \/>5) Economia timpului. \u00cen loc s\u0103 merge\u021bi la magazin, este mai bine s\u0103 petrece\u021bi timpul liber cu familia sau prietenii. Angaja\u021bii serviciului vor colecta, ambala \u0219i livra toate produsele specificate de client.<\/p>\t\t\t\t\t\t\t\t<\/div>\n\t\t\t\t<\/div>\n\t\t\t\t\t<\/div>\n\t\t<\/div>\n\t\t\t\t\t<\/div>\n\t\t<\/section>\n\t\t\t\t<section class=\"elementor-section elementor-top-section elementor-element elementor-element-36f88c1 elementor-section-boxed elementor-section-height-default elementor-section-height-default\" data-id=\"36f88c1\" data-element_type=\"section\">\n\t\t\t\t\t\t<div class=\"elementor-container elementor-column-gap-default\">\n\t\t\t\t\t<div class=\"elementor-column elementor-col-100 elementor-top-column elementor-element elementor-element-28b6cbd\" data-id=\"28b6cbd\" data-element_type=\"column\">\n\t\t\t<div class=\"elementor-widget-wrap elementor-element-populated\">\n\t\t\t\t\t\t<div class=\"elementor-element elementor-element-3538d4f elementor-widget elementor-widget-text-editor\" data-id=\"3538d4f\" data-element_type=\"widget\" data-settings=\"{&quot;ekit_we_effect_on&quot;:&quot;none&quot;}\" data-widget_type=\"text-editor.default\">\n\t\t\t\t<div class=\"elementor-widget-container\">\n\t\t\t\t\t\t\t\t\t<h3 style=\"text-align: center;\"><a href=\"https:\/\/livrare-balti.md\/dostavka-edinet\/\">Edinet<\/a>, <a href=\"https:\/\/livrare-balti.md\/dostavka-brichany\/\">Briceni<\/a>, <a href=\"https:\/\/livrare-balti.md\/dostavka-oknica\/\">Ocnita<\/a>, <a href=\"https:\/\/livrare-balti.md\/dostavka-dondiushany\/\">Donduseni<\/a>, <a href=\"https:\/\/livrare-balti.md\/dostavka-soroki\/\">Soroca<\/a>, <a href=\"https:\/\/livrare-balti.md\/dostavka-drochia\/\">Drochia<\/a>, <a href=\"https:\/\/livrare-balti.md\/dostavka-ryshkany\/\">Riscani<\/a>, <a href=\"https:\/\/livrare-balti.md\/dostavka-glodiany\/\">Glodeni<\/a>, <a href=\"https:\/\/livrare-balti.md\/dostavka-floreshty\/\">Floresti<\/a>, <a href=\"https:\/\/livrare-balti.md\/dostavka-faleshty\/\">Falesti<\/a>, <a href=\"https:\/\/livrare-balti.md\/dostavka-sholdaneshty\/\">Soldanesti<\/a>, <a href=\"https:\/\/livrare-balti.md\/dostavka-syngerej\/\">Singerei<\/a>, <a href=\"https:\/\/livrare-balti.md\/dostavka-teleneshty\/\">Telenesti<\/a>, <a href=\"https:\/\/livrare-balti.md\/dostavka-ungeny\/\">Ungheni<\/a><\/h3>\t\t\t\t\t\t\t\t<\/div>\n\t\t\t\t<\/div>\n\t\t\t\t<div class=\"elementor-element elementor-element-f4f9175 elementor-widget elementor-widget-image\" data-id=\"f4f9175\" data-element_type=\"widget\" data-settings=\"{&quot;ekit_we_effect_on&quot;:&quot;none&quot;}\" data-widget_type=\"image.default\">\n\t\t\t\t<div class=\"elementor-widget-container\">\n\t\t\t\t\t\t\t\t\t\t\t\t\t\t\t<img fetchpriority=\"high\" decoding=\"async\" width=\"300\" height=\"300\" src=\"https:\/\/livrare-balti.md\/wp-content\/uploads\/2020\/11\/logo-fb-300x300.jpg\" class=\"attachment-medium size-medium wp-image-3753\" alt=\"\" srcset=\"https:\/\/livrare-balti.md\/wp-content\/uploads\/2020\/11\/logo-fb-300x300.jpg 300w, https:\/\/livrare-balti.md\/wp-content\/uploads\/2020\/11\/logo-fb-600x600.jpg 600w, https:\/\/livrare-balti.md\/wp-content\/uploads\/2020\/11\/logo-fb.jpg 900w, https:\/\/livrare-balti.md\/wp-content\/uploads\/2020\/11\/logo-fb-150x150.jpg 150w, https:\/\/livrare-balti.md\/wp-content\/uploads\/2020\/11\/logo-fb-768x768.jpg 768w\" sizes=\"(max-width: 300px) 100vw, 300px\" \/>\t\t\t\t\t\t\t\t\t\t\t\t\t\t\t<\/div>\n\t\t\t\t<\/div>\n\t\t\t\t\t<\/div>\n\t\t<\/div>\n\t\t\t\t\t<\/div>\n\t\t<\/section>\n\t\t\t\t<\/div>\n\t\t","protected":false},"excerpt":{"rendered":"<p>Selecta\u021bi loca\u021bia AB, CD, EFGH, ILMN, OPR, STUVZ, unde dori\u021bi s\u0103 aranja\u021bi livrarea. Directia Pret MDL C\u0103in\u0103rii Vechi 450 Cajba 450 Calinesti 520 C\u0103lug\u0103r 370 Catranic 300 Chi\u015fc\u0103reni 300 Ciuciulea 520 Ciuciuieni 350 Clim\u0103u\u0163i 750 Clococenii Vechi 470 Coada lazului 200 Cobani 520 Codrenii Noi 650 Comarovca 150 Cop\u0103ceni 350 Corbu 800 Corj\u0103u\u0163i 950 Cori\u0103teni [&hellip;]<\/p>\n","protected":false},"author":1,"featured_media":0,"parent":0,"menu_order":0,"comment_status":"closed","ping_status":"closed","template":"template\/full-width-template.php","meta":{"footnotes":""},"class_list":["post-12150","page","type-page","status-publish","hentry"],"aioseo_notices":[],"_links":{"self":[{"href":"https:\/\/livrare-balti.md\/ro\/wp-json\/wp\/v2\/pages\/12150","targetHints":{"allow":["GET"]}}],"collection":[{"href":"https:\/\/livrare-balti.md\/ro\/wp-json\/wp\/v2\/pages"}],"about":[{"href":"https:\/\/livrare-balti.md\/ro\/wp-json\/wp\/v2\/types\/page"}],"author":[{"embeddable":true,"href":"https:\/\/livrare-balti.md\/ro\/wp-json\/wp\/v2\/users\/1"}],"replies":[{"embeddable":true,"href":"https:\/\/livrare-balti.md\/ro\/wp-json\/wp\/v2\/comments?post=12150"}],"version-history":[{"count":3,"href":"https:\/\/livrare-balti.md\/ro\/wp-json\/wp\/v2\/pages\/12150\/revisions"}],"predecessor-version":[{"id":25719,"href":"https:\/\/livrare-balti.md\/ro\/wp-json\/wp\/v2\/pages\/12150\/revisions\/25719"}],"wp:attachment":[{"href":"https:\/\/livrare-balti.md\/ro\/wp-json\/wp\/v2\/media?parent=12150"}],"curies":[{"name":"wp","href":"https:\/\/api.w.org\/{rel}","templated":true}]}}