{"id":12140,"date":"2021-10-02T21:34:59","date_gmt":"2021-10-02T18:34:59","guid":{"rendered":"https:\/\/livrare-balti.md\/?page_id=12140"},"modified":"2025-03-02T02:09:42","modified_gmt":"2025-03-02T00:09:42","slug":"livrare-de-la-balti-la-localitati-ab","status":"publish","type":"page","link":"https:\/\/livrare-balti.md\/ro\/livrare-de-la-balti-la-localitati-ab\/","title":{"rendered":"Livrare de la B\u0103l\u021bi la localit\u0103\u021bi \u2014 AB"},"content":{"rendered":"\t\t<div data-elementor-type=\"wp-page\" data-elementor-id=\"12140\" class=\"elementor elementor-12140\">\n\t\t\t\t\t\t<section class=\"elementor-section elementor-top-section elementor-element elementor-element-afb2bc9 elementor-section-boxed elementor-section-height-default elementor-section-height-default\" data-id=\"afb2bc9\" data-element_type=\"section\">\n\t\t\t\t\t\t<div class=\"elementor-container elementor-column-gap-default\">\n\t\t\t\t\t<div class=\"elementor-column elementor-col-100 elementor-top-column elementor-element elementor-element-033b9b1\" data-id=\"033b9b1\" data-element_type=\"column\">\n\t\t\t<div class=\"elementor-widget-wrap elementor-element-populated\">\n\t\t\t\t\t\t<div class=\"elementor-element elementor-element-ffab121 elementor-widget elementor-widget-spacer\" data-id=\"ffab121\" data-element_type=\"widget\" data-settings=\"{&quot;ekit_we_effect_on&quot;:&quot;none&quot;}\" data-widget_type=\"spacer.default\">\n\t\t\t\t<div class=\"elementor-widget-container\">\n\t\t\t\t\t\t\t<div class=\"elementor-spacer\">\n\t\t\t<div class=\"elementor-spacer-inner\"><\/div>\n\t\t<\/div>\n\t\t\t\t\t\t<\/div>\n\t\t\t\t<\/div>\n\t\t\t\t<div class=\"elementor-element elementor-element-7095b09 elementor-widget elementor-widget-text-editor\" data-id=\"7095b09\" data-element_type=\"widget\" data-settings=\"{&quot;ekit_we_effect_on&quot;:&quot;none&quot;}\" data-widget_type=\"text-editor.default\">\n\t\t\t\t<div class=\"elementor-widget-container\">\n\t\t\t\t\t\t\t\t\t<h3 style=\"text-align: center;\">Selecta\u021bi loca\u021bia <strong><a href=\"https:\/\/livrare-balti.md\/ro\/livrare-de-la-balti-la-localitati-ab\/\">AB<\/a>, <a href=\"https:\/\/livrare-balti.md\/ro\/livrare-de-la-balti-la-localitati-cd\/\">CD<\/a>, <a href=\"https:\/\/livrare-balti.md\/ro\/livrare-de-la-balti-la-localitati-efgh\/\">EFGH<\/a>, <a href=\"https:\/\/livrare-balti.md\/ro\/livrare-de-la-balti-la-localitati-ilmn\/\">ILMN<\/a>, <a href=\"https:\/\/livrare-balti.md\/ro\/livrare-de-la-balti-la-localitati-opr\/\">OPR<\/a>, <a href=\"https:\/\/livrare-balti.md\/ro\/livrare-de-la-balti-la-localitati-stuvz\/\">STUVZ<\/a><\/strong>, unde dori\u021bi s\u0103 aranja\u021bi livrarea.<\/h3>\t\t\t\t\t\t\t\t<\/div>\n\t\t\t\t<\/div>\n\t\t\t\t<div class=\"elementor-element elementor-element-2136906 elementor-widget elementor-widget-text-editor\" data-id=\"2136906\" data-element_type=\"widget\" data-settings=\"{&quot;ekit_we_effect_on&quot;:&quot;none&quot;}\" data-widget_type=\"text-editor.default\">\n\t\t\t\t<div class=\"elementor-widget-container\">\n\t\t\t\t\t\t\t\t\t<table>\n<tbody>\n<tr>\n<td width=\"198\"><strong>Directia<\/strong><\/td>\n<td width=\"85\"><strong>Pret MDL<\/strong><\/td>\n<\/tr>\n<tr>\n<td width=\"198\">Albinetul Noi<\/td>\n<td width=\"85\">370<\/td>\n<\/tr>\n<tr>\n<td width=\"198\">Albinetul Vechi<\/td>\n<td width=\"85\">350<\/td>\n<\/tr>\n<tr>\n<td width=\"198\">Alexandreni(Singerei) *<\/td>\n<td width=\"85\">200<\/td>\n<\/tr>\n<tr>\n<td width=\"198\">Alexandrovca<\/td>\n<td width=\"85\">370<\/td>\n<\/tr>\n<tr>\n<td width=\"198\">Alexeuca*<\/td>\n<td width=\"85\">370<\/td>\n<\/tr>\n<tr>\n<td width=\"198\">Aluni\u015f<\/td>\n<td width=\"85\">300<\/td>\n<\/tr>\n<tr>\n<td width=\"198\">B\u0103diceni<\/td>\n<td width=\"85\">600<\/td>\n<\/tr>\n<tr>\n<td width=\"198\">Bahrine\u015fti<\/td>\n<td width=\"85\">370<\/td>\n<\/tr>\n<tr>\n<td width=\"198\">B\u0103l\u0103se\u015fti<\/td>\n<td width=\"85\">450<\/td>\n<\/tr>\n<tr>\n<td width=\"198\">Balanul Nou<\/td>\n<td width=\"85\">450<\/td>\n<\/tr>\n<tr>\n<td width=\"198\">Balatina<\/td>\n<td width=\"85\">570<\/td>\n<\/tr>\n<tr>\n<td width=\"198\">Bezeni (floresti)<\/td>\n<td width=\"85\">430<\/td>\n<\/tr>\n<tr>\n<td width=\"198\">Bilicenii Vechi<\/td>\n<td width=\"85\">200<\/td>\n<\/tr>\n<tr>\n<td width=\"198\">Biruin\u0163a<\/td>\n<td width=\"85\">200<\/td>\n<\/tr>\n<tr>\n<td width=\"198\">Bocancea Scit<\/td>\n<td width=\"85\">440<\/td>\n<\/tr>\n<tr>\n<td width=\"198\">Boc\u0103ni<\/td>\n<td width=\"85\">400<\/td>\n<\/tr>\n<tr>\n<td width=\"198\">Brani\u015fte<\/td>\n<td width=\"85\">470<\/td>\n<\/tr>\n<tr>\n<td width=\"198\">Bratu\u015feni<\/td>\n<td width=\"85\">550<\/td>\n<\/tr>\n<tr>\n<td width=\"198\">Briceni<\/td>\n<td width=\"85\">850<\/td>\n<\/tr>\n<tr>\n<td width=\"198\">Briceni-Vama<\/td>\n<td width=\"85\">900<\/td>\n<\/tr>\n<tr>\n<td width=\"198\">Bulboci<\/td>\n<td width=\"85\">530<\/td>\n<\/tr>\n<tr>\n<td width=\"198\">Bulhac (Riscani)<\/td>\n<td width=\"85\">300<\/td>\n<\/tr>\n<tr>\n<td width=\"198\">Bursuceni<\/td>\n<td width=\"85\">400<\/td>\n<\/tr>\n<tr>\n<td width=\"198\">Butesti<\/td>\n<td width=\"85\">530<\/td>\n<\/tr>\n<\/tbody>\n<\/table>\t\t\t\t\t\t\t\t<\/div>\n\t\t\t\t<\/div>\n\t\t\t\t<div class=\"elementor-element elementor-element-82c424c elementor-widget elementor-widget-spacer\" data-id=\"82c424c\" data-element_type=\"widget\" data-settings=\"{&quot;ekit_we_effect_on&quot;:&quot;none&quot;}\" data-widget_type=\"spacer.default\">\n\t\t\t\t<div class=\"elementor-widget-container\">\n\t\t\t\t\t\t\t<div class=\"elementor-spacer\">\n\t\t\t<div class=\"elementor-spacer-inner\"><\/div>\n\t\t<\/div>\n\t\t\t\t\t\t<\/div>\n\t\t\t\t<\/div>\n\t\t\t\t<div class=\"elementor-element elementor-element-6539532 elementor-widget elementor-widget-text-editor\" data-id=\"6539532\" data-element_type=\"widget\" data-settings=\"{&quot;ekit_we_effect_on&quot;:&quot;none&quot;}\" data-widget_type=\"text-editor.default\">\n\t\t\t\t<div class=\"elementor-widget-container\">\n\t\t\t\t\t\t\t\t\t<h2 style=\"text-align: center;\">Serviciu de livrare la domiciliu &#8211; economie de timp \u0219i bani pentru locuitorii Republicii Moldova<\/h2><p>Serviciul de livrare a produselor alimentare Livrare-Balti.md livreaz\u0103 produse alimentare \u0219i produse alimentare gata preparate din supermarketurile din B\u0103l\u021bi c\u0103tre a\u0219ez\u0103rile din raioanle de nord a Moldovei. Serviciul ajut\u0103 la economia a cel pu\u021bin c\u00e2teva ore pe s\u0103pt\u0103m\u00e2n\u0103 pe care o persoan\u0103 le petrece atunci c\u00e2nd singuri cump\u0103r\u0103 m\u0103rfuri \u00eentr-un magazin. Dureaz\u0103 doar 10-15 minute pentru a comanda produse online.<\/p><p>\u00cen plus, nu exist\u0103 achizi\u021bii impulsive la verificarea livr\u0103rii produselor alimentare sau a produselor gata preparate. Conform statisticilor, mai mult de 80% dintre cump\u0103r\u0103tori fac astfel de achizi\u021bii atunci c\u00e2nd merg la magazin sub influen\u021ba promo\u021biilor \u0219i reducerilor. O persoan\u0103 nu va achizi\u021biona m\u0103rfuri neplanificate \u00een absen\u021ba factorilor externi de stimulare. Ambalatorul colecteaz\u0103 comanda conform listei furnizate de client, verific\u00e2nd integritatea pachetului \u0219i termenul de valabilitate. Nu trebuie personal s\u0103 transporta\u021bi pachete grele spre acas\u0103, acestea vor fi livrate la u\u0219a Dvs. la ora stabilit\u0103.<\/p><p>Acesta este un serviciu indispensabil atunci c\u00e2nd nu ave\u021bi ocazia s\u0103 ajuta\u021bi fizic cei dragi cu achizi\u021bii. Pute\u021bi comanda un co\u0219 alimentar pentru o s\u0103pt\u0103m\u00e2n\u0103 \u00eentreag\u0103 sau pentru o anumit\u0103 ceremonie din orice loca\u021bie din lume.<\/p>\t\t\t\t\t\t\t\t<\/div>\n\t\t\t\t<\/div>\n\t\t\t\t\t<\/div>\n\t\t<\/div>\n\t\t\t\t\t<\/div>\n\t\t<\/section>\n\t\t\t\t<section class=\"elementor-section elementor-top-section elementor-element elementor-element-36f88c1 elementor-section-boxed elementor-section-height-default elementor-section-height-default\" data-id=\"36f88c1\" data-element_type=\"section\">\n\t\t\t\t\t\t<div class=\"elementor-container elementor-column-gap-default\">\n\t\t\t\t\t<div class=\"elementor-column elementor-col-100 elementor-top-column elementor-element elementor-element-28b6cbd\" data-id=\"28b6cbd\" data-element_type=\"column\">\n\t\t\t<div class=\"elementor-widget-wrap elementor-element-populated\">\n\t\t\t\t\t\t<div class=\"elementor-element elementor-element-3538d4f elementor-widget elementor-widget-text-editor\" data-id=\"3538d4f\" data-element_type=\"widget\" data-settings=\"{&quot;ekit_we_effect_on&quot;:&quot;none&quot;}\" data-widget_type=\"text-editor.default\">\n\t\t\t\t<div class=\"elementor-widget-container\">\n\t\t\t\t\t\t\t\t\t<h3 style=\"text-align: center;\"><a href=\"https:\/\/livrare-balti.md\/dostavka-edinet\/\">Edinet<\/a>, <a href=\"https:\/\/livrare-balti.md\/dostavka-brichany\/\">Briceni<\/a>, <a href=\"https:\/\/livrare-balti.md\/dostavka-oknica\/\">Ocnita<\/a>, <a href=\"https:\/\/livrare-balti.md\/dostavka-dondiushany\/\">Donduseni<\/a>, <a href=\"https:\/\/livrare-balti.md\/dostavka-soroki\/\">Soroca<\/a>, <a href=\"https:\/\/livrare-balti.md\/dostavka-drochia\/\">Drochia<\/a>, <a href=\"https:\/\/livrare-balti.md\/dostavka-ryshkany\/\">Riscani<\/a>, <a href=\"https:\/\/livrare-balti.md\/dostavka-glodiany\/\">Glodeni<\/a>, <a href=\"https:\/\/livrare-balti.md\/dostavka-floreshty\/\">Floresti<\/a>, <a href=\"https:\/\/livrare-balti.md\/dostavka-faleshty\/\">Falesti<\/a>, <a href=\"https:\/\/livrare-balti.md\/dostavka-sholdaneshty\/\">Soldanesti<\/a>, <a href=\"https:\/\/livrare-balti.md\/dostavka-syngerej\/\">Singerei<\/a>, <a href=\"https:\/\/livrare-balti.md\/dostavka-teleneshty\/\">Telenesti<\/a>, <a href=\"https:\/\/livrare-balti.md\/dostavka-ungeny\/\">Ungheni<\/a><\/h3>\t\t\t\t\t\t\t\t<\/div>\n\t\t\t\t<\/div>\n\t\t\t\t<div class=\"elementor-element elementor-element-f4f9175 elementor-widget elementor-widget-image\" data-id=\"f4f9175\" data-element_type=\"widget\" data-settings=\"{&quot;ekit_we_effect_on&quot;:&quot;none&quot;}\" data-widget_type=\"image.default\">\n\t\t\t\t<div class=\"elementor-widget-container\">\n\t\t\t\t\t\t\t\t\t\t\t\t\t\t\t<img fetchpriority=\"high\" decoding=\"async\" width=\"300\" height=\"300\" src=\"https:\/\/livrare-balti.md\/wp-content\/uploads\/2020\/11\/logo-fb-300x300.jpg\" class=\"attachment-medium size-medium wp-image-3753\" alt=\"\" srcset=\"https:\/\/livrare-balti.md\/wp-content\/uploads\/2020\/11\/logo-fb-300x300.jpg 300w, https:\/\/livrare-balti.md\/wp-content\/uploads\/2020\/11\/logo-fb-600x600.jpg 600w, https:\/\/livrare-balti.md\/wp-content\/uploads\/2020\/11\/logo-fb.jpg 900w, https:\/\/livrare-balti.md\/wp-content\/uploads\/2020\/11\/logo-fb-150x150.jpg 150w, https:\/\/livrare-balti.md\/wp-content\/uploads\/2020\/11\/logo-fb-768x768.jpg 768w\" sizes=\"(max-width: 300px) 100vw, 300px\" \/>\t\t\t\t\t\t\t\t\t\t\t\t\t\t\t<\/div>\n\t\t\t\t<\/div>\n\t\t\t\t\t<\/div>\n\t\t<\/div>\n\t\t\t\t\t<\/div>\n\t\t<\/section>\n\t\t\t\t<\/div>\n\t\t","protected":false},"excerpt":{"rendered":"<p>Selecta\u021bi loca\u021bia AB, CD, EFGH, ILMN, OPR, STUVZ, unde dori\u021bi s\u0103 aranja\u021bi livrarea. Directia Pret MDL Albinetul Noi 370 Albinetul Vechi 350 Alexandreni(Singerei) * 200 Alexandrovca 370 Alexeuca* 370 Aluni\u015f 300 B\u0103diceni 600 Bahrine\u015fti 370 B\u0103l\u0103se\u015fti 450 Balanul Nou 450 Balatina 570 Bezeni (floresti) 430 Bilicenii Vechi 200 Biruin\u0163a 200 Bocancea Scit 440 Boc\u0103ni 400 [&hellip;]<\/p>\n","protected":false},"author":1,"featured_media":0,"parent":0,"menu_order":0,"comment_status":"closed","ping_status":"closed","template":"template\/full-width-template.php","meta":{"footnotes":""},"class_list":["post-12140","page","type-page","status-publish","hentry"],"aioseo_notices":[],"_links":{"self":[{"href":"https:\/\/livrare-balti.md\/ro\/wp-json\/wp\/v2\/pages\/12140","targetHints":{"allow":["GET"]}}],"collection":[{"href":"https:\/\/livrare-balti.md\/ro\/wp-json\/wp\/v2\/pages"}],"about":[{"href":"https:\/\/livrare-balti.md\/ro\/wp-json\/wp\/v2\/types\/page"}],"author":[{"embeddable":true,"href":"https:\/\/livrare-balti.md\/ro\/wp-json\/wp\/v2\/users\/1"}],"replies":[{"embeddable":true,"href":"https:\/\/livrare-balti.md\/ro\/wp-json\/wp\/v2\/comments?post=12140"}],"version-history":[{"count":3,"href":"https:\/\/livrare-balti.md\/ro\/wp-json\/wp\/v2\/pages\/12140\/revisions"}],"predecessor-version":[{"id":25716,"href":"https:\/\/livrare-balti.md\/ro\/wp-json\/wp\/v2\/pages\/12140\/revisions\/25716"}],"wp:attachment":[{"href":"https:\/\/livrare-balti.md\/ro\/wp-json\/wp\/v2\/media?parent=12140"}],"curies":[{"name":"wp","href":"https:\/\/api.w.org\/{rel}","templated":true}]}}